{"id":744278,"date":"2025-08-28T01:53:29","date_gmt":"2025-08-27T22:53:29","guid":{"rendered":"https:\/\/roveyayinevi.com.tr\/index.php\/urun\/hurafeler-2-ataturke-yonelik-kara-propaganda\/"},"modified":"2026-04-16T02:55:48","modified_gmt":"2026-04-15T23:55:48","slug":"hurafeler-2-ataturke-yonelik-kara-propaganda","status":"publish","type":"product","link":"https:\/\/roveyayinevi.com.tr\/index.php\/urun\/hurafeler-2-ataturke-yonelik-kara-propaganda\/","title":{"rendered":"Hurafeler-2 \/Atat\u00fcrk\u2019e Y\u00f6nelik Kara Propaganda"},"content":{"rendered":"<p>Yazar\u0131n daha \u00f6nce kaleme ald\u0131\u011f\u0131 Atat\u00fcrk\u2019e Y\u00f6nelik Kara Propaganda\/Hurafeler adl\u0131 ilk kitab\u0131n devam\u0131 niteli\u011findeki bu kitaba HURAFELER-2 ad\u0131 verilmi\u015ftir. Elinizdeki bu kitap, T\u00fcrkiye Cumhuriyeti\u2019nin kurucusu Gazi Mustafa Kemal Atat\u00fcrk\u2019e y\u00f6nelik sistemli ve bilin\u00e7li bir \u015fekilde s\u00fcrd\u00fcr\u00fclen psikolojik sava\u015f ve kara propaganday\u0131 tek tek de\u015fifre etmek amac\u0131yla tamam\u0131 kaynaklara ve belgelere dayal\u0131 olarak b\u00fcy\u00fck bir titizlikle haz\u0131rlanm\u0131\u015ft\u0131r. \u00dcmit Do\u011fan, HURAFELER-2\u2019de de \u00e7ok say\u0131da tarih\u00ee yalan\u0131, kaynak ve belgelerle de\u015fifre ediyor. Bunlardan baz\u0131lar\u0131 \u015funlar: \u00b7         VAHDETT\u0130N ATAT\u00dcRK\u2019E M\u0130LL\u00ce M\u00dcCADELE\u2019DE KULLANMASI \u0130\u00c7\u0130N KIRK B\u0130N ALTIN VERD\u0130! \u00b7         VAHDETT\u0130N S\u00dcRG\u00dcN ED\u0130LD\u0130! \u00b7         ATAT\u00dcRK TRABZON MEBUSU AL\u0130 \u015e\u00dcKR\u00dc BEY C\u0130NAYET\u0130N\u0130N AZMETT\u0130R\u0130C\u0130S\u0130D\u0130R! \u00b7         ATAT\u00dcRK, TOPAL OSMAN\u2019DAN CANINI KURTARAB\u0130LMEK \u0130\u00c7\u0130N \u00c7AR\u015eAF G\u0130Y\u0130P KA\u00c7MI\u015eTIR! \u00b7         HUTBELERDE ATAT\u00dcRK\u2019\u00dcN ADININ ANILMASINI ATAT\u00dcRK YASAKLADI! \u00b7         SEVR ANTLA\u015eMASI \u0130MZALANMADI! \u00b7         ATAT\u00dcRK PONTUS (RUM) SOYKIRIMI YAPTI! \u00b7         ATAT\u00dcRK HAM\u0130D\u0130YE GEM\u0130S\u0130YLE R\u0130ZE\u2019Y\u0130 BOMBALATTI! \u00b7         \u0130N\u00d6N\u00dc \u201cHARF \u0130NKILABINI D\u0130N\u0130N ETK\u0130S\u0130N\u0130 AZALTMAK \u0130\u00c7\u0130N YAPTIK.\u201d DEM\u0130\u015eT\u0130R! \u00b7         \u0130N\u00d6N\u00dc, OSMANLI AR\u015e\u0130V\u0130N\u0130 BULGAR\u0130STAN\u2019A SATTI! \u00b7         ATAT\u00dcRK\u2019\u00dcN MAL VARLI\u011eI \u015eA\u0130BEL\u0130D\u0130R! <\/p>\n","protected":false},"excerpt":{"rendered":"<p>Yazar\u0131n daha \u00f6nce kaleme ald\u0131\u011f\u0131 Atat\u00fcrk\u2019e Y\u00f6nelik Kara Propaganda\/Hurafeler adl\u0131 ilk kitab\u0131n devam\u0131 niteli\u011findeki bu kitaba HURAFELER-2 ad\u0131 verilmi\u015ftir. Elinizdeki bu kitap, T\u00fcrkiye Cumhuriyeti\u2019nin kurucusu Gazi<span class=\"excerpt-hellip\"> [\u2026]<\/span><\/p>\n","protected":false},"featured_media":0,"template":"","meta":{"_monsterinsights_skip_tracking":false,"_monsterinsights_sitenote_active":false,"_monsterinsights_sitenote_note":"","_monsterinsights_sitenote_category":0},"product_brand":[],"product_cat":[12370,12304],"product_tag":[],"class_list":{"0":"post-744278","1":"product","2":"type-product","3":"status-publish","5":"product_cat-arastirma-inceleme","6":"product_cat-tarih","7":"pa_cilt-ciltsiz","8":"pa_tur-kitap","9":"pa_yayinevi-kripto-basim-yayin","10":"pa_yazar-umit-dogan","12":"first","13":"instock","14":"sale","15":"shipping-taxable","16":"purchasable","17":"product-type-simple"},"_links":{"self":[{"href":"https:\/\/roveyayinevi.com.tr\/index.php\/wp-json\/wp\/v2\/product\/744278","targetHints":{"allow":["GET"]}}],"collection":[{"href":"https:\/\/roveyayinevi.com.tr\/index.php\/wp-json\/wp\/v2\/product"}],"about":[{"href":"https:\/\/roveyayinevi.com.tr\/index.php\/wp-json\/wp\/v2\/types\/product"}],"wp:attachment":[{"href":"https:\/\/roveyayinevi.com.tr\/index.php\/wp-json\/wp\/v2\/media?parent=744278"}],"wp:term":[{"taxonomy":"product_brand","embeddable":true,"href":"https:\/\/roveyayinevi.com.tr\/index.php\/wp-json\/wp\/v2\/product_brand?post=744278"},{"taxonomy":"product_cat","embeddable":true,"href":"https:\/\/roveyayinevi.com.tr\/index.php\/wp-json\/wp\/v2\/product_cat?post=744278"},{"taxonomy":"product_tag","embeddable":true,"href":"https:\/\/roveyayinevi.com.tr\/index.php\/wp-json\/wp\/v2\/product_tag?post=744278"}],"curies":[{"name":"wp","href":"https:\/\/api.w.org\/{rel}","templated":true}]}}