{"id":744277,"date":"2025-08-28T01:53:29","date_gmt":"2025-08-27T22:53:29","guid":{"rendered":"https:\/\/roveyayinevi.com.tr\/index.php\/urun\/mevlana-recetesi\/"},"modified":"2026-04-13T03:02:38","modified_gmt":"2026-04-13T00:02:38","slug":"mevlana-recetesi","status":"publish","type":"product","link":"https:\/\/roveyayinevi.com.tr\/index.php\/urun\/mevlana-recetesi\/","title":{"rendered":"Mevlana Re\u00e7etesi"},"content":{"rendered":"<p>\u0130ran k\u00f6kenli Amerikal\u0131 yazar ve aktivist Melody Moezzi, ya\u015fad\u0131\u011f\u0131 yazar t\u0131kan\u0131kl\u0131\u011f\u0131 ve ruhsal rahats\u0131zl\u0131klar\u0131ndan s\u0131yr\u0131lmak i\u00e7in ge\u00e7mi\u015fine, k\u00fclt\u00fcr\u00fcn\u00fcn k\u00f6klerine ve babas\u0131n\u0131n okudu\u011fu \u015fiirlere, \u00f6zellikle de Mevl\u00e2n\u00e2\u2019n\u0131n Mesnevi\u2019sine y\u00f6nelir. Mesnevi\u2019den beyitleri \u00e7evirmeye, Mevl\u00e2n\u00e2 \u00e2\u015f\u0131\u011f\u0131 babas\u0131n\u0131n da yard\u0131m\u0131yla her \u015fiirde daha da derinle\u015ferek bilgelik ve i\u00e7g\u00f6r\u00fc kazanmaya, hayata daha anlaml\u0131 bakmaya ba\u015flar.Melody Moezzi ya\u015fad\u0131\u011f\u0131 d\u00f6n\u00fc\u015f\u00fcm\u00fc; bug\u00fcn\u00fcn d\u00fcnyas\u0131n\u0131n yoksunluk, yaln\u0131zl\u0131k, yal\u0131t\u0131lm\u0131\u015fl\u0131k, tela\u015f, kayg\u0131, gurur, korku, \u00f6fke, hayal k\u0131r\u0131kl\u0131\u011f\u0131, modern insan\u0131n i\u00e7inde bulundu\u011fu bitmeyen yar\u0131\u015f gibi farkl\u0131 problemlerine Mesnevi\u2019nin s\u00f6zleriyle nas\u0131l deva buldu\u011funu yal\u0131n ve ilham verici bir dille aktar\u0131yor.Moezzi, Mevl\u00e2n\u00e2 Re\u00e7etesi\u2019nde \u015fifan\u0131n, bilgeli\u011fin ve ya\u015fama g\u00fcc\u00fcn\u00fcn herkesin i\u00e7inde mevcut oldu\u011funu s\u00f6yl\u00fcyor. Okuru k\u00f6klerini aramaya, i\u00e7e bakarak derinle\u015fmeye, kadim bilgilere kulak vermeye, de\u011fi\u015fime ve yarat\u0131c\u0131 kayna\u011f\u0131 ke\u015ffetmeye davet ediyor. (Tan\u0131t\u0131m B\u00fclteninden)<\/p>\n","protected":false},"excerpt":{"rendered":"<p>\u0130ran k\u00f6kenli Amerikal\u0131 yazar ve aktivist Melody Moezzi, ya\u015fad\u0131\u011f\u0131 yazar t\u0131kan\u0131kl\u0131\u011f\u0131 ve ruhsal rahats\u0131zl\u0131klar\u0131ndan s\u0131yr\u0131lmak i\u00e7in ge\u00e7mi\u015fine, k\u00fclt\u00fcr\u00fcn\u00fcn k\u00f6klerine ve babas\u0131n\u0131n okudu\u011fu \u015fiirlere, \u00f6zellikle de Mevl\u00e2n\u00e2\u2019n\u0131n<span class=\"excerpt-hellip\"> [\u2026]<\/span><\/p>\n","protected":false},"featured_media":0,"template":"","meta":{"_monsterinsights_skip_tracking":false,"_monsterinsights_sitenote_active":false,"_monsterinsights_sitenote_note":"","_monsterinsights_sitenote_category":0},"product_brand":[],"product_cat":[12364,12376],"product_tag":[],"class_list":{"0":"post-744277","1":"product","2":"type-product","3":"status-publish","5":"product_cat-genel-konular","6":"product_cat-kisisel-gelisim","7":"pa_cilt-ciltsiz","8":"pa_tur-kitap","9":"pa_yayinevi-nemesis-kitap","10":"pa_yazar-melody-moezzi","12":"first","13":"instock","14":"sale","15":"shipping-taxable","16":"purchasable","17":"product-type-simple"},"_links":{"self":[{"href":"https:\/\/roveyayinevi.com.tr\/index.php\/wp-json\/wp\/v2\/product\/744277","targetHints":{"allow":["GET"]}}],"collection":[{"href":"https:\/\/roveyayinevi.com.tr\/index.php\/wp-json\/wp\/v2\/product"}],"about":[{"href":"https:\/\/roveyayinevi.com.tr\/index.php\/wp-json\/wp\/v2\/types\/product"}],"wp:attachment":[{"href":"https:\/\/roveyayinevi.com.tr\/index.php\/wp-json\/wp\/v2\/media?parent=744277"}],"wp:term":[{"taxonomy":"product_brand","embeddable":true,"href":"https:\/\/roveyayinevi.com.tr\/index.php\/wp-json\/wp\/v2\/product_brand?post=744277"},{"taxonomy":"product_cat","embeddable":true,"href":"https:\/\/roveyayinevi.com.tr\/index.php\/wp-json\/wp\/v2\/product_cat?post=744277"},{"taxonomy":"product_tag","embeddable":true,"href":"https:\/\/roveyayinevi.com.tr\/index.php\/wp-json\/wp\/v2\/product_tag?post=744277"}],"curies":[{"name":"wp","href":"https:\/\/api.w.org\/{rel}","templated":true}]}}