{"id":744276,"date":"2025-08-28T01:53:27","date_gmt":"2025-08-27T22:53:27","guid":{"rendered":"https:\/\/roveyayinevi.com.tr\/index.php\/urun\/birimiz-hepimiz-icin\/"},"modified":"2026-04-16T02:55:48","modified_gmt":"2026-04-15T23:55:48","slug":"birimiz-hepimiz-icin","status":"publish","type":"product","link":"https:\/\/roveyayinevi.com.tr\/index.php\/urun\/birimiz-hepimiz-icin\/","title":{"rendered":"Birimiz Hepimiz \u0130\u00e7in"},"content":{"rendered":"<p>\u015eehirler geni\u015fledik\u00e7e daralan ye\u015fil alanlar, Koca Pati ve arkada\u015flar\u0131 i\u00e7in art\u0131k bir tehdide d\u00f6n\u00fc\u015fm\u00fc\u015ft\u00fcr. Yuvalar\u0131n\u0131 kurtarmak ve g\u00fcn ge\u00e7tik\u00e7e kirlenen do\u011fay\u0131 korumak i\u00e7in harekete ge\u00e7meleri \u015fartt\u0131r.Bir gece insanlar uyurken, yapt\u0131klar\u0131 plan\u0131 uygularlar. Bu kez g\u00fcn do\u011fdu\u011funda \u015fa\u015f\u0131racak olanlar hayvan dostlar\u0131m\u0131z de\u011fildir.\u00d6zlem Ate\u015f\u2019in \u00e7evre bilinci ve do\u011fa sevgisi \u00fczerine yazd\u0131\u011f\u0131 bu keyifli hik\u00e2yeyle hem hayvanlar\u0131 hem de insan ve do\u011fa aras\u0131ndaki vazge\u00e7ilmez ba\u011f\u0131 bir kezdaha anlayacaks\u0131n\u0131z.\u015eimdi empati kurman\u0131n tam zaman\u0131&#8230;Kazan\u0131mlar:Do\u011fa sevgisiFark\u0131ndal\u0131k\u00c7evre bilinciEmpati<\/p>\n","protected":false},"excerpt":{"rendered":"<p>\u015eehirler geni\u015fledik\u00e7e daralan ye\u015fil alanlar, Koca Pati ve arkada\u015flar\u0131 i\u00e7in art\u0131k bir tehdide d\u00f6n\u00fc\u015fm\u00fc\u015ft\u00fcr. Yuvalar\u0131n\u0131 kurtarmak ve g\u00fcn ge\u00e7tik\u00e7e kirlenen do\u011fay\u0131 korumak i\u00e7in harekete ge\u00e7meleri \u015fartt\u0131r.Bir<span class=\"excerpt-hellip\"> [\u2026]<\/span><\/p>\n","protected":false},"featured_media":0,"template":"","meta":{"_monsterinsights_skip_tracking":false,"_monsterinsights_sitenote_active":false,"_monsterinsights_sitenote_note":"","_monsterinsights_sitenote_category":0},"product_brand":[],"product_cat":[12274,12523],"product_tag":[],"class_list":{"0":"post-744276","1":"product","2":"type-product","3":"status-publish","5":"product_cat-cocuk-ve-genclik-kitaplari","6":"product_cat-masallar","7":"pa_cilt-ciltsiz","8":"pa_tur-kitap","9":"pa_yayinevi-masalperest-ozel-urun","10":"pa_yazar-ozlem-ates","12":"first","13":"instock","14":"sale","15":"shipping-taxable","16":"purchasable","17":"product-type-simple"},"_links":{"self":[{"href":"https:\/\/roveyayinevi.com.tr\/index.php\/wp-json\/wp\/v2\/product\/744276","targetHints":{"allow":["GET"]}}],"collection":[{"href":"https:\/\/roveyayinevi.com.tr\/index.php\/wp-json\/wp\/v2\/product"}],"about":[{"href":"https:\/\/roveyayinevi.com.tr\/index.php\/wp-json\/wp\/v2\/types\/product"}],"wp:attachment":[{"href":"https:\/\/roveyayinevi.com.tr\/index.php\/wp-json\/wp\/v2\/media?parent=744276"}],"wp:term":[{"taxonomy":"product_brand","embeddable":true,"href":"https:\/\/roveyayinevi.com.tr\/index.php\/wp-json\/wp\/v2\/product_brand?post=744276"},{"taxonomy":"product_cat","embeddable":true,"href":"https:\/\/roveyayinevi.com.tr\/index.php\/wp-json\/wp\/v2\/product_cat?post=744276"},{"taxonomy":"product_tag","embeddable":true,"href":"https:\/\/roveyayinevi.com.tr\/index.php\/wp-json\/wp\/v2\/product_tag?post=744276"}],"curies":[{"name":"wp","href":"https:\/\/api.w.org\/{rel}","templated":true}]}}