{"id":744275,"date":"2025-08-28T01:53:26","date_gmt":"2025-08-27T22:53:26","guid":{"rendered":"https:\/\/roveyayinevi.com.tr\/index.php\/urun\/kizlarim-buyurken\/"},"modified":"2026-04-16T02:55:48","modified_gmt":"2026-04-15T23:55:48","slug":"kizlarim-buyurken","status":"publish","type":"product","link":"https:\/\/roveyayinevi.com.tr\/index.php\/urun\/kizlarim-buyurken\/","title":{"rendered":"K\u0131zlar\u0131m B\u00fcy\u00fcrken"},"content":{"rendered":"<p>Baba olmadan \u00f6nce fark edilemeyen, g\u00fcnl\u00fck hayat\u0131n sakl\u0131 ve g\u00fcl\u00fcmseten anlar\u0131na ili\u015fkin derinlikli bir g\u00f6zlem. Ebeveynlik deyince genellikle annelerin hikayelerini dinleriz, peki ya babalar? Bazen sorumluluk bazen sakarl\u0131k, kimi zaman g\u00fc\u00e7l\u00fc olmak kimi zaman yumu\u015fakl\u0131k aras\u0131nda de\u011fi\u015fen o gri alanda babal\u0131k duygusuyla ya\u015famak nas\u0131ld\u0131r? \u00c7oksatan \u0130talyan yazar Matteo Bussola, sevdiklerimizle payla\u015ft\u0131\u011f\u0131m\u0131z her an\u0131n de\u011ferini ve bug\u00fcn\u00fc kucaklaman\u0131n, hayattaki basit \u015feyleri takdir etmenin biricik ve de\u011ferli anlar\u0131na odaklan\u0131yor. K\u0131\u015f, ilkbahar, yaz ve sonbahar olarak d\u00f6rt b\u00f6l\u00fcmden olu\u015fan kitap, t\u0131pk\u0131 do\u011fan\u0131n e\u015fsiz d\u00f6ng\u00fcs\u00fc gibi ya\u015fam\u0131n farkl\u0131 mevsimlerini ve ebeveynlik h\u00e2llerini takip ediyor. Bazen dokunakl\u0131 bazen de g\u00fcl\u00fcmseten an\u0131lardan olu\u015fan bu tatl\u0131 ve b\u00fcy\u00fcleyici kitap, babal\u0131\u011fa dair s\u0131ms\u0131cak an\u0131lar aktar\u0131yor.<\/p>\n","protected":false},"excerpt":{"rendered":"<p>Baba olmadan \u00f6nce fark edilemeyen, g\u00fcnl\u00fck hayat\u0131n sakl\u0131 ve g\u00fcl\u00fcmseten anlar\u0131na ili\u015fkin derinlikli bir g\u00f6zlem. Ebeveynlik deyince genellikle annelerin hikayelerini dinleriz, peki ya babalar? Bazen sorumluluk<span class=\"excerpt-hellip\"> [\u2026]<\/span><\/p>\n","protected":false},"featured_media":0,"template":"","meta":{"_monsterinsights_skip_tracking":false,"_monsterinsights_sitenote_active":false,"_monsterinsights_sitenote_note":"","_monsterinsights_sitenote_category":0},"product_brand":[],"product_cat":[14787,13488],"product_tag":[],"class_list":{"0":"post-744275","1":"product","2":"type-product","3":"status-publish","5":"product_cat-diger-toplum-ve-insan","6":"product_cat-toplum-ve-insan","7":"pa_cilt-ciltsiz","8":"pa_tur-kitap","9":"pa_yayinevi-serenad-yayinevi","10":"pa_yazar-matteo-bussola","12":"first","13":"instock","14":"sale","15":"shipping-taxable","16":"purchasable","17":"product-type-simple"},"_links":{"self":[{"href":"https:\/\/roveyayinevi.com.tr\/index.php\/wp-json\/wp\/v2\/product\/744275","targetHints":{"allow":["GET"]}}],"collection":[{"href":"https:\/\/roveyayinevi.com.tr\/index.php\/wp-json\/wp\/v2\/product"}],"about":[{"href":"https:\/\/roveyayinevi.com.tr\/index.php\/wp-json\/wp\/v2\/types\/product"}],"wp:attachment":[{"href":"https:\/\/roveyayinevi.com.tr\/index.php\/wp-json\/wp\/v2\/media?parent=744275"}],"wp:term":[{"taxonomy":"product_brand","embeddable":true,"href":"https:\/\/roveyayinevi.com.tr\/index.php\/wp-json\/wp\/v2\/product_brand?post=744275"},{"taxonomy":"product_cat","embeddable":true,"href":"https:\/\/roveyayinevi.com.tr\/index.php\/wp-json\/wp\/v2\/product_cat?post=744275"},{"taxonomy":"product_tag","embeddable":true,"href":"https:\/\/roveyayinevi.com.tr\/index.php\/wp-json\/wp\/v2\/product_tag?post=744275"}],"curies":[{"name":"wp","href":"https:\/\/api.w.org\/{rel}","templated":true}]}}