{"id":744272,"date":"2025-08-28T01:53:23","date_gmt":"2025-08-27T22:53:23","guid":{"rendered":"https:\/\/roveyayinevi.com.tr\/index.php\/urun\/sen-bir-sey-degil-her-bir-seysin\/"},"modified":"2026-04-16T02:55:48","modified_gmt":"2026-04-15T23:55:48","slug":"sen-bir-sey-degil-her-bir-seysin","status":"publish","type":"product","link":"https:\/\/roveyayinevi.com.tr\/index.php\/urun\/sen-bir-sey-degil-her-bir-seysin\/","title":{"rendered":"Sen Bir \u015eey De\u011fil Her Bir \u015eeysin"},"content":{"rendered":"<p>Bug\u00fcn, hayat\u0131n\u0131n en \u00f6zel an\u0131na tan\u0131kl\u0131k edeceksin. Elinde tuttu\u011fun bu kitapla kendine uzanan bir yolculu\u011fa \u00e7\u0131kacaks\u0131n. U\u00e7uk ruhunda a\u011f\u0131rlad\u0131\u011f\u0131n misafirlerinle heyecandan yerinde duramayacaks\u0131n&#8230;   Bah\u00e7endeki her bir \u00e7i\u00e7ek hayat\u0131na anlam katacak. Her bir \u015feyi, sana arma\u011fan olan bu \u00e7i\u00e7eklerden \u00f6\u011freneceksin. D\u00fcnyan\u0131n her bir yerinden gelen misafirlerinin a\u011f\u0131rl\u0131\u011f\u0131 ye\u015filindeki \u00e7i\u00e7eklere yans\u0131yacak, tependeki mavili\u011finde u\u00e7u\u015fan ku\u015flar ruhuna konacak. Senin bu reng\u00e2renk g\u00fcn\u00fcn, d\u00f6n\u00fcm noktan olacak ve sonsuzlu\u011fa kadar ula\u015facak\u2026 <\/p>\n","protected":false},"excerpt":{"rendered":"<p>Bug\u00fcn, hayat\u0131n\u0131n en \u00f6zel an\u0131na tan\u0131kl\u0131k edeceksin. Elinde tuttu\u011fun bu kitapla kendine uzanan bir yolculu\u011fa \u00e7\u0131kacaks\u0131n. U\u00e7uk ruhunda a\u011f\u0131rlad\u0131\u011f\u0131n misafirlerinle heyecandan yerinde duramayacaks\u0131n&#8230; Bah\u00e7endeki her bir<span class=\"excerpt-hellip\"> [\u2026]<\/span><\/p>\n","protected":false},"featured_media":0,"template":"","meta":{"_monsterinsights_skip_tracking":false,"_monsterinsights_sitenote_active":false,"_monsterinsights_sitenote_note":"","_monsterinsights_sitenote_category":0},"product_brand":[],"product_cat":[12364,12376],"product_tag":[],"class_list":{"0":"post-744272","1":"product","2":"type-product","3":"status-publish","5":"product_cat-genel-konular","6":"product_cat-kisisel-gelisim","7":"pa_cilt-ciltsiz","8":"pa_tur-kitap","9":"pa_yayinevi-perseus","10":"pa_yazar-murat-terlemez","12":"first","13":"instock","14":"sale","15":"shipping-taxable","16":"purchasable","17":"product-type-simple"},"_links":{"self":[{"href":"https:\/\/roveyayinevi.com.tr\/index.php\/wp-json\/wp\/v2\/product\/744272","targetHints":{"allow":["GET"]}}],"collection":[{"href":"https:\/\/roveyayinevi.com.tr\/index.php\/wp-json\/wp\/v2\/product"}],"about":[{"href":"https:\/\/roveyayinevi.com.tr\/index.php\/wp-json\/wp\/v2\/types\/product"}],"wp:attachment":[{"href":"https:\/\/roveyayinevi.com.tr\/index.php\/wp-json\/wp\/v2\/media?parent=744272"}],"wp:term":[{"taxonomy":"product_brand","embeddable":true,"href":"https:\/\/roveyayinevi.com.tr\/index.php\/wp-json\/wp\/v2\/product_brand?post=744272"},{"taxonomy":"product_cat","embeddable":true,"href":"https:\/\/roveyayinevi.com.tr\/index.php\/wp-json\/wp\/v2\/product_cat?post=744272"},{"taxonomy":"product_tag","embeddable":true,"href":"https:\/\/roveyayinevi.com.tr\/index.php\/wp-json\/wp\/v2\/product_tag?post=744272"}],"curies":[{"name":"wp","href":"https:\/\/api.w.org\/{rel}","templated":true}]}}