{"id":744271,"date":"2025-08-28T01:53:21","date_gmt":"2025-08-27T22:53:21","guid":{"rendered":"https:\/\/roveyayinevi.com.tr\/index.php\/urun\/kronmatron-x\/"},"modified":"2026-04-16T02:55:48","modified_gmt":"2026-04-15T23:55:48","slug":"kronmatron-x","status":"publish","type":"product","link":"https:\/\/roveyayinevi.com.tr\/index.php\/urun\/kronmatron-x\/","title":{"rendered":"Kronmatron X"},"content":{"rendered":"<p>Onlar m\u00fclteciydiler. Ama s\u0131\u011f\u0131nacak bir \u00fclkeye de\u011fil, yeni bir evrene ihtiya\u00e7lar\u0131 vard\u0131.   Sene 2000\u2026 \u00dcnl\u00fc bir moda tasar\u0131mc\u0131s\u0131n\u0131n k\u0131z\u0131 olan 9. s\u0131n\u0131f \u00f6\u011frencisi Melis\u2019in ne kendisini g\u00f6zetleyen kargalar ne de ald\u0131\u011f\u0131 \u201cBedel \u00f6deme vakti yakla\u015f\u0131yor\u2026\u201d yazan uyar\u0131 mesajlar\u0131 umurundad\u0131r. Onun tek derdi pop y\u0131ld\u0131z\u0131 Aylin Ada\u2019y\u0131 ge\u00e7mek ve erkek arkada\u015f\u0131 Bat\u0131\u2019y\u0131 elinde tutmakt\u0131r. Melis\u2019in hayalleri Korhan adl\u0131 gizemli kom\u015fusu sayesinde eline ge\u00e7irdi\u011fi, hen\u00fcz \u00fcne kavu\u015famadan \u00f6len Lady Gaga isimli bir sanat\u00e7\u0131n\u0131n piyasaya s\u00fcr\u00fclmemi\u015f alb\u00fcm\u00fcndeki par\u00e7alar\u0131 kullanarak d\u00fcnya \u00e7ap\u0131nda bir stara d\u00f6n\u00fc\u015fmesiyle bir anda ger\u00e7ekle\u015fir. \u00c7\u0131kt\u0131\u011f\u0131 d\u00fcnya turnesinin sonunda ailesine, evine ve hatta kendisine yabanc\u0131la\u015fmaya ba\u015flayan Melis, ge\u00e7irdi\u011fi sinir krizleri nedeniyle yat\u0131r\u0131ld\u0131\u011f\u0131 psikiyatri klini\u011finde bir ba\u015fkas\u0131na ait an\u0131lar\u0131n beynine akmaya ba\u015flamas\u0131yla ba\u015fka bir evrene ait oldu\u011funu iddia etmeye ba\u015flar.   Peki Melis akl\u0131n\u0131 m\u0131 ka\u00e7\u0131rm\u0131\u015ft\u0131r yoksa ger\u00e7ekten de iddia etti\u011fi gibi ba\u015fka bir evrenden mi geliyordur? Yazar\u0131n se\u00e7ti\u011fi m\u00fcziklerle ve tasarlad\u0131\u011f\u0131 karakter g\u00f6rselleri ile okuyaca\u011f\u0131n\u0131z Kronmatron X; Melis ve arkada\u015flar\u0131n\u0131n ba\u015fka ger\u00e7ekliklere yapt\u0131klar\u0131 uzun bir yolculu\u011fun sadece ba\u015flang\u0131c\u0131\u2026. <\/p>\n","protected":false},"excerpt":{"rendered":"<p>Onlar m\u00fclteciydiler. Ama s\u0131\u011f\u0131nacak bir \u00fclkeye de\u011fil, yeni bir evrene ihtiya\u00e7lar\u0131 vard\u0131. Sene 2000\u2026 \u00dcnl\u00fc bir moda tasar\u0131mc\u0131s\u0131n\u0131n k\u0131z\u0131 olan 9. s\u0131n\u0131f \u00f6\u011frencisi Melis\u2019in ne kendisini<span class=\"excerpt-hellip\"> [\u2026]<\/span><\/p>\n","protected":false},"featured_media":0,"template":"","meta":{"_monsterinsights_skip_tracking":false,"_monsterinsights_sitenote_active":false,"_monsterinsights_sitenote_note":"","_monsterinsights_sitenote_category":0},"product_brand":[],"product_cat":[12540,12291],"product_tag":[],"class_list":{"0":"post-744271","1":"product","2":"type-product","3":"status-publish","5":"product_cat-bilim-kurgu","6":"product_cat-edebiyat","7":"pa_cilt-ciltsiz","8":"pa_tur-kitap","9":"pa_yayinevi-perseus","10":"pa_yazar-manolya-besant","12":"first","13":"instock","14":"sale","15":"shipping-taxable","16":"purchasable","17":"product-type-simple"},"_links":{"self":[{"href":"https:\/\/roveyayinevi.com.tr\/index.php\/wp-json\/wp\/v2\/product\/744271","targetHints":{"allow":["GET"]}}],"collection":[{"href":"https:\/\/roveyayinevi.com.tr\/index.php\/wp-json\/wp\/v2\/product"}],"about":[{"href":"https:\/\/roveyayinevi.com.tr\/index.php\/wp-json\/wp\/v2\/types\/product"}],"wp:attachment":[{"href":"https:\/\/roveyayinevi.com.tr\/index.php\/wp-json\/wp\/v2\/media?parent=744271"}],"wp:term":[{"taxonomy":"product_brand","embeddable":true,"href":"https:\/\/roveyayinevi.com.tr\/index.php\/wp-json\/wp\/v2\/product_brand?post=744271"},{"taxonomy":"product_cat","embeddable":true,"href":"https:\/\/roveyayinevi.com.tr\/index.php\/wp-json\/wp\/v2\/product_cat?post=744271"},{"taxonomy":"product_tag","embeddable":true,"href":"https:\/\/roveyayinevi.com.tr\/index.php\/wp-json\/wp\/v2\/product_tag?post=744271"}],"curies":[{"name":"wp","href":"https:\/\/api.w.org\/{rel}","templated":true}]}}