{"id":744270,"date":"2025-08-28T01:53:20","date_gmt":"2025-08-27T22:53:20","guid":{"rendered":"https:\/\/roveyayinevi.com.tr\/index.php\/urun\/william-shakespeare\/"},"modified":"2026-04-16T02:55:48","modified_gmt":"2026-04-15T23:55:48","slug":"william-shakespeare","status":"publish","type":"product","link":"https:\/\/roveyayinevi.com.tr\/index.php\/urun\/william-shakespeare\/","title":{"rendered":"William Shakespeare"},"content":{"rendered":"<p>Edebiyat ve k\u00fclt\u00fcr kuram\u0131na yapt\u0131\u011f\u0131 dahiyane katk\u0131larla tan\u0131nan Terry Eagleton, bu kitab\u0131nda Bat\u0131 Kanonu\u2019nun merkezinde duran Shakespeare\u2019in oyunlar\u0131n\u0131 g\u00f6stergebilimsel d\u00fc\u015f\u00fcnceleri \u0131\u015f\u0131\u011f\u0131nda cesur ve \u00f6zg\u00fcn bir \u015fekilde yeniden yorumluyor. Klasik ve postmodern teorilerde ele al\u0131nan bir\u00e7ok kavram aras\u0131ndaki ili\u015fkiyi, Shakespeareyen tiyatronun bir dizi sorununu ayd\u0131nlatmak \u00fczere irdeliyor. Eagleton b\u00f6ylelikle, Shakespeare\u2019in oyunlar\u0131ndaki ikircikli meselelerin veya \u00e7eli\u015fik duygular\u0131n alt\u0131nda yatan\u0131n, \u00e7ok daha derindeki bir ideolojik \u00e7at\u0131\u015fma oldu\u011funu g\u00fcn y\u00fcz\u00fcne \u00e7\u0131kar\u0131yor. Edebiyat ve tiyatroyla ilgilenenler kadar sosyoloji, felsefe ve politika kav\u015fa\u011f\u0131nda bulunanlar i\u00e7in de \u00e7a\u011fr\u0131\u015f\u0131m g\u00fcc\u00fc y\u00fcksek bir ba\u015fvuru kayna\u011f\u0131\u2026 <\/p>\n","protected":false},"excerpt":{"rendered":"<p>Edebiyat ve k\u00fclt\u00fcr kuram\u0131na yapt\u0131\u011f\u0131 dahiyane katk\u0131larla tan\u0131nan Terry Eagleton, bu kitab\u0131nda Bat\u0131 Kanonu\u2019nun merkezinde duran Shakespeare\u2019in oyunlar\u0131n\u0131 g\u00f6stergebilimsel d\u00fc\u015f\u00fcnceleri \u0131\u015f\u0131\u011f\u0131nda cesur ve \u00f6zg\u00fcn bir \u015fekilde<span class=\"excerpt-hellip\"> [\u2026]<\/span><\/p>\n","protected":false},"featured_media":0,"template":"","meta":{"_monsterinsights_skip_tracking":false,"_monsterinsights_sitenote_active":false,"_monsterinsights_sitenote_note":"","_monsterinsights_sitenote_category":0},"product_brand":[],"product_cat":[13072,12291],"product_tag":[],"class_list":{"0":"post-744270","1":"product","2":"type-product","3":"status-publish","5":"product_cat-arastirma-inceleme-referans","6":"product_cat-edebiyat","7":"pa_cilt-ciltsiz","8":"pa_tur-kitap","9":"pa_yayinevi-ketebe-yayinlari","10":"pa_yazar-terry-eagleton","12":"first","13":"instock","14":"sale","15":"shipping-taxable","16":"purchasable","17":"product-type-simple"},"_links":{"self":[{"href":"https:\/\/roveyayinevi.com.tr\/index.php\/wp-json\/wp\/v2\/product\/744270","targetHints":{"allow":["GET"]}}],"collection":[{"href":"https:\/\/roveyayinevi.com.tr\/index.php\/wp-json\/wp\/v2\/product"}],"about":[{"href":"https:\/\/roveyayinevi.com.tr\/index.php\/wp-json\/wp\/v2\/types\/product"}],"wp:attachment":[{"href":"https:\/\/roveyayinevi.com.tr\/index.php\/wp-json\/wp\/v2\/media?parent=744270"}],"wp:term":[{"taxonomy":"product_brand","embeddable":true,"href":"https:\/\/roveyayinevi.com.tr\/index.php\/wp-json\/wp\/v2\/product_brand?post=744270"},{"taxonomy":"product_cat","embeddable":true,"href":"https:\/\/roveyayinevi.com.tr\/index.php\/wp-json\/wp\/v2\/product_cat?post=744270"},{"taxonomy":"product_tag","embeddable":true,"href":"https:\/\/roveyayinevi.com.tr\/index.php\/wp-json\/wp\/v2\/product_tag?post=744270"}],"curies":[{"name":"wp","href":"https:\/\/api.w.org\/{rel}","templated":true}]}}