{"id":744269,"date":"2025-08-28T01:53:18","date_gmt":"2025-08-27T22:53:18","guid":{"rendered":"https:\/\/roveyayinevi.com.tr\/index.php\/urun\/turkce-ulkesinde-sarsinti\/"},"modified":"2026-04-16T02:55:48","modified_gmt":"2026-04-15T23:55:48","slug":"turkce-ulkesinde-sarsinti","status":"publish","type":"product","link":"https:\/\/roveyayinevi.com.tr\/index.php\/urun\/turkce-ulkesinde-sarsinti\/","title":{"rendered":"T\u00fcrk\u00e7e \u00dclkesinde Sars\u0131nt\u0131"},"content":{"rendered":"<p>\u201cEle\u015ftiri kimi zaman bir ayk\u0131r\u0131 davran\u0131\u015f\u0131 d\u00fczeltme, kimi zaman be\u011fenilmedik bir i\u015f, eylem ve nesnenin eksikli\u011fini dile getirme; yeri geldi\u011finde \u00e7ekinmezce davranan\u0131 zarars\u0131z bir dokunu\u015fla uyarma, yeri geldi\u011finde bir yol bilmezi can ac\u0131tan bir i\u011fnelemeyle do\u011fru y\u00f6ne k\u0131lavuzlama; ara s\u0131ra ne dedi\u011fini bilmezi kendine getirici bir dokundurma, ara s\u0131ra s\u0131n\u0131r\u0131 a\u015fan\u0131 yoluna koyucu bir paylama; zaman zaman bo\u015f keseden atanlara \u2018peh peh\u2019 diyen bir alays\u0131 \u00f6v\u00fc\u015f, zaman zaman da \u015faplak kadar etkili bir s\u00f6zl\u00fc vuru\u015ftur.\u201d Bu kitapta Prof. Dr. Mertol Tulum\u2019un uzun y\u0131llara yay\u0131lan ve \u00e7e\u015fitli mecralarda yay\u0131mlanm\u0131\u015f ele\u015ftiri t\u00fcr\u00fcndeki yaz\u0131lar\u0131 yer al\u0131yor. Medya ve bas\u0131nda kullan\u0131lan kimi c\u00fcmlelerin tek tek incelenerek anlat\u0131m bozukluklar\u0131n\u0131n tespit edildi\u011fi \u201cYa\u015fayan T\u00fcrk\u00e7emiz\u201d adl\u0131 yaz\u0131 ile ba\u015flayan bu eser; yaz\u0131m k\u0131lavuzlar\u0131m\u0131z, eski metin ne\u015frinde dikkat edilmesi gereken hususlar, Men\u00e2k\u0131bu\u2019l- Kudsiyye\u2019nin edisyonu ile alakal\u0131 kimi problemler ve yazma metin kar\u015f\u0131la\u015ft\u0131rmalar\u0131 gibi pek \u00e7ok meseleye temas ediyor. Mertol Tulum, uzun zamand\u0131r bombo\u015f kalm\u0131\u015f ele\u015ftiri alan\u0131na nefes olacak bu eseriyle filolojik yay\u0131m d\u00fcnyas\u0131na katk\u0131 sa\u011flamay\u0131 gaye ediniyor.<\/p>\n","protected":false},"excerpt":{"rendered":"<p>\u201cEle\u015ftiri kimi zaman bir ayk\u0131r\u0131 davran\u0131\u015f\u0131 d\u00fczeltme, kimi zaman be\u011fenilmedik bir i\u015f, eylem ve nesnenin eksikli\u011fini dile getirme; yeri geldi\u011finde \u00e7ekinmezce davranan\u0131 zarars\u0131z bir dokunu\u015fla uyarma,<span class=\"excerpt-hellip\"> [\u2026]<\/span><\/p>\n","protected":false},"featured_media":0,"template":"","meta":{"_monsterinsights_skip_tracking":false,"_monsterinsights_sitenote_active":false,"_monsterinsights_sitenote_note":"","_monsterinsights_sitenote_category":0},"product_brand":[],"product_cat":[13072,12291],"product_tag":[],"class_list":{"0":"post-744269","1":"product","2":"type-product","3":"status-publish","5":"product_cat-arastirma-inceleme-referans","6":"product_cat-edebiyat","7":"pa_cilt-ciltsiz","8":"pa_tur-kitap","9":"pa_yayinevi-ketebe-yayinlari","10":"pa_yazar-mertol-tulum","12":"first","13":"instock","14":"sale","15":"shipping-taxable","16":"purchasable","17":"product-type-simple"},"_links":{"self":[{"href":"https:\/\/roveyayinevi.com.tr\/index.php\/wp-json\/wp\/v2\/product\/744269","targetHints":{"allow":["GET"]}}],"collection":[{"href":"https:\/\/roveyayinevi.com.tr\/index.php\/wp-json\/wp\/v2\/product"}],"about":[{"href":"https:\/\/roveyayinevi.com.tr\/index.php\/wp-json\/wp\/v2\/types\/product"}],"wp:attachment":[{"href":"https:\/\/roveyayinevi.com.tr\/index.php\/wp-json\/wp\/v2\/media?parent=744269"}],"wp:term":[{"taxonomy":"product_brand","embeddable":true,"href":"https:\/\/roveyayinevi.com.tr\/index.php\/wp-json\/wp\/v2\/product_brand?post=744269"},{"taxonomy":"product_cat","embeddable":true,"href":"https:\/\/roveyayinevi.com.tr\/index.php\/wp-json\/wp\/v2\/product_cat?post=744269"},{"taxonomy":"product_tag","embeddable":true,"href":"https:\/\/roveyayinevi.com.tr\/index.php\/wp-json\/wp\/v2\/product_tag?post=744269"}],"curies":[{"name":"wp","href":"https:\/\/api.w.org\/{rel}","templated":true}]}}