{"id":744264,"date":"2025-08-28T01:53:12","date_gmt":"2025-08-27T22:53:12","guid":{"rendered":"https:\/\/roveyayinevi.com.tr\/index.php\/urun\/kaybolmus-ruhlar-sarayi-2-senterianin-varisi-ciltli\/"},"modified":"2026-04-16T02:55:48","modified_gmt":"2026-04-15T23:55:48","slug":"kaybolmus-ruhlar-sarayi-2-senterianin-varisi-ciltli","status":"publish","type":"product","link":"https:\/\/roveyayinevi.com.tr\/index.php\/urun\/kaybolmus-ruhlar-sarayi-2-senterianin-varisi-ciltli\/","title":{"rendered":"Kaybolmu\u015f Ruhlar Saray\u0131 2 Senterian\u0131n Varisi Ciltli"},"content":{"rendered":"<p>Nefret ve iktidar sava\u015f\u0131n\u0131n ortas\u0131nda do\u011fan bir a\u015fktan daha \u00fcmitsizi var m\u0131d\u0131r?Kitana, Zirakov\u2019a geri d\u00f6ner fakat hi\u00e7bir \u015fey b\u0131rakt\u0131\u011f\u0131 gibi de\u011fildir. Karde\u015fi Armin hari\u00e7, ailesinin tamam\u0131 ona s\u0131rt \u00e7evirmi\u015ftir. \u00dcstelik Zirakov halk\u0131 onu art\u0131k prensesleri olarak de\u011fil, Vincent\u2019in kar\u0131s\u0131 olarak g\u00f6rmektedir. T\u00fcm bu karma\u015fan\u0131n i\u00e7inde Kitana, hi\u00e7 beklemedi\u011fi bir yerden vurulunca yolu Zirakov\u2019un \u00fcnl\u00fc ressam\u0131 Leonardo Clifford ile birle\u015fir.Vincent\u2019in \u00f6fkesi da\u011flar\u0131 delip ge\u00e7ecek kadar g\u00fc\u00e7l\u00fcd\u00fcr. Kendini kaybetmi\u015f ve i\u00e7indeki vah\u015feti g\u00fcn y\u00fcz\u00fcne \u00e7\u0131karm\u0131\u015ft\u0131r. Kalbindeki cam k\u0131r\u0131klar\u0131na ra\u011fmen verdi\u011fi karardan pi\u015fmand\u0131r. \u00c7evresindeki herkes ona \u00fcmidini kesmesini s\u00f6yler ancak o Kitana\u2019y\u0131 Zirakov\u2019dan almaya kararl\u0131d\u0131r. Bu, kendisi dahil her \u015feyi yak\u0131p y\u0131kmak u\u011fruna olsa bile\u2026Dilara Keskin Kaybolmu\u015f Ruhlar Saray\u0131 II: Senteria\u2019n\u0131n V\u00e2risi ile okurlar\u0131 tarihin gizemli odalar\u0131nda dola\u015ft\u0131rmaya devam ediyor. A\u015fk ve ihanet, serinin ikinci kitab\u0131nda daha derin ve kal\u0131c\u0131 izler b\u0131rak\u0131yor.<\/p>\n","protected":false},"excerpt":{"rendered":"<p>Nefret ve iktidar sava\u015f\u0131n\u0131n ortas\u0131nda do\u011fan bir a\u015fktan daha \u00fcmitsizi var m\u0131d\u0131r?Kitana, Zirakov\u2019a geri d\u00f6ner fakat hi\u00e7bir \u015fey b\u0131rakt\u0131\u011f\u0131 gibi de\u011fildir. Karde\u015fi Armin hari\u00e7, ailesinin tamam\u0131<span class=\"excerpt-hellip\"> [\u2026]<\/span><\/p>\n","protected":false},"featured_media":0,"template":"","meta":{"_monsterinsights_skip_tracking":false,"_monsterinsights_sitenote_active":false,"_monsterinsights_sitenote_note":"","_monsterinsights_sitenote_category":0},"product_brand":[],"product_cat":[12291,12711],"product_tag":[],"class_list":{"0":"post-744264","1":"product","2":"type-product","3":"status-publish","5":"product_cat-edebiyat","6":"product_cat-roman-oyku","7":"pa_cilt-ciltli","8":"pa_tur-kitap","9":"pa_yayinevi-ephesus-yayinlari","10":"pa_yazar-dilara-keskin","12":"first","13":"instock","14":"sale","15":"shipping-taxable","16":"purchasable","17":"product-type-simple"},"_links":{"self":[{"href":"https:\/\/roveyayinevi.com.tr\/index.php\/wp-json\/wp\/v2\/product\/744264","targetHints":{"allow":["GET"]}}],"collection":[{"href":"https:\/\/roveyayinevi.com.tr\/index.php\/wp-json\/wp\/v2\/product"}],"about":[{"href":"https:\/\/roveyayinevi.com.tr\/index.php\/wp-json\/wp\/v2\/types\/product"}],"wp:attachment":[{"href":"https:\/\/roveyayinevi.com.tr\/index.php\/wp-json\/wp\/v2\/media?parent=744264"}],"wp:term":[{"taxonomy":"product_brand","embeddable":true,"href":"https:\/\/roveyayinevi.com.tr\/index.php\/wp-json\/wp\/v2\/product_brand?post=744264"},{"taxonomy":"product_cat","embeddable":true,"href":"https:\/\/roveyayinevi.com.tr\/index.php\/wp-json\/wp\/v2\/product_cat?post=744264"},{"taxonomy":"product_tag","embeddable":true,"href":"https:\/\/roveyayinevi.com.tr\/index.php\/wp-json\/wp\/v2\/product_tag?post=744264"}],"curies":[{"name":"wp","href":"https:\/\/api.w.org\/{rel}","templated":true}]}}