{"id":744263,"date":"2025-08-28T01:53:11","date_gmt":"2025-08-27T22:53:11","guid":{"rendered":"https:\/\/roveyayinevi.com.tr\/index.php\/urun\/sufiler\/"},"modified":"2026-04-16T02:55:47","modified_gmt":"2026-04-15T23:55:47","slug":"sufiler","status":"publish","type":"product","link":"https:\/\/roveyayinevi.com.tr\/index.php\/urun\/sufiler\/","title":{"rendered":"Sufiler"},"content":{"rendered":"<p>\u201c\u015eARAPSIZ SARHO\u015e; YEMEKS\u0130Z DOYMU\u015e; HUZURSUZ; A\u00c7 VE UYKUSUZ; M\u00dcTEVAZI KAFTANI ALTINDA B\u0130R KRAL; HARABELERDE BULUNAN B\u0130R HAZ\u0130NE; HAVADAN TOPRAKTAN DE\u011e\u0130L, ATE\u015eTEN SUDAN DE\u011e\u0130L, SINIRSIZ B\u0130R DEN\u0130ZD\u0130R. Y\u00dcZLERCE AYI, G\u00d6\u011e\u00dc VE G\u00dcNE\u015e\u0130 VAR; K\u0130TAPTAN OKUYAN B\u0130R HOCA DE\u011e\u0130L O, EVRENSEL GER\u00c7E\u011e\u0130N B\u0130LGES\u0130D\u0130R.\u201d  \u2013 RUM\u0130   Geleneksel manevi d\u00fc\u015f\u00fcnceyi modern d\u00fcnyaya uyarlayan en \u00f6nemli i\u015f\u00e7i olarak tan\u0131mlanan, 20. y\u00fczy\u0131l\u0131n \u00f6nde gelen d\u00fc\u015f\u00fcn\u00fcrlerinden kabul edilen \u0130dris \u015eah\u2019\u0131n ba\u015fyap\u0131t\u0131 olan Sufiler, okuyucular\u0131n\u0131 Sufi fikirlerine yakla\u015fmaya ve onlar\u0131 test etmeye davet ediyor. Sufi d\u00fc\u015f\u00fcncesi ve eylemi \u00fczerine geni\u015f bir tarihsel ve k\u00fclt\u00fcrel ba\u011flam olu\u015fturdu\u011fu, ne duygusal ne de akademik olan bu kitapla, yaz\u0131l\u0131 bir eserin tasavvuf deneyimine en yak\u0131n \u015feyi sunuyor. Eserleri d\u00fcnya \u00e7ap\u0131nda 12 dile \u00e7evrilen, 15 milyondan fazla satan ve bir\u00e7ok \u00f6d\u00fcle lay\u0131k g\u00f6r\u00fclen \u0130dris \u015eah, Ferid\u00fcddin-i Attar\u2019dan Rumi\u2019ye, Aziz Augustinus\u2019tan ismini gizleyenlere dek her inan\u00e7ta ve her co\u011frafyada insanl\u0131\u011fa deniz feneri olmu\u015f sufilerin gizli gelene\u011finin tarihe nas\u0131l n\u00fcfuz etti\u011fini, geli\u015fimimizi nas\u0131l etkiledi\u011fini g\u00f6steriyor. Tasavvuf \u00fczerine yaz\u0131lm\u0131\u015f en \u00f6nemli modern kitap olma niteli\u011fi ta\u015f\u0131yan SUF\u0130LER kafa kar\u0131\u015f\u0131kl\u0131\u011f\u0131 ve fanatizm labirentinden bir \u00e7\u0131k\u0131\u015f yolu sunuyor.<\/p>\n","protected":false},"excerpt":{"rendered":"<p>\u201c\u015eARAPSIZ SARHO\u015e; YEMEKS\u0130Z DOYMU\u015e; HUZURSUZ; A\u00c7 VE UYKUSUZ; M\u00dcTEVAZI KAFTANI ALTINDA B\u0130R KRAL; HARABELERDE BULUNAN B\u0130R HAZ\u0130NE; HAVADAN TOPRAKTAN DE\u011e\u0130L, ATE\u015eTEN SUDAN DE\u011e\u0130L, SINIRSIZ B\u0130R DEN\u0130ZD\u0130R.<span class=\"excerpt-hellip\"> [\u2026]<\/span><\/p>\n","protected":false},"featured_media":0,"template":"","meta":{"_monsterinsights_skip_tracking":false,"_monsterinsights_sitenote_active":false,"_monsterinsights_sitenote_note":"","_monsterinsights_sitenote_category":0},"product_brand":[],"product_cat":[12718,12719,15238],"product_tag":[],"class_list":{"0":"post-744263","1":"product","2":"type-product","3":"status-publish","5":"product_cat-din","6":"product_cat-islam","7":"product_cat-tasavvuf","8":"pa_cilt-ciltsiz","9":"pa_tur-kitap","10":"pa_yayinevi-beyaz-baykus-yayinlari","11":"pa_yazar-idris-sah","13":"first","14":"instock","15":"sale","16":"shipping-taxable","17":"purchasable","18":"product-type-simple"},"_links":{"self":[{"href":"https:\/\/roveyayinevi.com.tr\/index.php\/wp-json\/wp\/v2\/product\/744263","targetHints":{"allow":["GET"]}}],"collection":[{"href":"https:\/\/roveyayinevi.com.tr\/index.php\/wp-json\/wp\/v2\/product"}],"about":[{"href":"https:\/\/roveyayinevi.com.tr\/index.php\/wp-json\/wp\/v2\/types\/product"}],"wp:attachment":[{"href":"https:\/\/roveyayinevi.com.tr\/index.php\/wp-json\/wp\/v2\/media?parent=744263"}],"wp:term":[{"taxonomy":"product_brand","embeddable":true,"href":"https:\/\/roveyayinevi.com.tr\/index.php\/wp-json\/wp\/v2\/product_brand?post=744263"},{"taxonomy":"product_cat","embeddable":true,"href":"https:\/\/roveyayinevi.com.tr\/index.php\/wp-json\/wp\/v2\/product_cat?post=744263"},{"taxonomy":"product_tag","embeddable":true,"href":"https:\/\/roveyayinevi.com.tr\/index.php\/wp-json\/wp\/v2\/product_tag?post=744263"}],"curies":[{"name":"wp","href":"https:\/\/api.w.org\/{rel}","templated":true}]}}