{"id":744261,"date":"2025-08-28T01:53:09","date_gmt":"2025-08-27T22:53:09","guid":{"rendered":"https:\/\/roveyayinevi.com.tr\/index.php\/urun\/erdoganin-baskanlik-rejimi\/"},"modified":"2026-04-16T02:55:47","modified_gmt":"2026-04-15T23:55:47","slug":"erdoganin-baskanlik-rejimi","status":"publish","type":"product","link":"https:\/\/roveyayinevi.com.tr\/index.php\/urun\/erdoganin-baskanlik-rejimi\/","title":{"rendered":"Erdog\u0306an\u2019\u0131n Bas\u0327kanl\u0131k Rejimi"},"content":{"rendered":"<p>\u201cHer bas\u0327lang\u0131c\u0327, geriye dog\u0306ru bir s\u0131c\u0327ramay\u0131 ve gec\u0327mis\u0327le yeniden hesaplas\u0327may\u0131, bir bas\u0327ka deyis\u0327le geleceg\u0306e uzanmak ic\u0327in gec\u0327mis\u0327in miras\u0131yla yeniden ilis\u0327kilenmeyi gerektirir. Bu bas\u0327lang\u0131c\u0131 bize sunacak miras, belki de Tu\u0308rkiye\u2019de en az anlas\u0327\u0131lm\u0131s\u0327 siyasal du\u0308s\u0327u\u0308nce olan cumhuriyetc\u0327i geleneg\u0306in demokrasi, es\u0327itlik ve o\u0308zgu\u0308rlu\u0308k mu\u0308cadelesinde yat\u0131yor.\u201d Erdog\u0306an\u2019\u0131n bas\u0327kanl\u0131k sistemi kanun hu\u0308kmu\u0308nde kararnamelerle, denge-denetleme mekanizmalar\u0131n\u0131n neredeyse ortadan kald\u0131r\u0131lmas\u0131yla, haks\u0131zl\u0131k\/hukuksuzlukla ve as\u0327\u0131r\u0131 merkeziyetc\u0327i bir yap\u0131yla an\u0131l\u0131yor. Bunlar\u0131n her biri, bir toplum ic\u0327in oldukc\u0327a ciddi bir problemken, Tu\u0308rk tipi bas\u0327kanl\u0131k sistemi bu\u0308tu\u0308n bu problemlerle birlikte ayakta durabiliyor. Zafer Y\u0131lmaz, Erdog\u0306an\u2019\u0131n Bas\u0327kanl\u0131k Rejimi: I\u0307stisnai Cumhuriyetten Parsellenmis\u0327 Devlete kitab\u0131nda, Erdog\u0306an rejimini c\u0327elis\u0327kileriyle birlikte anlaman\u0131n yollar\u0131n\u0131 ar\u0131yor. Farkl\u0131 mecralarda yay\u0131mlanm\u0131s\u0327 yaz\u0131lar\u0131n\u0131 bir araya getirdig\u0306imiz bu kitap, bo\u0308ylece kurumsal y\u0131k\u0131m, olag\u0306anu\u0308stu\u0308 iktidar\u0131n ins\u0327as\u0131, stratejik yasall\u0131k, yurttas\u0327l\u0131g\u0306\u0131n marjinelles\u0327tirilmesi gibi rejimin farkl\u0131 biles\u0327enlerine odaklanmay\u0131 mu\u0308mku\u0308n k\u0131l\u0131yor. Bunun yan\u0131nda, cumhuriyetc\u0327i demokrasi kavram\u0131n\u0131 o\u0308ne su\u0308rerek bir rec\u0327ete deg\u0306ilse bile yeni bir bas\u0327lang\u0131c\u0131n toplumsal motivasyonunu rejim tart\u0131s\u0327mas\u0131na dahil ediyor. Mevcut rejim tart\u0131s\u0327malar\u0131na nitelikli katk\u0131 sunan, o\u0308g\u0306retici oldug\u0306u kadar davetka\u0302r bir c\u0327al\u0131s\u0327ma&#8230; <\/p>\n","protected":false},"excerpt":{"rendered":"<p>\u201cHer bas\u0327lang\u0131c\u0327, geriye dog\u0306ru bir s\u0131c\u0327ramay\u0131 ve gec\u0327mis\u0327le yeniden hesaplas\u0327may\u0131, bir bas\u0327ka deyis\u0327le geleceg\u0306e uzanmak ic\u0327in gec\u0327mis\u0327in miras\u0131yla yeniden ilis\u0327kilenmeyi gerektirir. Bu bas\u0327lang\u0131c\u0131 bize sunacak miras,<span class=\"excerpt-hellip\"> [\u2026]<\/span><\/p>\n","protected":false},"featured_media":0,"template":"","meta":{"_monsterinsights_skip_tracking":false,"_monsterinsights_sitenote_active":false,"_monsterinsights_sitenote_note":"","_monsterinsights_sitenote_category":0},"product_brand":[],"product_cat":[13590,12337],"product_tag":[],"class_list":{"0":"post-744261","1":"product","2":"type-product","3":"status-publish","5":"product_cat-arastirma-inceleme-politika-siyaset","6":"product_cat-politika-siyaset","7":"pa_cilt-ciltsiz","8":"pa_tur-kitap","9":"pa_yayinevi-iletisim-yayinlari","10":"pa_yazar-zafer-yilmaz","12":"first","13":"instock","14":"sale","15":"shipping-taxable","16":"purchasable","17":"product-type-simple"},"_links":{"self":[{"href":"https:\/\/roveyayinevi.com.tr\/index.php\/wp-json\/wp\/v2\/product\/744261","targetHints":{"allow":["GET"]}}],"collection":[{"href":"https:\/\/roveyayinevi.com.tr\/index.php\/wp-json\/wp\/v2\/product"}],"about":[{"href":"https:\/\/roveyayinevi.com.tr\/index.php\/wp-json\/wp\/v2\/types\/product"}],"wp:attachment":[{"href":"https:\/\/roveyayinevi.com.tr\/index.php\/wp-json\/wp\/v2\/media?parent=744261"}],"wp:term":[{"taxonomy":"product_brand","embeddable":true,"href":"https:\/\/roveyayinevi.com.tr\/index.php\/wp-json\/wp\/v2\/product_brand?post=744261"},{"taxonomy":"product_cat","embeddable":true,"href":"https:\/\/roveyayinevi.com.tr\/index.php\/wp-json\/wp\/v2\/product_cat?post=744261"},{"taxonomy":"product_tag","embeddable":true,"href":"https:\/\/roveyayinevi.com.tr\/index.php\/wp-json\/wp\/v2\/product_tag?post=744261"}],"curies":[{"name":"wp","href":"https:\/\/api.w.org\/{rel}","templated":true}]}}