{"id":744260,"date":"2025-08-28T01:53:08","date_gmt":"2025-08-27T22:53:08","guid":{"rendered":"https:\/\/roveyayinevi.com.tr\/index.php\/urun\/ebrunun-golgesi\/"},"modified":"2026-04-16T02:55:47","modified_gmt":"2026-04-15T23:55:47","slug":"ebrunun-golgesi","status":"publish","type":"product","link":"https:\/\/roveyayinevi.com.tr\/index.php\/urun\/ebrunun-golgesi\/","title":{"rendered":"Ebru&#8217;nun G\u00f6lgesi"},"content":{"rendered":"<p>Masmavi g\u00f6ky\u00fcz\u00fcnde leyleklerin g\u00f6\u00e7\u00fcn\u00fc izlerken aniden duydu\u011fu bir sesle ba\u015flayan Ebru\u2019nun s\u0131cac\u0131k hik\u00e2yesi. Yazar\u0131n \u00e7ocuk kalbiyle yazd\u0131\u011f\u0131 ve t\u00fcm kalplere dokunmas\u0131n\u0131 diledi\u011fi bu hik\u00e2yeyi mutlaka okuyun ama \u00e7ok dikkatli olun ve bu sonbaharda G\u00d6LGEnize iyi bak\u0131n\u2026 <\/p>\n","protected":false},"excerpt":{"rendered":"<p>Masmavi g\u00f6ky\u00fcz\u00fcnde leyleklerin g\u00f6\u00e7\u00fcn\u00fc izlerken aniden duydu\u011fu bir sesle ba\u015flayan Ebru\u2019nun s\u0131cac\u0131k hik\u00e2yesi. Yazar\u0131n \u00e7ocuk kalbiyle yazd\u0131\u011f\u0131 ve t\u00fcm kalplere dokunmas\u0131n\u0131 diledi\u011fi bu hik\u00e2yeyi mutlaka okuyun<span class=\"excerpt-hellip\"> [\u2026]<\/span><\/p>\n","protected":false},"featured_media":0,"template":"","meta":{"_monsterinsights_skip_tracking":false,"_monsterinsights_sitenote_active":false,"_monsterinsights_sitenote_note":"","_monsterinsights_sitenote_category":0},"product_brand":[],"product_cat":[12274,12284],"product_tag":[],"class_list":{"0":"post-744260","1":"product","2":"type-product","3":"status-publish","5":"product_cat-cocuk-ve-genclik-kitaplari","6":"product_cat-hikayeler","7":"pa_cilt-ciltsiz","8":"pa_tur-kitap","9":"pa_yayinevi-kitap-muptelasi-yayinlari","10":"pa_yazar-ebru-puskulluoglu-kalayci","12":"first","13":"instock","14":"sale","15":"shipping-taxable","16":"purchasable","17":"product-type-simple"},"_links":{"self":[{"href":"https:\/\/roveyayinevi.com.tr\/index.php\/wp-json\/wp\/v2\/product\/744260","targetHints":{"allow":["GET"]}}],"collection":[{"href":"https:\/\/roveyayinevi.com.tr\/index.php\/wp-json\/wp\/v2\/product"}],"about":[{"href":"https:\/\/roveyayinevi.com.tr\/index.php\/wp-json\/wp\/v2\/types\/product"}],"wp:attachment":[{"href":"https:\/\/roveyayinevi.com.tr\/index.php\/wp-json\/wp\/v2\/media?parent=744260"}],"wp:term":[{"taxonomy":"product_brand","embeddable":true,"href":"https:\/\/roveyayinevi.com.tr\/index.php\/wp-json\/wp\/v2\/product_brand?post=744260"},{"taxonomy":"product_cat","embeddable":true,"href":"https:\/\/roveyayinevi.com.tr\/index.php\/wp-json\/wp\/v2\/product_cat?post=744260"},{"taxonomy":"product_tag","embeddable":true,"href":"https:\/\/roveyayinevi.com.tr\/index.php\/wp-json\/wp\/v2\/product_tag?post=744260"}],"curies":[{"name":"wp","href":"https:\/\/api.w.org\/{rel}","templated":true}]}}