{"id":744257,"date":"2025-08-28T01:53:04","date_gmt":"2025-08-27T22:53:04","guid":{"rendered":"https:\/\/roveyayinevi.com.tr\/index.php\/urun\/hint-mitolojisi\/"},"modified":"2026-04-16T02:55:47","modified_gmt":"2026-04-15T23:55:47","slug":"hint-mitolojisi","status":"publish","type":"product","link":"https:\/\/roveyayinevi.com.tr\/index.php\/urun\/hint-mitolojisi\/","title":{"rendered":"Hint Mitolojisi"},"content":{"rendered":"<p>Hinduizm, s\u00fcrekli d\u00f6n\u00fc\u015f\u00fcm ve de\u011fi\u015fim halindedir. Zaman i\u00e7inde b\u00fcy\u00fcy\u00fcp geli\u015ferek g\u00fcn\u00fcm\u00fcze kadar ula\u015fm\u0131\u015ft\u0131r. \u00d6zellikle, Vedik d\u00f6neminde, do\u011fadaki her g\u00fc\u00e7 il\u00e2hla\u015ft\u0131r\u0131lm\u0131\u015ft\u0131r ve tanr\u0131lar\u0131n say\u0131s\u0131n\u0131 hesaplamak imkans\u0131z olmu\u015ftur. Y\u0131llar i\u00e7inde baz\u0131lar\u0131 daha \u00f6nemli hale gelmi\u015ftir.   Hik\u00e2yeleri, masallar\u0131, sava\u015flar\u0131 ve bar\u0131\u015flar\u0131yla olduk\u00e7a gizemli g\u00f6r\u00fcnen Hindu Tanr\u0131lar\u0131n\u0131n, Vedik ve Upanishadlar d\u00f6nemlerindeki geli\u015fimlerine bir g\u00f6z atal\u0131m.   <\/p>\n","protected":false},"excerpt":{"rendered":"<p>Hinduizm, s\u00fcrekli d\u00f6n\u00fc\u015f\u00fcm ve de\u011fi\u015fim halindedir. Zaman i\u00e7inde b\u00fcy\u00fcy\u00fcp geli\u015ferek g\u00fcn\u00fcm\u00fcze kadar ula\u015fm\u0131\u015ft\u0131r. \u00d6zellikle, Vedik d\u00f6neminde, do\u011fadaki her g\u00fc\u00e7 il\u00e2hla\u015ft\u0131r\u0131lm\u0131\u015ft\u0131r ve tanr\u0131lar\u0131n say\u0131s\u0131n\u0131 hesaplamak imkans\u0131z olmu\u015ftur.<span class=\"excerpt-hellip\"> [\u2026]<\/span><\/p>\n","protected":false},"featured_media":0,"template":"","meta":{"_monsterinsights_skip_tracking":false,"_monsterinsights_sitenote_active":false,"_monsterinsights_sitenote_note":"","_monsterinsights_sitenote_category":0},"product_brand":[],"product_cat":[12718,12858],"product_tag":[],"class_list":{"0":"post-744257","1":"product","2":"type-product","3":"status-publish","5":"product_cat-din","6":"product_cat-mitolojiler","7":"pa_cilt-ciltsiz","8":"pa_tur-kitap","9":"pa_yayinevi-fa-yayinlari","10":"pa_yazar-a-kentish-coomaraswamy","12":"first","13":"instock","14":"sale","15":"shipping-taxable","16":"purchasable","17":"product-type-simple"},"_links":{"self":[{"href":"https:\/\/roveyayinevi.com.tr\/index.php\/wp-json\/wp\/v2\/product\/744257","targetHints":{"allow":["GET"]}}],"collection":[{"href":"https:\/\/roveyayinevi.com.tr\/index.php\/wp-json\/wp\/v2\/product"}],"about":[{"href":"https:\/\/roveyayinevi.com.tr\/index.php\/wp-json\/wp\/v2\/types\/product"}],"wp:attachment":[{"href":"https:\/\/roveyayinevi.com.tr\/index.php\/wp-json\/wp\/v2\/media?parent=744257"}],"wp:term":[{"taxonomy":"product_brand","embeddable":true,"href":"https:\/\/roveyayinevi.com.tr\/index.php\/wp-json\/wp\/v2\/product_brand?post=744257"},{"taxonomy":"product_cat","embeddable":true,"href":"https:\/\/roveyayinevi.com.tr\/index.php\/wp-json\/wp\/v2\/product_cat?post=744257"},{"taxonomy":"product_tag","embeddable":true,"href":"https:\/\/roveyayinevi.com.tr\/index.php\/wp-json\/wp\/v2\/product_tag?post=744257"}],"curies":[{"name":"wp","href":"https:\/\/api.w.org\/{rel}","templated":true}]}}