{"id":744256,"date":"2025-08-28T01:53:03","date_gmt":"2025-08-27T22:53:03","guid":{"rendered":"https:\/\/roveyayinevi.com.tr\/index.php\/urun\/allah-alem-iliskisi-ciltli\/"},"modified":"2026-04-16T02:55:47","modified_gmt":"2026-04-15T23:55:47","slug":"allah-alem-iliskisi-ciltli","status":"publish","type":"product","link":"https:\/\/roveyayinevi.com.tr\/index.php\/urun\/allah-alem-iliskisi-ciltli\/","title":{"rendered":"Allah-\u00c2lem \u0130li\u015fkisi (Ciltli)"},"content":{"rendered":"<p>Allah-\u00e2lem ili\u015fkisi ve bu ili\u015fki \u00e7er\u00e7evesinde g\u00fcndeme gelen, varl\u0131k, yokluk, \u00e2lem gibi kavramlar, eskiden beri hem felsefi hem de kelami d\u00fc\u015f\u00fcncenin merkezinde yer alm\u0131\u015ft\u0131r. \u00c2lemin yoktan yarat\u0131lmas\u0131, yarat\u0131c\u0131s\u0131n\u0131n fail ve muhtar olmas\u0131, \u00e2lemin varolu\u015f bak\u0131m\u0131ndan Allah&#8217;tan sonra olmas\u0131, Allah&#8217;\u0131n k\u00e2mil olmas\u0131 gibi konularda M\u00fcsl\u00fcman \u00e2limler ittifak etmektedir. Fakat derine inildik\u00e7e bu konularda fikir ayr\u0131l\u0131klar\u0131 meydana gelmektedir: \u00c2lem ezelden beri mevcut mudur? \u0130\u00e7inde ya\u015fad\u0131\u011f\u0131m\u0131z \u00e2lem ezelden beri yoktu da zaman i\u00e7inde mi meydana geldi? Benzer sorular\u0131 \u0130slam \u00e2limlerinin g\u00f6r\u00fc\u015flerine g\u00f6re a\u00e7\u0131klayan bu eserde, daha bir\u00e7ok soruya cevap bulacaks\u0131n\u0131z.<\/p>\n","protected":false},"excerpt":{"rendered":"<p>Allah-\u00e2lem ili\u015fkisi ve bu ili\u015fki \u00e7er\u00e7evesinde g\u00fcndeme gelen, varl\u0131k, yokluk, \u00e2lem gibi kavramlar, eskiden beri hem felsefi hem de kelami d\u00fc\u015f\u00fcncenin merkezinde yer alm\u0131\u015ft\u0131r. \u00c2lemin yoktan<span class=\"excerpt-hellip\"> [\u2026]<\/span><\/p>\n","protected":false},"featured_media":0,"template":"","meta":{"_monsterinsights_skip_tracking":false,"_monsterinsights_sitenote_active":false,"_monsterinsights_sitenote_note":"","_monsterinsights_sitenote_category":0},"product_brand":[],"product_cat":[12718,12719],"product_tag":[],"class_list":{"0":"post-744256","1":"product","2":"type-product","3":"status-publish","5":"product_cat-din","6":"product_cat-islam","7":"pa_cilt-ciltli","8":"pa_tur-kitap","9":"pa_yayinevi-otto-yayinlari","10":"pa_yazar-saban-ali-duzgun","12":"first","13":"instock","14":"sale","15":"shipping-taxable","16":"purchasable","17":"product-type-simple"},"_links":{"self":[{"href":"https:\/\/roveyayinevi.com.tr\/index.php\/wp-json\/wp\/v2\/product\/744256","targetHints":{"allow":["GET"]}}],"collection":[{"href":"https:\/\/roveyayinevi.com.tr\/index.php\/wp-json\/wp\/v2\/product"}],"about":[{"href":"https:\/\/roveyayinevi.com.tr\/index.php\/wp-json\/wp\/v2\/types\/product"}],"wp:attachment":[{"href":"https:\/\/roveyayinevi.com.tr\/index.php\/wp-json\/wp\/v2\/media?parent=744256"}],"wp:term":[{"taxonomy":"product_brand","embeddable":true,"href":"https:\/\/roveyayinevi.com.tr\/index.php\/wp-json\/wp\/v2\/product_brand?post=744256"},{"taxonomy":"product_cat","embeddable":true,"href":"https:\/\/roveyayinevi.com.tr\/index.php\/wp-json\/wp\/v2\/product_cat?post=744256"},{"taxonomy":"product_tag","embeddable":true,"href":"https:\/\/roveyayinevi.com.tr\/index.php\/wp-json\/wp\/v2\/product_tag?post=744256"}],"curies":[{"name":"wp","href":"https:\/\/api.w.org\/{rel}","templated":true}]}}