{"id":744255,"date":"2025-08-28T01:53:01","date_gmt":"2025-08-27T22:53:01","guid":{"rendered":"https:\/\/roveyayinevi.com.tr\/index.php\/urun\/kutsal-jeneratorler\/"},"modified":"2026-04-16T02:55:47","modified_gmt":"2026-04-15T23:55:47","slug":"kutsal-jeneratorler","status":"publish","type":"product","link":"https:\/\/roveyayinevi.com.tr\/index.php\/urun\/kutsal-jeneratorler\/","title":{"rendered":"Kutsal Jenerat\u00f6rler"},"content":{"rendered":"<p>Kutsal jenerat\u00f6rler \u00e7al\u0131\u015fmaya ba\u015fl\u0131yor. Sar\u0131 \u015feritler \u00e7ekiliyor panter ve kurban aras\u0131na Ellerim terliyor, e\u011filip yerden. Dur. Bast\u0131\u011f\u0131n yere dikkat et. Kanla lekelenmi\u015f bir avu\u00e7 kum Maddenin beyhude bi\u00e7imleri olarak \u0130nanc\u0131n mutlak ifadesidir. \u00d6yleyse \u015fimdi ba\u011f\u0131rabilirsin: Tent\u00fcrdiyot sen bizim her \u015feyimizsin. Kamusal alanda plaj y\u0131k\u0131nt\u0131lar\u0131, siyasi \u015fezlonglar Bir \u00f6l\u00fc do\u011frulup sizden buz isteyebilir. Sonra voltajda yeniden bir Y\u00fckselme. Anlamak i\u00e7in. \u00c7ok ani. Ba\u015fa \u00e7\u0131kabilmenin ba\u015ftan \u00e7\u0131kabilmek oldu\u011funu Ya da Ferhat\u2019\u0131 bin y\u0131l bir ma\u011farada bekleyen Sokrates\u2019i.<\/p>\n","protected":false},"excerpt":{"rendered":"<p>Kutsal jenerat\u00f6rler \u00e7al\u0131\u015fmaya ba\u015fl\u0131yor. Sar\u0131 \u015feritler \u00e7ekiliyor panter ve kurban aras\u0131na Ellerim terliyor, e\u011filip yerden. Dur. Bast\u0131\u011f\u0131n yere dikkat et. Kanla lekelenmi\u015f bir avu\u00e7 kum Maddenin<span class=\"excerpt-hellip\"> [\u2026]<\/span><\/p>\n","protected":false},"featured_media":0,"template":"","meta":{"_monsterinsights_skip_tracking":false,"_monsterinsights_sitenote_active":false,"_monsterinsights_sitenote_note":"","_monsterinsights_sitenote_category":0},"product_brand":[],"product_cat":[12291,12509],"product_tag":[],"class_list":{"0":"post-744255","1":"product","2":"type-product","3":"status-publish","5":"product_cat-edebiyat","6":"product_cat-siir","7":"pa_cilt-ciltsiz","8":"pa_tur-kitap","9":"pa_yayinevi-ketebe-yayinlari","10":"pa_yazar-furkan-caliskan","12":"first","13":"instock","14":"sale","15":"shipping-taxable","16":"purchasable","17":"product-type-simple"},"_links":{"self":[{"href":"https:\/\/roveyayinevi.com.tr\/index.php\/wp-json\/wp\/v2\/product\/744255","targetHints":{"allow":["GET"]}}],"collection":[{"href":"https:\/\/roveyayinevi.com.tr\/index.php\/wp-json\/wp\/v2\/product"}],"about":[{"href":"https:\/\/roveyayinevi.com.tr\/index.php\/wp-json\/wp\/v2\/types\/product"}],"wp:attachment":[{"href":"https:\/\/roveyayinevi.com.tr\/index.php\/wp-json\/wp\/v2\/media?parent=744255"}],"wp:term":[{"taxonomy":"product_brand","embeddable":true,"href":"https:\/\/roveyayinevi.com.tr\/index.php\/wp-json\/wp\/v2\/product_brand?post=744255"},{"taxonomy":"product_cat","embeddable":true,"href":"https:\/\/roveyayinevi.com.tr\/index.php\/wp-json\/wp\/v2\/product_cat?post=744255"},{"taxonomy":"product_tag","embeddable":true,"href":"https:\/\/roveyayinevi.com.tr\/index.php\/wp-json\/wp\/v2\/product_tag?post=744255"}],"curies":[{"name":"wp","href":"https:\/\/api.w.org\/{rel}","templated":true}]}}