{"id":744254,"date":"2025-08-28T01:53:00","date_gmt":"2025-08-27T22:53:00","guid":{"rendered":"https:\/\/roveyayinevi.com.tr\/index.php\/urun\/kediye-dikkat\/"},"modified":"2026-04-16T02:55:47","modified_gmt":"2026-04-15T23:55:47","slug":"kediye-dikkat","status":"publish","type":"product","link":"https:\/\/roveyayinevi.com.tr\/index.php\/urun\/kediye-dikkat\/","title":{"rendered":"Kediye Dikkat"},"content":{"rendered":"<p>Kedileri duyabilseydik ne yapard\u0131k? \u0130ngilizlerin ilk roman\u0131 olarak kabul edilen Kediye Dikkat\u2019te William Baldwin, kedilerin konu\u015fabilmesinin, d\u00fc\u015f\u00fcnebilmesinin, mant\u0131k y\u00fcr\u00fctebilmesinin m\u00fcmk\u00fcn olup olmad\u0131\u011f\u0131na dair k\u0131\u015fk\u0131rt\u0131c\u0131 ve zekice sorular soruyor. Y\u00fczy\u0131llar boyunca yazarlar, kedilerin gizemli do\u011fas\u0131na dair ilham verici pek \u00e7ok \u015fey yazd\u0131lar. Fakat bu eser, ilk olarak 1550\u2019lerde, tan\u0131nm\u0131\u015f erken modern d\u00f6nem yazarlar\u0131n \u00e7o\u011fu hen\u00fcz ilk eserlerini vermeden \u00f6nce yaz\u0131ld\u0131. Hayvanlar\u0131n konu\u015fma yetenekleri olsayd\u0131 d\u00fcnya hakk\u0131nda neler s\u00f6yleyebileceklerini hayal etmemizi sa\u011flayan bu dikkat \u00e7ekici eser; simya, efsaneler, din\u00ee ve ahlaki hicivler \u0131\u015f\u0131\u011f\u0131nda, konu\u015fan kedilerin hik\u00e2yesini e\u011flenceli bir dille anlat\u0131yor. Kedilerin gizli dilini anlamaya \u00e7al\u0131\u015fan bir rahibin \u00fcrk\u00fct\u00fcc\u00fc simya deneylerine odaklanan hik\u00e2ye, \u00e7a\u011flar boyunca insanlar\u0131 d\u00fc\u015f\u00fcnd\u00fcren bir soru soruyor: Hayvanlar neden vard\u0131r?<\/p>\n","protected":false},"excerpt":{"rendered":"<p>Kedileri duyabilseydik ne yapard\u0131k? \u0130ngilizlerin ilk roman\u0131 olarak kabul edilen Kediye Dikkat\u2019te William Baldwin, kedilerin konu\u015fabilmesinin, d\u00fc\u015f\u00fcnebilmesinin, mant\u0131k y\u00fcr\u00fctebilmesinin m\u00fcmk\u00fcn olup olmad\u0131\u011f\u0131na dair k\u0131\u015fk\u0131rt\u0131c\u0131 ve zekice<span class=\"excerpt-hellip\"> [\u2026]<\/span><\/p>\n","protected":false},"featured_media":0,"template":"","meta":{"_monsterinsights_skip_tracking":false,"_monsterinsights_sitenote_active":false,"_monsterinsights_sitenote_note":"","_monsterinsights_sitenote_category":0},"product_brand":[],"product_cat":[12291,12711],"product_tag":[],"class_list":{"0":"post-744254","1":"product","2":"type-product","3":"status-publish","5":"product_cat-edebiyat","6":"product_cat-roman-oyku","7":"pa_cilt-ciltsiz","8":"pa_tur-kitap","9":"pa_yayinevi-ketebe-yayinlari","10":"pa_yazar-william-baldwin","12":"first","13":"instock","14":"sale","15":"shipping-taxable","16":"purchasable","17":"product-type-simple"},"_links":{"self":[{"href":"https:\/\/roveyayinevi.com.tr\/index.php\/wp-json\/wp\/v2\/product\/744254","targetHints":{"allow":["GET"]}}],"collection":[{"href":"https:\/\/roveyayinevi.com.tr\/index.php\/wp-json\/wp\/v2\/product"}],"about":[{"href":"https:\/\/roveyayinevi.com.tr\/index.php\/wp-json\/wp\/v2\/types\/product"}],"wp:attachment":[{"href":"https:\/\/roveyayinevi.com.tr\/index.php\/wp-json\/wp\/v2\/media?parent=744254"}],"wp:term":[{"taxonomy":"product_brand","embeddable":true,"href":"https:\/\/roveyayinevi.com.tr\/index.php\/wp-json\/wp\/v2\/product_brand?post=744254"},{"taxonomy":"product_cat","embeddable":true,"href":"https:\/\/roveyayinevi.com.tr\/index.php\/wp-json\/wp\/v2\/product_cat?post=744254"},{"taxonomy":"product_tag","embeddable":true,"href":"https:\/\/roveyayinevi.com.tr\/index.php\/wp-json\/wp\/v2\/product_tag?post=744254"}],"curies":[{"name":"wp","href":"https:\/\/api.w.org\/{rel}","templated":true}]}}