{"id":744253,"date":"2025-08-28T01:52:59","date_gmt":"2025-08-27T22:52:59","guid":{"rendered":"https:\/\/roveyayinevi.com.tr\/index.php\/urun\/enfokrasi\/"},"modified":"2026-04-16T02:55:47","modified_gmt":"2026-04-15T23:55:47","slug":"enfokrasi","status":"publish","type":"product","link":"https:\/\/roveyayinevi.com.tr\/index.php\/urun\/enfokrasi\/","title":{"rendered":"Enfokrasi"},"content":{"rendered":"<p>Dijitalle\u015fmenin bizi maruz b\u0131rakt\u0131\u011f\u0131 enformasyon bombard\u0131man\u0131 ak\u0131l almaz seviyelere ula\u015ft\u0131. Bizi adeta bo\u011fmakla tehdit eden bu \u00e7\u0131lg\u0131n ileti\u015fim deryas\u0131, sosyal ya\u015fam\u0131n hemen her alan\u0131n\u0131 ele ge\u00e7irmi\u015f vaziyette; siyaset de bu durumdan nasibini al\u0131yor. G\u00fcn\u00fcm\u00fczde se\u00e7im kampanyalar\u0131 art\u0131k sosyal medyada, anonim hesaplar, botlar ve hatta troll ordular\u0131yla enformasyon sava\u015flar\u0131 \u015feklinde y\u00fcr\u00fct\u00fcl\u00fcyor; demokrasi, enfokrasiye d\u00f6n\u00fc\u015f\u00fcyor. \u00c7a\u011f\u0131m\u0131z\u0131n en \u00f6nemli d\u00fc\u015f\u00fcn\u00fcrlerinden Byung-Chul Han, bu eserinde enfokrasinin \u00e7a\u011fda\u015f enformasyon kapitalizminin yeni y\u00f6netim \u015fekli oldu\u011funu savunuyor. End\u00fcstriyel kapitalizmin rejimi zorlama ve bask\u0131yla \u00e7al\u0131\u015f\u0131rken, bu yeni enformasyon rejimi \u00f6zg\u00fcrl\u00fc\u011f\u00fc bast\u0131rmak yerine onu s\u00f6m\u00fcr\u00fcyor. Bizler, \u00f6zg\u00fcrl\u00fc\u011f\u00fc sadece hayal edebiliriz; \u00f6zg\u00fcr oldu\u011fumuzu varsaysak da t\u00fcm davran\u0131\u015flar\u0131m\u0131z, hatta t\u00fcm hayat\u0131m\u0131z \u201ckontrol edilebilmesi\u201d i\u00e7in kay\u0131t alt\u0131ndad\u0131r. \u0130nsanlar ise s\u00fcrekli g\u00f6zetlendiklerinin fark\u0131nda olmad\u0131klar\u0131 i\u00e7in kendilerini \u00f6zg\u00fcr zannettiklerinden dolay\u0131 neoliberal enformasyon rejimi ayakta kal\u0131r. Enformasyon \u00e7a\u011f\u0131nda siyasetin ele\u015ftirisini yapan bu eser, g\u00fcn\u00fcm\u00fcz\u00fcn demokrasi krizini kamusal alan\u0131n dijital yap\u0131sal de\u011fi\u015fimine odaklanarak anlat\u0131yor.<\/p>\n","protected":false},"excerpt":{"rendered":"<p>Dijitalle\u015fmenin bizi maruz b\u0131rakt\u0131\u011f\u0131 enformasyon bombard\u0131man\u0131 ak\u0131l almaz seviyelere ula\u015ft\u0131. Bizi adeta bo\u011fmakla tehdit eden bu \u00e7\u0131lg\u0131n ileti\u015fim deryas\u0131, sosyal ya\u015fam\u0131n hemen her alan\u0131n\u0131 ele ge\u00e7irmi\u015f<span class=\"excerpt-hellip\"> [\u2026]<\/span><\/p>\n","protected":false},"featured_media":0,"template":"","meta":{"_monsterinsights_skip_tracking":false,"_monsterinsights_sitenote_active":false,"_monsterinsights_sitenote_note":"","_monsterinsights_sitenote_category":0},"product_brand":[],"product_cat":[13772,12364],"product_tag":[],"class_list":{"0":"post-744253","1":"product","2":"type-product","3":"status-publish","5":"product_cat-basvuru-kitaplari","6":"product_cat-genel-konular","7":"pa_cilt-ciltsiz","8":"pa_tur-kitap","9":"pa_yayinevi-ketebe-yayinlari","10":"pa_yazar-byung-chul-han","12":"first","13":"instock","14":"sale","15":"shipping-taxable","16":"purchasable","17":"product-type-simple"},"_links":{"self":[{"href":"https:\/\/roveyayinevi.com.tr\/index.php\/wp-json\/wp\/v2\/product\/744253","targetHints":{"allow":["GET"]}}],"collection":[{"href":"https:\/\/roveyayinevi.com.tr\/index.php\/wp-json\/wp\/v2\/product"}],"about":[{"href":"https:\/\/roveyayinevi.com.tr\/index.php\/wp-json\/wp\/v2\/types\/product"}],"wp:attachment":[{"href":"https:\/\/roveyayinevi.com.tr\/index.php\/wp-json\/wp\/v2\/media?parent=744253"}],"wp:term":[{"taxonomy":"product_brand","embeddable":true,"href":"https:\/\/roveyayinevi.com.tr\/index.php\/wp-json\/wp\/v2\/product_brand?post=744253"},{"taxonomy":"product_cat","embeddable":true,"href":"https:\/\/roveyayinevi.com.tr\/index.php\/wp-json\/wp\/v2\/product_cat?post=744253"},{"taxonomy":"product_tag","embeddable":true,"href":"https:\/\/roveyayinevi.com.tr\/index.php\/wp-json\/wp\/v2\/product_tag?post=744253"}],"curies":[{"name":"wp","href":"https:\/\/api.w.org\/{rel}","templated":true}]}}