{"id":744252,"date":"2025-08-28T01:52:57","date_gmt":"2025-08-27T22:52:57","guid":{"rendered":"https:\/\/roveyayinevi.com.tr\/index.php\/urun\/dunya-romaninin-seruveni\/"},"modified":"2026-04-16T02:55:47","modified_gmt":"2026-04-15T23:55:47","slug":"dunya-romaninin-seruveni","status":"publish","type":"product","link":"https:\/\/roveyayinevi.com.tr\/index.php\/urun\/dunya-romaninin-seruveni\/","title":{"rendered":"D\u00fcnya Roman\u0131n\u0131n Ser\u00fcveni"},"content":{"rendered":"<p>D\u00fcnya Roman\u0131n\u0131n Ser\u00fcveni Cervantes\u2019ten ba\u015flay\u0131p Mo Yan\u2019a kadar gelen ve b\u00fct\u00fcn bir d\u00fcnyaya yay\u0131lan roman birikimini yans\u0131tmay\u0131 ama\u00e7layan, \u00f6zenle se\u00e7ilmi\u015f, kapsaml\u0131 bir k\u00fclliyat; her zevke, be\u011feniye ve estetik anlay\u0131\u015fa seslenecek bir roman k\u00fct\u00fcphanesi vadediyor okuruna. Bir ba\u015fka deyi\u015fle; t\u00fcm d\u00fcnyay\u0131, t\u00fcm co\u011frafyalar\u0131, dilleri, bi\u00e7imleri i\u00e7ine alacak roman \u00f6rnekleri bu incelemede bir araya getiriliyor. Temsil g\u00fcc\u00fc y\u00fcksek, d\u00fcnya insanlar\u0131n\u0131n, olaylar\u0131n, durumlar\u0131n romanda g\u00f6r\u00fcn\u00fcmlerini izleyece\u011fimiz b\u00fct\u00fcnl\u00fckl\u00fc bir foto\u011fraf sunuyor.   Kitapta, bu eserlerin do\u011fas\u0131, yazarlar\u0131n edeb\u00ee tutumlar\u0131 anla\u015f\u0131lmaya \u00e7al\u0131\u015f\u0131l\u0131rken; yenilikler, ak\u0131mlar g\u00fcndeme getiriliyor; eserin ve yazar\u0131n d\u00fcnya roman\u0131ndaki yeri; edeb\u00ee y\u00f6nleri, etkileri, tarihsel \u00f6neminin izi s\u00fcr\u00fcl\u00fcyor ve eserin t\u00fcre katk\u0131s\u0131, t\u00fcr\u00fcn tarihsel geli\u015fimi i\u00e7erisindeki yeri inceleniyor. Bu anlamda roman\u0131n kuramsal yolculu\u011fu da belirginle\u015ftiriliyor, ayd\u0131nlat\u0131l\u0131yor. \u00d6ncelikle bu romanlar\u0131n ni\u00e7in kal\u0131c\u0131 olduklar\u0131, ni\u00e7in zamanlar\u0131 a\u015farak bug\u00fcnlere geldikleri incelenirken, b\u00fct\u00fcn bu romanlar ve yazarlar \u201cbug\u00fcn bize ne s\u00f6yler?\u201d sorusunun pe\u015fine d\u00fc\u015f\u00fcl\u00fcyor.   \u0130\u015fte pe\u015fine d\u00fc\u015f\u00fclen bu sorulara aranan cevaplar, okura yeni kap\u0131lar aral\u0131yor.<\/p>\n","protected":false},"excerpt":{"rendered":"<p>D\u00fcnya Roman\u0131n\u0131n Ser\u00fcveni Cervantes\u2019ten ba\u015flay\u0131p Mo Yan\u2019a kadar gelen ve b\u00fct\u00fcn bir d\u00fcnyaya yay\u0131lan roman birikimini yans\u0131tmay\u0131 ama\u00e7layan, \u00f6zenle se\u00e7ilmi\u015f, kapsaml\u0131 bir k\u00fclliyat; her zevke, be\u011feniye<span class=\"excerpt-hellip\"> [\u2026]<\/span><\/p>\n","protected":false},"featured_media":0,"template":"","meta":{"_monsterinsights_skip_tracking":false,"_monsterinsights_sitenote_active":false,"_monsterinsights_sitenote_note":"","_monsterinsights_sitenote_category":0},"product_brand":[],"product_cat":[13072,12291],"product_tag":[],"class_list":{"0":"post-744252","1":"product","2":"type-product","3":"status-publish","5":"product_cat-arastirma-inceleme-referans","6":"product_cat-edebiyat","7":"pa_cilt-ciltsiz","8":"pa_tur-kitap","9":"pa_yayinevi-ketebe-yayinlari","10":"pa_yazar-necip-tosun","12":"first","13":"instock","14":"sale","15":"shipping-taxable","16":"purchasable","17":"product-type-simple"},"_links":{"self":[{"href":"https:\/\/roveyayinevi.com.tr\/index.php\/wp-json\/wp\/v2\/product\/744252","targetHints":{"allow":["GET"]}}],"collection":[{"href":"https:\/\/roveyayinevi.com.tr\/index.php\/wp-json\/wp\/v2\/product"}],"about":[{"href":"https:\/\/roveyayinevi.com.tr\/index.php\/wp-json\/wp\/v2\/types\/product"}],"wp:attachment":[{"href":"https:\/\/roveyayinevi.com.tr\/index.php\/wp-json\/wp\/v2\/media?parent=744252"}],"wp:term":[{"taxonomy":"product_brand","embeddable":true,"href":"https:\/\/roveyayinevi.com.tr\/index.php\/wp-json\/wp\/v2\/product_brand?post=744252"},{"taxonomy":"product_cat","embeddable":true,"href":"https:\/\/roveyayinevi.com.tr\/index.php\/wp-json\/wp\/v2\/product_cat?post=744252"},{"taxonomy":"product_tag","embeddable":true,"href":"https:\/\/roveyayinevi.com.tr\/index.php\/wp-json\/wp\/v2\/product_tag?post=744252"}],"curies":[{"name":"wp","href":"https:\/\/api.w.org\/{rel}","templated":true}]}}