{"id":744251,"date":"2025-08-28T01:52:56","date_gmt":"2025-08-27T22:52:56","guid":{"rendered":"https:\/\/roveyayinevi.com.tr\/index.php\/urun\/kisilik-bulmacasi\/"},"modified":"2026-04-12T03:00:05","modified_gmt":"2026-04-12T00:00:05","slug":"kisilik-bulmacasi","status":"publish","type":"product","link":"https:\/\/roveyayinevi.com.tr\/index.php\/urun\/kisilik-bulmacasi\/","title":{"rendered":"Ki\u015filik Bulmacas\u0131"},"content":{"rendered":"<p>Ki\u015filik Bulmacas\u0131 kitab\u0131 olaylara sizin g\u00f6z\u00fcn\u00fczle bak\u0131yor g\u00f6r\u00fcnmeyen ki\u015filerle ili\u015fki kurmak zorunda oldu\u011funuz i\u015fyerinizdeki ya da herhangi bir grup faaliyetindeki par\u00e7alar\u0131 biraraya getirmenize katk\u0131da bulunacakt\u0131r\u2026 <\/p>\n","protected":false},"excerpt":{"rendered":"<p>Ki\u015filik Bulmacas\u0131 kitab\u0131 olaylara sizin g\u00f6z\u00fcn\u00fczle bak\u0131yor g\u00f6r\u00fcnmeyen ki\u015filerle ili\u015fki kurmak zorunda oldu\u011funuz i\u015fyerinizdeki ya da herhangi bir grup faaliyetindeki par\u00e7alar\u0131 biraraya getirmenize katk\u0131da bulunacakt\u0131r\u2026<\/p>\n","protected":false},"featured_media":0,"template":"","meta":{"_monsterinsights_skip_tracking":false,"_monsterinsights_sitenote_active":false,"_monsterinsights_sitenote_note":"","_monsterinsights_sitenote_category":0},"product_brand":[],"product_cat":[12364,12376],"product_tag":[],"class_list":{"0":"post-744251","1":"product","2":"type-product","3":"status-publish","5":"product_cat-genel-konular","6":"product_cat-kisisel-gelisim","7":"pa_cilt-ciltsiz","8":"pa_tur-kitap","9":"pa_yayinevi-aura-kitaplari","10":"pa_yazar-florence-littauer-marita-littauer","12":"first","13":"instock","14":"sale","15":"shipping-taxable","16":"purchasable","17":"product-type-simple"},"_links":{"self":[{"href":"https:\/\/roveyayinevi.com.tr\/index.php\/wp-json\/wp\/v2\/product\/744251","targetHints":{"allow":["GET"]}}],"collection":[{"href":"https:\/\/roveyayinevi.com.tr\/index.php\/wp-json\/wp\/v2\/product"}],"about":[{"href":"https:\/\/roveyayinevi.com.tr\/index.php\/wp-json\/wp\/v2\/types\/product"}],"wp:attachment":[{"href":"https:\/\/roveyayinevi.com.tr\/index.php\/wp-json\/wp\/v2\/media?parent=744251"}],"wp:term":[{"taxonomy":"product_brand","embeddable":true,"href":"https:\/\/roveyayinevi.com.tr\/index.php\/wp-json\/wp\/v2\/product_brand?post=744251"},{"taxonomy":"product_cat","embeddable":true,"href":"https:\/\/roveyayinevi.com.tr\/index.php\/wp-json\/wp\/v2\/product_cat?post=744251"},{"taxonomy":"product_tag","embeddable":true,"href":"https:\/\/roveyayinevi.com.tr\/index.php\/wp-json\/wp\/v2\/product_tag?post=744251"}],"curies":[{"name":"wp","href":"https:\/\/api.w.org\/{rel}","templated":true}]}}