{"id":744248,"date":"2025-08-28T01:52:51","date_gmt":"2025-08-27T22:52:51","guid":{"rendered":"https:\/\/roveyayinevi.com.tr\/index.php\/urun\/evrenin-yatismaz-yapisi-ve-diger-oykuler\/"},"modified":"2026-04-16T02:55:47","modified_gmt":"2026-04-15T23:55:47","slug":"evrenin-yatismaz-yapisi-ve-diger-oykuler","status":"publish","type":"product","link":"https:\/\/roveyayinevi.com.tr\/index.php\/urun\/evrenin-yatismaz-yapisi-ve-diger-oykuler\/","title":{"rendered":"Evrenin Yat\u0131\u015fmaz Yap\u0131s\u0131 ve Di\u011fer \u00d6yk\u00fcler"},"content":{"rendered":"<p>Evrenin Yat\u0131\u015fmaz Yap\u0131s\u0131\u2019nda Aykut Ertu\u011frul, okurlar\u0131n\u0131 yine metinleraras\u0131 bir \u015fenli\u011fe \u00e7a\u011f\u0131r\u0131yor. Muzip bir ba\u015flang\u0131c\u0131n ne\u015fesini ve beklenmedik bir vedan\u0131n kederini ayn\u0131 anda i\u00e7inde bar\u0131nd\u0131ran bu g\u00f6rkemli \u015fenlik, asl\u0131nda kim i\u00e7in d\u00fczenlendi? Yazar\u0131n m\u00fctemadiyen seslendi\u011fi sahici okurlar i\u00e7in mi? Selam vermekten b\u0131kmad\u0131\u011f\u0131; c\u00fcmlelerine, dizelerine hatta eser adlar\u0131na musallat oldu\u011fu b\u00fcy\u00fck ustalar i\u00e7in mi? Ele\u015ftirmenler, akademisyenler ya da \u00e7a\u011fda\u015flar\u0131 i\u00e7in mi? Yoksa bu tuhaf ve rahats\u0131z edici \u015f\u00f6lenin, d\u00fczenleyeni de davetlisi de yaln\u0131zca yazar\u0131n kendisi mi? Maharetini gelene\u011fin co\u015fkulu ve sonsuz \u0131rma\u011f\u0131na, muhayyilenin m\u00fcphemli\u011fine ve \u015fimdiki zaman\u0131n insan\u0131 hep \u015fa\u015f\u0131rtan tekinsiz oyunlar\u0131na ba\u011flayan yazar\u0131n ger\u00e7ek niyeti ne? Kim bilir? Belki hepsi, belki hi\u00e7biri. T\u00fcrk \u00f6yk\u00fcs\u00fcnde fantastik, mitoloji ve postmodernizme dair konularda 2000\u2019li y\u0131llar\u0131n ba\u015f\u0131ndan beri, yaz\u0131lar\u0131, haz\u0131rlad\u0131\u011f\u0131 kolektif kitaplar ve \u00f6yk\u00fcleriyle hatr\u0131 say\u0131l\u0131r \u00e7al\u0131\u015fmaya imza atan Aykut Ertu\u011frul, yeni \u00f6yk\u00fc kitab\u0131yla okurun kar\u015f\u0131s\u0131nda.<\/p>\n","protected":false},"excerpt":{"rendered":"<p>Evrenin Yat\u0131\u015fmaz Yap\u0131s\u0131\u2019nda Aykut Ertu\u011frul, okurlar\u0131n\u0131 yine metinleraras\u0131 bir \u015fenli\u011fe \u00e7a\u011f\u0131r\u0131yor. Muzip bir ba\u015flang\u0131c\u0131n ne\u015fesini ve beklenmedik bir vedan\u0131n kederini ayn\u0131 anda i\u00e7inde bar\u0131nd\u0131ran bu g\u00f6rkemli<span class=\"excerpt-hellip\"> [\u2026]<\/span><\/p>\n","protected":false},"featured_media":0,"template":"","meta":{"_monsterinsights_skip_tracking":false,"_monsterinsights_sitenote_active":false,"_monsterinsights_sitenote_note":"","_monsterinsights_sitenote_category":0},"product_brand":[],"product_cat":[12291,12711],"product_tag":[],"class_list":{"0":"post-744248","1":"product","2":"type-product","3":"status-publish","5":"product_cat-edebiyat","6":"product_cat-roman-oyku","7":"pa_cilt-ciltsiz","8":"pa_tur-kitap","9":"pa_yayinevi-ketebe-yayinlari","10":"pa_yazar-aykut-ertugrul","12":"first","13":"instock","14":"sale","15":"shipping-taxable","16":"purchasable","17":"product-type-simple"},"_links":{"self":[{"href":"https:\/\/roveyayinevi.com.tr\/index.php\/wp-json\/wp\/v2\/product\/744248","targetHints":{"allow":["GET"]}}],"collection":[{"href":"https:\/\/roveyayinevi.com.tr\/index.php\/wp-json\/wp\/v2\/product"}],"about":[{"href":"https:\/\/roveyayinevi.com.tr\/index.php\/wp-json\/wp\/v2\/types\/product"}],"wp:attachment":[{"href":"https:\/\/roveyayinevi.com.tr\/index.php\/wp-json\/wp\/v2\/media?parent=744248"}],"wp:term":[{"taxonomy":"product_brand","embeddable":true,"href":"https:\/\/roveyayinevi.com.tr\/index.php\/wp-json\/wp\/v2\/product_brand?post=744248"},{"taxonomy":"product_cat","embeddable":true,"href":"https:\/\/roveyayinevi.com.tr\/index.php\/wp-json\/wp\/v2\/product_cat?post=744248"},{"taxonomy":"product_tag","embeddable":true,"href":"https:\/\/roveyayinevi.com.tr\/index.php\/wp-json\/wp\/v2\/product_tag?post=744248"}],"curies":[{"name":"wp","href":"https:\/\/api.w.org\/{rel}","templated":true}]}}