{"id":744245,"date":"2025-08-28T01:52:48","date_gmt":"2025-08-27T22:52:48","guid":{"rendered":"https:\/\/roveyayinevi.com.tr\/index.php\/urun\/en-iyi-arkadasim-sensin\/"},"modified":"2026-04-16T02:55:47","modified_gmt":"2026-04-15T23:55:47","slug":"en-iyi-arkadasim-sensin","status":"publish","type":"product","link":"https:\/\/roveyayinevi.com.tr\/index.php\/urun\/en-iyi-arkadasim-sensin\/","title":{"rendered":"En \u0130yi Arkada\u015f\u0131m Sensin"},"content":{"rendered":"<p>En iyi arkada\u015f\u0131m sensin\u2026 Biz birlikte \u201cfarkl\u0131 ve e\u015fsiz\u201d bir g\u00f6kku\u015fa\u011f\u0131 gibiyiz. Her birimiz kendi rengimizde g\u00fczeliz. Renklerimizi birlikte sevip koruyal\u0131m. <\/p>\n","protected":false},"excerpt":{"rendered":"<p>En iyi arkada\u015f\u0131m sensin\u2026 Biz birlikte \u201cfarkl\u0131 ve e\u015fsiz\u201d bir g\u00f6kku\u015fa\u011f\u0131 gibiyiz. Her birimiz kendi rengimizde g\u00fczeliz. Renklerimizi birlikte sevip koruyal\u0131m.<\/p>\n","protected":false},"featured_media":0,"template":"","meta":{"_monsterinsights_skip_tracking":false,"_monsterinsights_sitenote_active":false,"_monsterinsights_sitenote_note":"","_monsterinsights_sitenote_category":0},"product_brand":[],"product_cat":[12274,15842],"product_tag":[],"class_list":{"0":"post-744245","1":"product","2":"type-product","3":"status-publish","5":"product_cat-cocuk-ve-genclik-kitaplari","6":"product_cat-egitici-kitaplar","7":"pa_cilt-ciltsiz","8":"pa_tur-kitap","9":"pa_yayinevi-gulnar-yayinlari","10":"pa_yazar-fatma-esral","12":"first","13":"instock","14":"sale","15":"shipping-taxable","16":"purchasable","17":"product-type-simple"},"_links":{"self":[{"href":"https:\/\/roveyayinevi.com.tr\/index.php\/wp-json\/wp\/v2\/product\/744245","targetHints":{"allow":["GET"]}}],"collection":[{"href":"https:\/\/roveyayinevi.com.tr\/index.php\/wp-json\/wp\/v2\/product"}],"about":[{"href":"https:\/\/roveyayinevi.com.tr\/index.php\/wp-json\/wp\/v2\/types\/product"}],"wp:attachment":[{"href":"https:\/\/roveyayinevi.com.tr\/index.php\/wp-json\/wp\/v2\/media?parent=744245"}],"wp:term":[{"taxonomy":"product_brand","embeddable":true,"href":"https:\/\/roveyayinevi.com.tr\/index.php\/wp-json\/wp\/v2\/product_brand?post=744245"},{"taxonomy":"product_cat","embeddable":true,"href":"https:\/\/roveyayinevi.com.tr\/index.php\/wp-json\/wp\/v2\/product_cat?post=744245"},{"taxonomy":"product_tag","embeddable":true,"href":"https:\/\/roveyayinevi.com.tr\/index.php\/wp-json\/wp\/v2\/product_tag?post=744245"}],"curies":[{"name":"wp","href":"https:\/\/api.w.org\/{rel}","templated":true}]}}