{"id":744244,"date":"2025-08-28T01:52:46","date_gmt":"2025-08-27T22:52:46","guid":{"rendered":"https:\/\/roveyayinevi.com.tr\/index.php\/urun\/bitmeyen-siirimsin\/"},"modified":"2026-04-16T02:55:47","modified_gmt":"2026-04-15T23:55:47","slug":"bitmeyen-siirimsin","status":"publish","type":"product","link":"https:\/\/roveyayinevi.com.tr\/index.php\/urun\/bitmeyen-siirimsin\/","title":{"rendered":"Bitmeyen \u015eiirimsin"},"content":{"rendered":"<p>Vars\u0131n zaman d\u00f6rt nala y\u0131llar ile yar\u0131\u015fs\u0131n Sen benim bitmeyecek \u015fiirimsin sevgili Simsiyah sa\u00e7lar\u0131ma aklar dolup kar\u0131\u015fs\u0131n Sen benim bitmeyecek \u015fiirimsin sevgili   El eleyim kol kola hayalinle gezerim Sat\u0131r sat\u0131r d\u00fc\u015ferim m\u0131sra m\u0131sra yazar\u0131m Dile gelmeyen s\u00f6z\u00fcn mezar\u0131n\u0131 kazar\u0131m Sen benim bitmeyecek \u015fiirimsin sevgili   \u0130mgelerle dans ettim kollar\u0131na at\u0131ld\u0131m O an kendimden ge\u00e7tim \u015fark\u0131lara kat\u0131ld\u0131m Her nakaratta sana ben yeniden tutuldum Sen benim bitmeyecek \u015fiirimsin sevgili   Ne mevsimsin ne hafta ne s\u00fcreli  bir ays\u0131n Parlayan y\u0131ld\u0131z\u0131ms\u0131n g\u00f6kkubbemdeki ays\u0131n At\u00ee seninle g\u00fczel umut sende uyans\u0131n Sen benim bitmeyecek \u015fiirimsin sevgili   G\u00f6zlerinin i\u00e7inde say\u0131s\u0131z redif sakl\u0131 Seni yazan kalemim yad ellere yasakl\u0131 Bak\u0131\u015flar\u0131n berceste g\u00fcl\u00fc\u015flerin uyakl\u0131 Sen benim bitmeyecek \u015fiirimsin sevgili <\/p>\n","protected":false},"excerpt":{"rendered":"<p>Vars\u0131n zaman d\u00f6rt nala y\u0131llar ile yar\u0131\u015fs\u0131n Sen benim bitmeyecek \u015fiirimsin sevgili Simsiyah sa\u00e7lar\u0131ma aklar dolup kar\u0131\u015fs\u0131n Sen benim bitmeyecek \u015fiirimsin sevgili El eleyim kol kola<span class=\"excerpt-hellip\"> [\u2026]<\/span><\/p>\n","protected":false},"featured_media":0,"template":"","meta":{"_monsterinsights_skip_tracking":false,"_monsterinsights_sitenote_active":false,"_monsterinsights_sitenote_note":"","_monsterinsights_sitenote_category":0},"product_brand":[],"product_cat":[12291,12509],"product_tag":[],"class_list":{"0":"post-744244","1":"product","2":"type-product","3":"status-publish","5":"product_cat-edebiyat","6":"product_cat-siir","7":"pa_cilt-ciltsiz","8":"pa_tur-kitap","9":"pa_yayinevi-gulnar-yayinlari","10":"pa_yazar-arzu-karademir","12":"first","13":"instock","14":"sale","15":"shipping-taxable","16":"purchasable","17":"product-type-simple"},"_links":{"self":[{"href":"https:\/\/roveyayinevi.com.tr\/index.php\/wp-json\/wp\/v2\/product\/744244","targetHints":{"allow":["GET"]}}],"collection":[{"href":"https:\/\/roveyayinevi.com.tr\/index.php\/wp-json\/wp\/v2\/product"}],"about":[{"href":"https:\/\/roveyayinevi.com.tr\/index.php\/wp-json\/wp\/v2\/types\/product"}],"wp:attachment":[{"href":"https:\/\/roveyayinevi.com.tr\/index.php\/wp-json\/wp\/v2\/media?parent=744244"}],"wp:term":[{"taxonomy":"product_brand","embeddable":true,"href":"https:\/\/roveyayinevi.com.tr\/index.php\/wp-json\/wp\/v2\/product_brand?post=744244"},{"taxonomy":"product_cat","embeddable":true,"href":"https:\/\/roveyayinevi.com.tr\/index.php\/wp-json\/wp\/v2\/product_cat?post=744244"},{"taxonomy":"product_tag","embeddable":true,"href":"https:\/\/roveyayinevi.com.tr\/index.php\/wp-json\/wp\/v2\/product_tag?post=744244"}],"curies":[{"name":"wp","href":"https:\/\/api.w.org\/{rel}","templated":true}]}}