{"id":744243,"date":"2025-08-28T01:52:45","date_gmt":"2025-08-27T22:52:45","guid":{"rendered":"https:\/\/roveyayinevi.com.tr\/index.php\/urun\/reenkarnasyon-ve-karma-kanunu\/"},"modified":"2026-04-16T02:55:47","modified_gmt":"2026-04-15T23:55:47","slug":"reenkarnasyon-ve-karma-kanunu","status":"publish","type":"product","link":"https:\/\/roveyayinevi.com.tr\/index.php\/urun\/reenkarnasyon-ve-karma-kanunu\/","title":{"rendered":"Reenkarnasyon ve Karma Kanunu"},"content":{"rendered":"<p>Karma ve Reenkarnasyon el ele gider. \u00c7o\u011fu din, Hristiyanl\u0131k ve M\u00fcsl\u00fcmanl\u0131k hari\u00e7, bu eski yasalar\u0131n bir izine sahiptir. Organize Hristiyanl\u0131k ve M\u00fcsl\u00fcmanl\u0131ktan \u00f6nce topluluklar, hala Karma ve Reenkarnasyona inan\u0131yordu, ilk Klise babalar\u0131 ve di\u011fer dinlerin ruhban s\u0131n\u0131flar\u0131bu t\u00fcr kavramlar\u0131n ortadan kald\u0131r\u0131ld\u0131\u011f\u0131ndan ve yok edildi\u011finden emin oldular. B\u00f6ylece konumlar\u0131n\u0131 ve kilisenin ve devletin olu\u015fturdu\u011fu siyasi ba\u011flar\u0131 g\u00fc\u00e7lendirdiler. Atkinson&#8217;\u0131n kitab\u0131, bu iki inanc\u0131n incelenmesi i\u00e7in tarihsel ve felsefi bir referanst\u0131r. Bir inan\u00e7 olarak reeankarnasyon, \u00f6l\u00fcm korkusunu ge\u00e7ersiz k\u0131lar. Takip\u00e7ilerine g\u00f6re; \u00f6l\u00fcm, bir durum de\u011fi\u015fikli\u011finden ba\u015fka bir \u015fey de\u011fildir ve ruhumuz, do\u011fu\u015ftan gelen, ilahi bir dilim i\u00e7eren sonsuz, \u00f6l\u00fcms\u00fczbir \u0131\u015f\u0131kt\u0131r. <\/p>\n","protected":false},"excerpt":{"rendered":"<p>Karma ve Reenkarnasyon el ele gider. \u00c7o\u011fu din, Hristiyanl\u0131k ve M\u00fcsl\u00fcmanl\u0131k hari\u00e7, bu eski yasalar\u0131n bir izine sahiptir. Organize Hristiyanl\u0131k ve M\u00fcsl\u00fcmanl\u0131ktan \u00f6nce topluluklar, hala Karma<span class=\"excerpt-hellip\"> [\u2026]<\/span><\/p>\n","protected":false},"featured_media":0,"template":"","meta":{"_monsterinsights_skip_tracking":false,"_monsterinsights_sitenote_active":false,"_monsterinsights_sitenote_note":"","_monsterinsights_sitenote_category":0},"product_brand":[],"product_cat":[12365,12364],"product_tag":[],"class_list":{"0":"post-744243","1":"product","2":"type-product","3":"status-publish","5":"product_cat-diger-genel-konular","6":"product_cat-genel-konular","7":"pa_cilt-ciltsiz","8":"pa_tur-kitap","9":"pa_yayinevi-fa-yayinlari","10":"pa_yazar-william-walker-atkinson","12":"first","13":"instock","14":"sale","15":"shipping-taxable","16":"purchasable","17":"product-type-simple"},"_links":{"self":[{"href":"https:\/\/roveyayinevi.com.tr\/index.php\/wp-json\/wp\/v2\/product\/744243","targetHints":{"allow":["GET"]}}],"collection":[{"href":"https:\/\/roveyayinevi.com.tr\/index.php\/wp-json\/wp\/v2\/product"}],"about":[{"href":"https:\/\/roveyayinevi.com.tr\/index.php\/wp-json\/wp\/v2\/types\/product"}],"wp:attachment":[{"href":"https:\/\/roveyayinevi.com.tr\/index.php\/wp-json\/wp\/v2\/media?parent=744243"}],"wp:term":[{"taxonomy":"product_brand","embeddable":true,"href":"https:\/\/roveyayinevi.com.tr\/index.php\/wp-json\/wp\/v2\/product_brand?post=744243"},{"taxonomy":"product_cat","embeddable":true,"href":"https:\/\/roveyayinevi.com.tr\/index.php\/wp-json\/wp\/v2\/product_cat?post=744243"},{"taxonomy":"product_tag","embeddable":true,"href":"https:\/\/roveyayinevi.com.tr\/index.php\/wp-json\/wp\/v2\/product_tag?post=744243"}],"curies":[{"name":"wp","href":"https:\/\/api.w.org\/{rel}","templated":true}]}}