{"id":744241,"date":"2025-08-28T01:52:42","date_gmt":"2025-08-27T22:52:42","guid":{"rendered":"https:\/\/roveyayinevi.com.tr\/index.php\/urun\/alamet\/"},"modified":"2026-04-16T02:55:47","modified_gmt":"2026-04-15T23:55:47","slug":"alamet","status":"publish","type":"product","link":"https:\/\/roveyayinevi.com.tr\/index.php\/urun\/alamet\/","title":{"rendered":"Alamet"},"content":{"rendered":"<p>\u201c \u00d6LD\u00dcRMEK \u0130\u00c7\u0130N YA\u015eAMAYIZ, YA\u015eAMAK \u0130\u00c7\u0130N \u00d6LD\u00dcR\u00dcR\u00dcZ!\u201d                         C\u00dcCELER S\u0130RK\u0130&#8217;NE DAVETL\u0130S\u0130N\u0130Z!               Bildi\u011finiz t\u00fcm sirkleri unutun. Bu sirk, size \u00f6l\u00fcms\u00fczl\u00fck vadediyor. G\u00f6zlerinizi kapat\u0131n ve kendinizi Kemanc\u0131&#8217;n\u0131n melodillerine b\u0131rak\u0131n. G\u00fc\u00e7, zihninizden bedeninize aks\u0131n. Perde a\u00e7\u0131ls\u0131n!               C\u00fccelerin e\u011flenceli d\u00fcnyas\u0131nda var olan her \u015fey ya bir yan\u0131lsamadan ibaretse? Ya y\u0131llard\u0131r masallarda okudu\u011fumuz c\u00fcceler sand\u0131\u011f\u0131m\u0131z kadar masum de\u011filse?               HER \u015eEY K\u00d6T\u00dcL\u00dc\u011e\u00dcN BA\u015eLADI\u011eI YERDE SON BULACAK!                   Arif kay\u0131p yedi y\u0131l\u0131n\u0131 zihninin karanl\u0131k dehlizlerine g\u00f6mm\u00fc\u015f, 18 ya\u015f\u0131na geldi\u011finde devlet taraf\u0131ndan hademe olarak bir okula yerle\u015ftirilmi\u015ftir. Ya\u015fad\u0131\u011f\u0131 hi\u00e7bir \u015fehir, ona istedi\u011fi hayat\u0131 verememi\u015ftir. Aradan y\u0131llar ge\u00e7ip 30 ya\u015f\u0131na geldi\u011finde\u00e7al\u0131\u015fmak i\u00e7in yerle\u015fti\u011fi bu k\u00fc\u00e7\u00fck belde, ona dostluklar kazand\u0131rm\u0131\u015f ama korkular\u0131n\u0131 da beraberinde getirmi\u015ftir. \u015eimdi 7 ya\u015f\u0131na geri d\u00f6nmeli, korkular\u0131yla y\u00fczle\u015fmel, kay\u0131p hat\u0131ralar\u0131n\u0131 an\u0131msamal\u0131 ve gelece\u011fi i\u00e7in sava\u015fmal\u0131d\u0131r. <\/p>\n","protected":false},"excerpt":{"rendered":"<p>\u201c \u00d6LD\u00dcRMEK \u0130\u00c7\u0130N YA\u015eAMAYIZ, YA\u015eAMAK \u0130\u00c7\u0130N \u00d6LD\u00dcR\u00dcR\u00dcZ!\u201d C\u00dcCELER S\u0130RK\u0130&#8217;NE DAVETL\u0130S\u0130N\u0130Z! Bildi\u011finiz t\u00fcm sirkleri unutun. Bu sirk, size \u00f6l\u00fcms\u00fczl\u00fck vadediyor. G\u00f6zlerinizi kapat\u0131n ve kendinizi Kemanc\u0131&#8217;n\u0131n melodillerine b\u0131rak\u0131n.<span class=\"excerpt-hellip\"> [\u2026]<\/span><\/p>\n","protected":false},"featured_media":0,"template":"","meta":{"_monsterinsights_skip_tracking":false,"_monsterinsights_sitenote_active":false,"_monsterinsights_sitenote_note":"","_monsterinsights_sitenote_category":0},"product_brand":[],"product_cat":[12291,17033],"product_tag":[],"class_list":{"0":"post-744241","1":"product","2":"type-product","3":"status-publish","5":"product_cat-edebiyat","6":"product_cat-korku-gerilim","7":"pa_cilt-ciltsiz","8":"pa_tur-kitap","9":"pa_yayinevi-fa-yayinlari","10":"pa_yazar-erkan-aksu","12":"first","13":"instock","14":"sale","15":"shipping-taxable","16":"purchasable","17":"product-type-simple"},"_links":{"self":[{"href":"https:\/\/roveyayinevi.com.tr\/index.php\/wp-json\/wp\/v2\/product\/744241","targetHints":{"allow":["GET"]}}],"collection":[{"href":"https:\/\/roveyayinevi.com.tr\/index.php\/wp-json\/wp\/v2\/product"}],"about":[{"href":"https:\/\/roveyayinevi.com.tr\/index.php\/wp-json\/wp\/v2\/types\/product"}],"wp:attachment":[{"href":"https:\/\/roveyayinevi.com.tr\/index.php\/wp-json\/wp\/v2\/media?parent=744241"}],"wp:term":[{"taxonomy":"product_brand","embeddable":true,"href":"https:\/\/roveyayinevi.com.tr\/index.php\/wp-json\/wp\/v2\/product_brand?post=744241"},{"taxonomy":"product_cat","embeddable":true,"href":"https:\/\/roveyayinevi.com.tr\/index.php\/wp-json\/wp\/v2\/product_cat?post=744241"},{"taxonomy":"product_tag","embeddable":true,"href":"https:\/\/roveyayinevi.com.tr\/index.php\/wp-json\/wp\/v2\/product_tag?post=744241"}],"curies":[{"name":"wp","href":"https:\/\/api.w.org\/{rel}","templated":true}]}}