{"id":744240,"date":"2025-08-28T01:52:41","date_gmt":"2025-08-27T22:52:41","guid":{"rendered":"https:\/\/roveyayinevi.com.tr\/index.php\/urun\/babasini-arayan-yuzyilinda-kayip-bir-kiz\/"},"modified":"2026-04-16T02:55:47","modified_gmt":"2026-04-15T23:55:47","slug":"babasini-arayan-yuzyilinda-kayip-bir-kiz","status":"publish","type":"product","link":"https:\/\/roveyayinevi.com.tr\/index.php\/urun\/babasini-arayan-yuzyilinda-kayip-bir-kiz\/","title":{"rendered":"Babas\u0131n\u0131 Arayan Y\u00fczy\u0131l\u0131nda Kay\u0131p Bir K\u0131z"},"content":{"rendered":"<p>\u00c7a\u011fda\u015f Portekiz edebiyat\u0131n\u0131n en \u00fcretken kalemlerinden Gon\u00e7alo M. Tavares\u2019ten kar\u0131n bo\u015flu\u011funa inen yumruk gibi bir kitap, Babas\u0131n\u0131 Arayan Y\u00fczy\u0131l\u0131nda Kay\u0131p Bir K\u0131z. Marius adl\u0131 \u201cka\u00e7ak\u201d bir adam bir g\u00fcn \u015fehrin ortas\u0131nda, elinde k\u00fc\u00e7\u00fck kartlar olan 14 ya\u015f\u0131nda Down sendromlu bir k\u0131zla kar\u015f\u0131la\u015f\u0131r. K\u0131z\u0131n etraf\u0131nda kimse yoktur ve belli ki kay\u0131pt\u0131r. K\u0131sa s\u00fcre sonra anla\u015f\u0131lacakt\u0131r ki, Hanna adl\u0131 bu k\u0131z Berlin\u2019deki kay\u0131p babas\u0131n\u0131 aramaktad\u0131r. Ka\u00e7ak Marius ister istemez Hanna\u2019ya bu aray\u0131\u015fta yard\u0131mc\u0131 olacakt\u0131r. Berlin\u2019e gitmek \u00fczere yola \u00e7\u0131karlar, yol boyunca kar\u015f\u0131lar\u0131na \u00e7\u0131kan birbirinden ilgin\u00e7 insanlar ise onlar\u0131 as\u0131l arad\u0131klar\u0131ndan bamba\u015fka bir noktaya getirecektir. Kar\u015f\u0131la\u015f\u0131lan her insan, ge\u00e7mi\u015fte ya\u015fananlara dair bir metafor ve \u00f6nlerine \u00e7\u0131kan her ger\u00e7ek, ayr\u0131 bir imgeye d\u00f6n\u00fc\u015fecektir. Okurlar\u0131n Kud\u00fcs, Beyefendiler, Teknik \u00c7a\u011f\u0131nda Dua Etmeyi \u00d6\u011frenmek gibi romanlar\u0131ndan a\u015fina oldu\u011fu \u00fczere Tavares, yine k\u00fc\u00e7\u00fck k\u00fc\u00e7\u00fck oyunlar kurarak toplumsal, hatta evrensel haf\u0131za meselesini kurcal\u0131yor bu kez. \u0130lk sat\u0131r\u0131ndan son noktas\u0131na kadar bu \u00e7i\u011f \u00e7a\u011f\u0131n vicdanl\u0131 insanlar\u0131na sesleniyor. <\/p>\n","protected":false},"excerpt":{"rendered":"<p>\u00c7a\u011fda\u015f Portekiz edebiyat\u0131n\u0131n en \u00fcretken kalemlerinden Gon\u00e7alo M. Tavares\u2019ten kar\u0131n bo\u015flu\u011funa inen yumruk gibi bir kitap, Babas\u0131n\u0131 Arayan Y\u00fczy\u0131l\u0131nda Kay\u0131p Bir K\u0131z. Marius adl\u0131 \u201cka\u00e7ak\u201d bir<span class=\"excerpt-hellip\"> [\u2026]<\/span><\/p>\n","protected":false},"featured_media":0,"template":"","meta":{"_monsterinsights_skip_tracking":false,"_monsterinsights_sitenote_active":false,"_monsterinsights_sitenote_note":"","_monsterinsights_sitenote_category":0},"product_brand":[],"product_cat":[12291,12711],"product_tag":[],"class_list":{"0":"post-744240","1":"product","2":"type-product","3":"status-publish","5":"product_cat-edebiyat","6":"product_cat-roman-oyku","7":"pa_cilt-ciltsiz","8":"pa_tur-kitap","9":"pa_yayinevi-kirmizi-kedi-yayinevi","10":"pa_yazar-goncalo-m-tavares","12":"first","13":"instock","14":"sale","15":"shipping-taxable","16":"purchasable","17":"product-type-simple"},"_links":{"self":[{"href":"https:\/\/roveyayinevi.com.tr\/index.php\/wp-json\/wp\/v2\/product\/744240","targetHints":{"allow":["GET"]}}],"collection":[{"href":"https:\/\/roveyayinevi.com.tr\/index.php\/wp-json\/wp\/v2\/product"}],"about":[{"href":"https:\/\/roveyayinevi.com.tr\/index.php\/wp-json\/wp\/v2\/types\/product"}],"wp:attachment":[{"href":"https:\/\/roveyayinevi.com.tr\/index.php\/wp-json\/wp\/v2\/media?parent=744240"}],"wp:term":[{"taxonomy":"product_brand","embeddable":true,"href":"https:\/\/roveyayinevi.com.tr\/index.php\/wp-json\/wp\/v2\/product_brand?post=744240"},{"taxonomy":"product_cat","embeddable":true,"href":"https:\/\/roveyayinevi.com.tr\/index.php\/wp-json\/wp\/v2\/product_cat?post=744240"},{"taxonomy":"product_tag","embeddable":true,"href":"https:\/\/roveyayinevi.com.tr\/index.php\/wp-json\/wp\/v2\/product_tag?post=744240"}],"curies":[{"name":"wp","href":"https:\/\/api.w.org\/{rel}","templated":true}]}}