{"id":744238,"date":"2025-08-28T01:52:39","date_gmt":"2025-08-27T22:52:39","guid":{"rendered":"https:\/\/roveyayinevi.com.tr\/index.php\/urun\/ekonomi-felsefesi\/"},"modified":"2026-04-16T02:55:47","modified_gmt":"2026-04-15T23:55:47","slug":"ekonomi-felsefesi","status":"publish","type":"product","link":"https:\/\/roveyayinevi.com.tr\/index.php\/urun\/ekonomi-felsefesi\/","title":{"rendered":"Ekonomi Felsefesi"},"content":{"rendered":"<p>\u201cHer ekonomik sistem, bir dizi kurala ve bu kurallar\u0131 hakl\u0131 \u00e7\u0131karacak bir ideolojiye ve bireyde bunlar\u0131 uygulamak i\u00e7in \u00e7abalamas\u0131n\u0131 sa\u011flayacak bir vicdana ihtiya\u00e7 duyar\u201d diyen Joan Robinson\u2019a g\u00f6re \u201cBir aya\u011f\u0131 test edilmemi\u015f hipotezlerde, di\u011fer aya\u011f\u0131 ise test edilemeyen sloganlarda olan iktisat bilimi topallamaktad\u0131r. Buradaki g\u00f6revimiz, bu ideoloji ve bilim kar\u0131\u015f\u0131m\u0131n\u0131 elimizden geldi\u011fince \u00e7\u00f6z\u00fcme kavu\u015fturmakt\u0131r.\u201d Art\u0131k iktisat alan\u0131n\u0131n klasiklerinden kabul edilen bu \u00e7al\u0131\u015fmas\u0131nda Robinson, ekonomi d\u00fc\u015f\u00fcncesini ku\u015fatan metafizik \u00f6nermelerin, herhangi bir mant\u0131ksal temele sahip olmadan insanlar\u0131n d\u00fc\u015f\u00fcnce ve eylemleri \u00fczerinde ne kadar b\u00fcy\u00fck bir etkisi olabilece\u011fini g\u00f6stermek i\u00e7in kollar\u0131 s\u0131v\u0131yor. Robinson okuyuculara ekonomi alan\u0131ndaki d\u00fc\u015f\u00fcncelerin perde arkas\u0131n\u0131 g\u00f6steriyor ve dogmatik i\u00e7eri\u011fini if\u015fa ediyor. B\u00f6ylece iktisad\u0131n ger\u00e7ek bir bilim olma yolunda ilerlemesi i\u00e7in kendini metafizikten ar\u0131nd\u0131rmas\u0131 gerekti\u011fini net bir \u015fekilde ortaya koyuyor. <\/p>\n","protected":false},"excerpt":{"rendered":"<p>\u201cHer ekonomik sistem, bir dizi kurala ve bu kurallar\u0131 hakl\u0131 \u00e7\u0131karacak bir ideolojiye ve bireyde bunlar\u0131 uygulamak i\u00e7in \u00e7abalamas\u0131n\u0131 sa\u011flayacak bir vicdana ihtiya\u00e7 duyar\u201d diyen Joan<span class=\"excerpt-hellip\"> [\u2026]<\/span><\/p>\n","protected":false},"featured_media":0,"template":"","meta":{"_monsterinsights_skip_tracking":false,"_monsterinsights_sitenote_active":false,"_monsterinsights_sitenote_note":"","_monsterinsights_sitenote_category":0},"product_brand":[],"product_cat":[14841,13043],"product_tag":[],"class_list":{"0":"post-744238","1":"product","2":"type-product","3":"status-publish","5":"product_cat-arastirma-inceleme-kuram","6":"product_cat-ekonomi","7":"pa_cilt-ciltsiz","8":"pa_tur-kitap","9":"pa_yayinevi-mediacat-kitaplari","10":"pa_yazar-joan-robinson","12":"first","13":"instock","14":"sale","15":"shipping-taxable","16":"purchasable","17":"product-type-simple"},"_links":{"self":[{"href":"https:\/\/roveyayinevi.com.tr\/index.php\/wp-json\/wp\/v2\/product\/744238","targetHints":{"allow":["GET"]}}],"collection":[{"href":"https:\/\/roveyayinevi.com.tr\/index.php\/wp-json\/wp\/v2\/product"}],"about":[{"href":"https:\/\/roveyayinevi.com.tr\/index.php\/wp-json\/wp\/v2\/types\/product"}],"wp:attachment":[{"href":"https:\/\/roveyayinevi.com.tr\/index.php\/wp-json\/wp\/v2\/media?parent=744238"}],"wp:term":[{"taxonomy":"product_brand","embeddable":true,"href":"https:\/\/roveyayinevi.com.tr\/index.php\/wp-json\/wp\/v2\/product_brand?post=744238"},{"taxonomy":"product_cat","embeddable":true,"href":"https:\/\/roveyayinevi.com.tr\/index.php\/wp-json\/wp\/v2\/product_cat?post=744238"},{"taxonomy":"product_tag","embeddable":true,"href":"https:\/\/roveyayinevi.com.tr\/index.php\/wp-json\/wp\/v2\/product_tag?post=744238"}],"curies":[{"name":"wp","href":"https:\/\/api.w.org\/{rel}","templated":true}]}}