{"id":744235,"date":"2025-08-28T01:52:35","date_gmt":"2025-08-27T22:52:35","guid":{"rendered":"https:\/\/roveyayinevi.com.tr\/index.php\/urun\/bloodborne-4-pece-paramparca\/"},"modified":"2026-04-16T02:55:46","modified_gmt":"2026-04-15T23:55:46","slug":"bloodborne-4-pece-paramparca","status":"publish","type":"product","link":"https:\/\/roveyayinevi.com.tr\/index.php\/urun\/bloodborne-4-pece-paramparca\/","title":{"rendered":"Bloodborne-4: Pe\u00e7e, Parampar\u00e7a"},"content":{"rendered":"<p>K\u00c2BUS BA\u015eLIYOR!   Fromsoftware\/Hidetaka Miyazaki&#8217;nin ele\u015ftirmenlerce be\u011fenilen Bloodborne video oyunundan \u00e7\u0131kan ve devam eden \u00e7izgi roman serisinde Yharham&#8217;\u0131n gizemlerini ke\u015ffedin!   Yharnam \u00e7\u0131lg\u0131nl\u0131\u011fa s\u00fcr\u00fcklendi&#8230;   Yarem kente uzun zaman \u00f6nce, ge\u00e7mi\u015fi prangalarla dolu bir adam olarak geldi. Seyahat ve ke\u015fifte yeni bir ama\u00e7 buldu&#8230; Ancak Yharnam&#8217;da bulaca\u011f\u0131 \u015fey sadece arzusunun de\u011fil, ak\u0131l sa\u011fl\u0131\u011f\u0131n\u0131n da s\u0131n\u0131rlar\u0131n\u0131 test edecek.   Yharnam par\u00e7aland\u0131k\u00e7a, Yarem kendi zaman ve mek\u00e2n alg\u0131s\u0131n\u0131n k\u00f6kten de\u011fi\u015fti\u011fini fark eder. Ger\u00e7ekli\u011fin duvarlar\u0131 b\u00fck\u00fcl\u00fcr ve katlan\u0131r. Ay&#8217;\u0131n kanla doldu\u011funu g\u00f6r\u00fcr.   Yarem \u00e7\u0131lg\u0131nl\u0131\u011f\u0131n derinliklerine inmeye ve ger\u00e7ekli\u011fin yeni ufuklar\u0131n\u0131 cesurca ke\u015ffetmeye karar verir. Bu ke\u015fiflerin bedeli hayat\u0131 olabilir&#8230; Ya da en az\u0131ndan ak\u0131l sa\u011fl\u0131\u011f\u0131. <\/p>\n","protected":false},"excerpt":{"rendered":"<p>K\u00c2BUS BA\u015eLIYOR! Fromsoftware\/Hidetaka Miyazaki&#8217;nin ele\u015ftirmenlerce be\u011fenilen Bloodborne video oyunundan \u00e7\u0131kan ve devam eden \u00e7izgi roman serisinde Yharham&#8217;\u0131n gizemlerini ke\u015ffedin! Yharnam \u00e7\u0131lg\u0131nl\u0131\u011fa s\u00fcr\u00fcklendi&#8230; Yarem kente uzun zaman<span class=\"excerpt-hellip\"> [\u2026]<\/span><\/p>\n","protected":false},"featured_media":0,"template":"","meta":{"_monsterinsights_skip_tracking":false,"_monsterinsights_sitenote_active":false,"_monsterinsights_sitenote_note":"","_monsterinsights_sitenote_category":0},"product_brand":[],"product_cat":[12416,12291],"product_tag":[],"class_list":{"0":"post-744235","1":"product","2":"type-product","3":"status-publish","5":"product_cat-cizgi-roman","6":"product_cat-edebiyat","7":"pa_cilt-ciltsiz","8":"pa_tur-kitap","9":"pa_yayinevi-eksik-parca-yayinlari","10":"pa_yazar-ales-kot-matt-kindt","12":"first","13":"instock","14":"sale","15":"shipping-taxable","16":"purchasable","17":"product-type-simple"},"_links":{"self":[{"href":"https:\/\/roveyayinevi.com.tr\/index.php\/wp-json\/wp\/v2\/product\/744235","targetHints":{"allow":["GET"]}}],"collection":[{"href":"https:\/\/roveyayinevi.com.tr\/index.php\/wp-json\/wp\/v2\/product"}],"about":[{"href":"https:\/\/roveyayinevi.com.tr\/index.php\/wp-json\/wp\/v2\/types\/product"}],"wp:attachment":[{"href":"https:\/\/roveyayinevi.com.tr\/index.php\/wp-json\/wp\/v2\/media?parent=744235"}],"wp:term":[{"taxonomy":"product_brand","embeddable":true,"href":"https:\/\/roveyayinevi.com.tr\/index.php\/wp-json\/wp\/v2\/product_brand?post=744235"},{"taxonomy":"product_cat","embeddable":true,"href":"https:\/\/roveyayinevi.com.tr\/index.php\/wp-json\/wp\/v2\/product_cat?post=744235"},{"taxonomy":"product_tag","embeddable":true,"href":"https:\/\/roveyayinevi.com.tr\/index.php\/wp-json\/wp\/v2\/product_tag?post=744235"}],"curies":[{"name":"wp","href":"https:\/\/api.w.org\/{rel}","templated":true}]}}