{"id":744234,"date":"2025-08-28T01:52:33","date_gmt":"2025-08-27T22:52:33","guid":{"rendered":"https:\/\/roveyayinevi.com.tr\/index.php\/urun\/bloodborne-3-kargalarin-sarkisi\/"},"modified":"2026-04-16T02:55:46","modified_gmt":"2026-04-15T23:55:46","slug":"bloodborne-3-kargalarin-sarkisi","status":"publish","type":"product","link":"https:\/\/roveyayinevi.com.tr\/index.php\/urun\/bloodborne-3-kargalarin-sarkisi\/","title":{"rendered":"Bloodborne -3: Kargalar\u0131n \u015eark\u0131s\u0131"},"content":{"rendered":"<p>AVCILARI AVLAMAK.   Fromsoftware\/Hidetaka Miyazaki&#8217;nin ele\u015ftirmenlerce be\u011fenilen Bloodborne video oyunundan \u00e7\u0131kan ve devam eden \u00e7izgi roman serisinde Karga Eileen&#8217;in \u00e7arp\u0131k hik\u00e2yesini ke\u015ffedin!   Yharnam Kenti kara g\u00f6m\u00fcld\u00fc.   Karga Eileen Avc\u0131lar\u0131 g\u00f6m\u00fcyor. Ama biri ondan ka\u00e7\u0131yor. Zehirlenmi\u015f ve canavarca hislere kap\u0131lm\u0131\u015f bir halde Yharnam&#8217;da dola\u015farak sefalet ve y\u0131k\u0131ma yol a\u00e7\u0131yor. Bu arada cesetler art\u0131yor, ger\u00e7eklik sars\u0131l\u0131yor ve Byrgenwerth&#8217;te garip \u015feyler olur. Avc\u0131&#8217;n\u0131n pe\u015findeki Eileen, kendi ak\u0131l sa\u011fl\u0131\u011f\u0131yla ve ger\u00e7ekli\u011fin \u00f6tesine bir bak\u0131\u015f\u0131n getirdi\u011fi rahats\u0131z edici de\u011fi\u015fimle m\u00fccadele ediyor.   Kan ve \u00f6l\u00fcm Yharnam&#8217;\u0131 ve onun izinden gidenleri sar\u0131yor. Kentin ger\u00e7e\u011fini ve kendi i\u00e7 karma\u015fas\u0131n\u0131 ortaya \u00e7\u0131karmaya \u00e7al\u0131\u015fan Eileen&#8217;in aray\u0131\u015f\u0131n\u0131 takip edin. <\/p>\n","protected":false},"excerpt":{"rendered":"<p>AVCILARI AVLAMAK. Fromsoftware\/Hidetaka Miyazaki&#8217;nin ele\u015ftirmenlerce be\u011fenilen Bloodborne video oyunundan \u00e7\u0131kan ve devam eden \u00e7izgi roman serisinde Karga Eileen&#8217;in \u00e7arp\u0131k hik\u00e2yesini ke\u015ffedin! Yharnam Kenti kara g\u00f6m\u00fcld\u00fc. Karga<span class=\"excerpt-hellip\"> [\u2026]<\/span><\/p>\n","protected":false},"featured_media":0,"template":"","meta":{"_monsterinsights_skip_tracking":false,"_monsterinsights_sitenote_active":false,"_monsterinsights_sitenote_note":"","_monsterinsights_sitenote_category":0},"product_brand":[],"product_cat":[12416,12291],"product_tag":[],"class_list":{"0":"post-744234","1":"product","2":"type-product","3":"status-publish","5":"product_cat-cizgi-roman","6":"product_cat-edebiyat","7":"pa_cilt-ciltsiz","8":"pa_tur-kitap","9":"pa_yayinevi-eksik-parca-yayinlari","10":"pa_yazar-ales-kot-matt-kindt","12":"first","13":"instock","14":"sale","15":"shipping-taxable","16":"purchasable","17":"product-type-simple"},"_links":{"self":[{"href":"https:\/\/roveyayinevi.com.tr\/index.php\/wp-json\/wp\/v2\/product\/744234","targetHints":{"allow":["GET"]}}],"collection":[{"href":"https:\/\/roveyayinevi.com.tr\/index.php\/wp-json\/wp\/v2\/product"}],"about":[{"href":"https:\/\/roveyayinevi.com.tr\/index.php\/wp-json\/wp\/v2\/types\/product"}],"wp:attachment":[{"href":"https:\/\/roveyayinevi.com.tr\/index.php\/wp-json\/wp\/v2\/media?parent=744234"}],"wp:term":[{"taxonomy":"product_brand","embeddable":true,"href":"https:\/\/roveyayinevi.com.tr\/index.php\/wp-json\/wp\/v2\/product_brand?post=744234"},{"taxonomy":"product_cat","embeddable":true,"href":"https:\/\/roveyayinevi.com.tr\/index.php\/wp-json\/wp\/v2\/product_cat?post=744234"},{"taxonomy":"product_tag","embeddable":true,"href":"https:\/\/roveyayinevi.com.tr\/index.php\/wp-json\/wp\/v2\/product_tag?post=744234"}],"curies":[{"name":"wp","href":"https:\/\/api.w.org\/{rel}","templated":true}]}}