{"id":744233,"date":"2025-08-28T01:52:31","date_gmt":"2025-08-27T22:52:31","guid":{"rendered":"https:\/\/roveyayinevi.com.tr\/index.php\/urun\/ahlak-karsiti\/"},"modified":"2026-04-16T02:55:46","modified_gmt":"2026-04-15T23:55:46","slug":"ahlak-karsiti","status":"publish","type":"product","link":"https:\/\/roveyayinevi.com.tr\/index.php\/urun\/ahlak-karsiti\/","title":{"rendered":"Ahlak Kar\u015f\u0131t\u0131"},"content":{"rendered":"<p>\u201cAndr\u00e9 Gide yirminci y\u00fczy\u0131l\u0131n d\u00f6rt kutbundan birisidir.\u201d \u2013Jean-Paul Sartre   Nobel \u00f6d\u00fcll\u00fc Frans\u0131z yazar Andr\u00e9 Gide\u2019in kendi hayat \u00f6yk\u00fcs\u00fcne de s\u0131k s\u0131k at\u0131f yapt\u0131\u011f\u0131 eseri Ahlak Kar\u015f\u0131t\u0131, \u00f6zbenli\u011fini bulma pe\u015findeki Michel\u2019in dostlar\u0131na yapt\u0131\u011f\u0131 uzun bir konu\u015fman\u0131n metnidir. Kendi h\u00e2linde, saf bir can olan kahraman\u0131 Michel, \u00c2dem\u2019den bu yana in\u015fa edilmekte olan\u0131n d\u0131\u015f\u0131nda, yeni ve \u00f6zg\u00fcr bir ahlak\u0131n pe\u015fine d\u00fc\u015fer. Fransa ve s\u00f6m\u00fcrge co\u011frafyas\u0131nda ge\u00e7en anlat\u0131, mevcut ahlak anlay\u0131\u015f\u0131na bir yergiden ziyade onu bireysel olarak a\u015fma \u00e7abas\u0131n\u0131n objektif bir ele\u015ftirisi oldu\u011fu kadar sonradan Oryantalist bak\u0131\u015f olarak te\u015fhis edilecek d\u00fcnya g\u00f6r\u00fc\u015f\u00fcnden kli\u015feler de i\u00e7erir. <\/p>\n","protected":false},"excerpt":{"rendered":"<p>\u201cAndr\u00e9 Gide yirminci y\u00fczy\u0131l\u0131n d\u00f6rt kutbundan birisidir.\u201d \u2013Jean-Paul Sartre Nobel \u00f6d\u00fcll\u00fc Frans\u0131z yazar Andr\u00e9 Gide\u2019in kendi hayat \u00f6yk\u00fcs\u00fcne de s\u0131k s\u0131k at\u0131f yapt\u0131\u011f\u0131 eseri Ahlak Kar\u015f\u0131t\u0131,<span class=\"excerpt-hellip\"> [\u2026]<\/span><\/p>\n","protected":false},"featured_media":0,"template":"","meta":{"_monsterinsights_skip_tracking":false,"_monsterinsights_sitenote_active":false,"_monsterinsights_sitenote_note":"","_monsterinsights_sitenote_category":0},"product_brand":[],"product_cat":[12291,13376],"product_tag":[],"class_list":{"0":"post-744233","1":"product","2":"type-product","3":"status-publish","5":"product_cat-edebiyat","6":"product_cat-fransiz-edebiyati","7":"pa_cilt-ciltsiz","8":"pa_tur-kitap","9":"pa_yayinevi-ithaki-yayinlari","10":"pa_yazar-andre-gide","12":"first","13":"instock","14":"sale","15":"shipping-taxable","16":"purchasable","17":"product-type-simple"},"_links":{"self":[{"href":"https:\/\/roveyayinevi.com.tr\/index.php\/wp-json\/wp\/v2\/product\/744233","targetHints":{"allow":["GET"]}}],"collection":[{"href":"https:\/\/roveyayinevi.com.tr\/index.php\/wp-json\/wp\/v2\/product"}],"about":[{"href":"https:\/\/roveyayinevi.com.tr\/index.php\/wp-json\/wp\/v2\/types\/product"}],"wp:attachment":[{"href":"https:\/\/roveyayinevi.com.tr\/index.php\/wp-json\/wp\/v2\/media?parent=744233"}],"wp:term":[{"taxonomy":"product_brand","embeddable":true,"href":"https:\/\/roveyayinevi.com.tr\/index.php\/wp-json\/wp\/v2\/product_brand?post=744233"},{"taxonomy":"product_cat","embeddable":true,"href":"https:\/\/roveyayinevi.com.tr\/index.php\/wp-json\/wp\/v2\/product_cat?post=744233"},{"taxonomy":"product_tag","embeddable":true,"href":"https:\/\/roveyayinevi.com.tr\/index.php\/wp-json\/wp\/v2\/product_tag?post=744233"}],"curies":[{"name":"wp","href":"https:\/\/api.w.org\/{rel}","templated":true}]}}