{"id":744232,"date":"2025-08-28T01:52:30","date_gmt":"2025-08-27T22:52:30","guid":{"rendered":"https:\/\/roveyayinevi.com.tr\/index.php\/urun\/bloodborne-2-sifa-acligi\/"},"modified":"2026-04-16T02:55:46","modified_gmt":"2026-04-15T23:55:46","slug":"bloodborne-2-sifa-acligi","status":"publish","type":"product","link":"https:\/\/roveyayinevi.com.tr\/index.php\/urun\/bloodborne-2-sifa-acligi\/","title":{"rendered":"Bloodborne -2: \u015eifa A\u00e7l\u0131\u011f\u0131"},"content":{"rendered":"<p>ESK\u0130 KAN KORKUSU!   FromSoftware\/Hidetaka Miyazaki&#8217;nin b\u00fcy\u00fck be\u011feni toplayan Bloodborne video oyunundan uyarlanan Titan&#8217;\u0131n \u00e7ok satan \u00e7izgi roman serisinin ikinci cildi i\u00e7in Yharnam&#8217;a d\u00f6nerken \u015eifa Kilisesi&#8217;nin deh\u015fetini ortaya \u00e7\u0131kar\u0131n!   \u0130lk Avc\u0131lar hastalar\u0131 aramak i\u00e7in geceyi par\u00e7alara ay\u0131r\u0131rken, gizemli K\u00fcll\u00fc Kan hastal\u0131\u011f\u0131n\u0131n yay\u0131lmas\u0131n\u0131 durdurmak i\u00e7in m\u00fccadele eden \u015eifa Kilisesi kendi saflar\u0131 i\u00e7inden bir kopu\u015fla kar\u015f\u0131 kar\u015f\u0131ya kal\u0131r. Hastal\u0131\u011f\u0131n sebebinin Eski Kan oldu\u011fundan \u015f\u00fcphelenen Rahip Clement, \u015eifa Kilisesi&#8217;nin ger\u00e7ek do\u011fas\u0131n\u0131 ortaya \u00e7\u0131karmak ve Yharnam yurtta\u015flar\u0131na if\u015fa etmek i\u00e7in ya\u015fl\u0131 \u015fifac\u0131 Alfredius ile bir anla\u015fma yapar. <\/p>\n","protected":false},"excerpt":{"rendered":"<p>ESK\u0130 KAN KORKUSU! FromSoftware\/Hidetaka Miyazaki&#8217;nin b\u00fcy\u00fck be\u011feni toplayan Bloodborne video oyunundan uyarlanan Titan&#8217;\u0131n \u00e7ok satan \u00e7izgi roman serisinin ikinci cildi i\u00e7in Yharnam&#8217;a d\u00f6nerken \u015eifa Kilisesi&#8217;nin deh\u015fetini<span class=\"excerpt-hellip\"> [\u2026]<\/span><\/p>\n","protected":false},"featured_media":0,"template":"","meta":{"_monsterinsights_skip_tracking":false,"_monsterinsights_sitenote_active":false,"_monsterinsights_sitenote_note":"","_monsterinsights_sitenote_category":0},"product_brand":[],"product_cat":[12416,12291],"product_tag":[],"class_list":{"0":"post-744232","1":"product","2":"type-product","3":"status-publish","5":"product_cat-cizgi-roman","6":"product_cat-edebiyat","7":"pa_cilt-ciltsiz","8":"pa_tur-kitap","9":"pa_yayinevi-eksik-parca-yayinlari","10":"pa_yazar-ales-kot-matt-kindt","12":"first","13":"instock","14":"sale","15":"shipping-taxable","16":"purchasable","17":"product-type-simple"},"_links":{"self":[{"href":"https:\/\/roveyayinevi.com.tr\/index.php\/wp-json\/wp\/v2\/product\/744232","targetHints":{"allow":["GET"]}}],"collection":[{"href":"https:\/\/roveyayinevi.com.tr\/index.php\/wp-json\/wp\/v2\/product"}],"about":[{"href":"https:\/\/roveyayinevi.com.tr\/index.php\/wp-json\/wp\/v2\/types\/product"}],"wp:attachment":[{"href":"https:\/\/roveyayinevi.com.tr\/index.php\/wp-json\/wp\/v2\/media?parent=744232"}],"wp:term":[{"taxonomy":"product_brand","embeddable":true,"href":"https:\/\/roveyayinevi.com.tr\/index.php\/wp-json\/wp\/v2\/product_brand?post=744232"},{"taxonomy":"product_cat","embeddable":true,"href":"https:\/\/roveyayinevi.com.tr\/index.php\/wp-json\/wp\/v2\/product_cat?post=744232"},{"taxonomy":"product_tag","embeddable":true,"href":"https:\/\/roveyayinevi.com.tr\/index.php\/wp-json\/wp\/v2\/product_tag?post=744232"}],"curies":[{"name":"wp","href":"https:\/\/api.w.org\/{rel}","templated":true}]}}