{"id":744231,"date":"2025-08-28T01:52:28","date_gmt":"2025-08-27T22:52:28","guid":{"rendered":"https:\/\/roveyayinevi.com.tr\/index.php\/urun\/bloodborne-1-uykunun-olumu\/"},"modified":"2026-04-16T02:55:46","modified_gmt":"2026-04-15T23:55:46","slug":"bloodborne-1-uykunun-olumu","status":"publish","type":"product","link":"https:\/\/roveyayinevi.com.tr\/index.php\/urun\/bloodborne-1-uykunun-olumu\/","title":{"rendered":"Bloodborne -1  Uykunun \u00d6l\u00fcm\u00fc"},"content":{"rendered":"<p>AVI A\u015eMAK \u0130\u00c7\u0130N SOLUKKAN\u2019I ARAYIN!   FromSoftware\/Hidetaka Miyazaki&#8217;nin ele\u015ftirmenlerce be\u011fenilen Bloodborne video oyunundan \u00e7\u0131kan yepyeni bir \u00e7izgi roman serisinde Eski Yharnam&#8217;\u0131n korkun\u00e7 s\u0131rlar\u0131n\u0131 ke\u015ffedin!   Korkun\u00e7 yarat\u0131klar\u0131n g\u00f6lgelerde dola\u015ft\u0131\u011f\u0131 ve sokaklar\u0131n lanetlilerin kan\u0131yla kayganla\u015ft\u0131\u011f\u0131, sapk\u0131n bir salg\u0131n\u0131n musallat oldu\u011fu eski bir \u015fehirde uyanan isimsiz bir Avc\u0131, Solukkan&#8217;\u0131 aramak i\u00e7in tehlikeli bir maceraya at\u0131l\u0131yor&#8230; Sonsuz Av Gecesi&#8217;nden tek ka\u00e7\u0131\u015f yolu&#8230;<\/p>\n","protected":false},"excerpt":{"rendered":"<p>AVI A\u015eMAK \u0130\u00c7\u0130N SOLUKKAN\u2019I ARAYIN! FromSoftware\/Hidetaka Miyazaki&#8217;nin ele\u015ftirmenlerce be\u011fenilen Bloodborne video oyunundan \u00e7\u0131kan yepyeni bir \u00e7izgi roman serisinde Eski Yharnam&#8217;\u0131n korkun\u00e7 s\u0131rlar\u0131n\u0131 ke\u015ffedin! Korkun\u00e7 yarat\u0131klar\u0131n g\u00f6lgelerde<span class=\"excerpt-hellip\"> [\u2026]<\/span><\/p>\n","protected":false},"featured_media":0,"template":"","meta":{"_monsterinsights_skip_tracking":false,"_monsterinsights_sitenote_active":false,"_monsterinsights_sitenote_note":"","_monsterinsights_sitenote_category":0},"product_brand":[],"product_cat":[12416,12291],"product_tag":[],"class_list":{"0":"post-744231","1":"product","2":"type-product","3":"status-publish","5":"product_cat-cizgi-roman","6":"product_cat-edebiyat","7":"pa_cilt-ciltsiz","8":"pa_tur-kitap","9":"pa_yayinevi-eksik-parca-yayinlari","10":"pa_yazar-ales-kot-matt-kindt","12":"first","13":"instock","14":"sale","15":"shipping-taxable","16":"purchasable","17":"product-type-simple"},"_links":{"self":[{"href":"https:\/\/roveyayinevi.com.tr\/index.php\/wp-json\/wp\/v2\/product\/744231","targetHints":{"allow":["GET"]}}],"collection":[{"href":"https:\/\/roveyayinevi.com.tr\/index.php\/wp-json\/wp\/v2\/product"}],"about":[{"href":"https:\/\/roveyayinevi.com.tr\/index.php\/wp-json\/wp\/v2\/types\/product"}],"wp:attachment":[{"href":"https:\/\/roveyayinevi.com.tr\/index.php\/wp-json\/wp\/v2\/media?parent=744231"}],"wp:term":[{"taxonomy":"product_brand","embeddable":true,"href":"https:\/\/roveyayinevi.com.tr\/index.php\/wp-json\/wp\/v2\/product_brand?post=744231"},{"taxonomy":"product_cat","embeddable":true,"href":"https:\/\/roveyayinevi.com.tr\/index.php\/wp-json\/wp\/v2\/product_cat?post=744231"},{"taxonomy":"product_tag","embeddable":true,"href":"https:\/\/roveyayinevi.com.tr\/index.php\/wp-json\/wp\/v2\/product_tag?post=744231"}],"curies":[{"name":"wp","href":"https:\/\/api.w.org\/{rel}","templated":true}]}}