{"id":744229,"date":"2025-08-28T01:52:16","date_gmt":"2025-08-27T22:52:16","guid":{"rendered":"https:\/\/roveyayinevi.com.tr\/index.php\/urun\/plus-a2-ingilizce-gramer\/"},"modified":"2026-04-16T02:55:46","modified_gmt":"2026-04-15T23:55:46","slug":"plus-a2-ingilizce-gramer","status":"publish","type":"product","link":"https:\/\/roveyayinevi.com.tr\/index.php\/urun\/plus-a2-ingilizce-gramer\/","title":{"rendered":"Plus A2 \u0130ngilizce Gramer"},"content":{"rendered":"<p>Plus A2 Avrupa Ortak Ba\u015fvuru Metni (Common European Framework of Reference) CEFR&#8217;a g\u00f6re haz\u0131rlanm\u0131\u015ft\u0131r. Talim ve Terbiye Kurulu taraf\u0131ndan kabul edilen ve bu \u00f6\u011fretim y\u0131l\u0131nda uygulanacak olan yeni programa tam olarak uyumludur.Plus A2 is for Pre-Intermediate Learners of English. It helps students to learn true English and improve their reading, speaking and writing skills.Simple and Clear ExplanationsA large Variety of Graded ExercisesRevision TestsVocabulary Matching ExercisesQuizzes, PuzzlesMultiple Intelligence ExercisesReading PassagesDialogues<\/p>\n","protected":false},"excerpt":{"rendered":"<p>Plus A2 Avrupa Ortak Ba\u015fvuru Metni (Common European Framework of Reference) CEFR&#8217;a g\u00f6re haz\u0131rlanm\u0131\u015ft\u0131r. Talim ve Terbiye Kurulu taraf\u0131ndan kabul edilen ve bu \u00f6\u011fretim y\u0131l\u0131nda uygulanacak<span class=\"excerpt-hellip\"> [\u2026]<\/span><\/p>\n","protected":false},"featured_media":0,"template":"","meta":{"_monsterinsights_skip_tracking":false,"_monsterinsights_sitenote_active":false,"_monsterinsights_sitenote_note":"","_monsterinsights_sitenote_category":0},"product_brand":[],"product_cat":[14597,12566,14702],"product_tag":[],"class_list":{"0":"post-744229","1":"product","2":"type-product","3":"status-publish","5":"product_cat-dil-ogrenimi","6":"product_cat-egitim","7":"product_cat-ingilizce","8":"pa_cilt-ciltsiz","9":"pa_tur-kitap","10":"pa_yayinevi-mk-publications","11":"pa_yazar-micheal-wolfgang","13":"first","14":"instock","15":"sale","16":"shipping-taxable","17":"purchasable","18":"product-type-simple"},"_links":{"self":[{"href":"https:\/\/roveyayinevi.com.tr\/index.php\/wp-json\/wp\/v2\/product\/744229","targetHints":{"allow":["GET"]}}],"collection":[{"href":"https:\/\/roveyayinevi.com.tr\/index.php\/wp-json\/wp\/v2\/product"}],"about":[{"href":"https:\/\/roveyayinevi.com.tr\/index.php\/wp-json\/wp\/v2\/types\/product"}],"wp:attachment":[{"href":"https:\/\/roveyayinevi.com.tr\/index.php\/wp-json\/wp\/v2\/media?parent=744229"}],"wp:term":[{"taxonomy":"product_brand","embeddable":true,"href":"https:\/\/roveyayinevi.com.tr\/index.php\/wp-json\/wp\/v2\/product_brand?post=744229"},{"taxonomy":"product_cat","embeddable":true,"href":"https:\/\/roveyayinevi.com.tr\/index.php\/wp-json\/wp\/v2\/product_cat?post=744229"},{"taxonomy":"product_tag","embeddable":true,"href":"https:\/\/roveyayinevi.com.tr\/index.php\/wp-json\/wp\/v2\/product_tag?post=744229"}],"curies":[{"name":"wp","href":"https:\/\/api.w.org\/{rel}","templated":true}]}}