{"id":744227,"date":"2025-08-28T01:52:13","date_gmt":"2025-08-27T22:52:13","guid":{"rendered":"https:\/\/roveyayinevi.com.tr\/index.php\/urun\/robin-hood-14\/"},"modified":"2026-04-16T02:55:46","modified_gmt":"2026-04-15T23:55:46","slug":"robin-hood-14","status":"publish","type":"product","link":"https:\/\/roveyayinevi.com.tr\/index.php\/urun\/robin-hood-14\/","title":{"rendered":"Robin Hood"},"content":{"rendered":"<p>Sefere \u00e7\u0131kan \u0130ngiltere Kral\u0131 Aslan Y\u00fcrekli Richard\u2019\u0131n yoklu\u011funda halk, kral\u0131n taht\u0131na g\u00f6z diken Prens John ve beraberindekilerin a\u00e7g\u00f6zl\u00fcl\u00fc\u011f\u00fc y\u00fcz\u00fcnden gittik\u00e7e fakirle\u015fmi\u015ftir. Kral Richard\u2019a sad\u0131k kalan soylulardan biri olan Robin Hood, t\u00fcm serveti elinden al\u0131narak Prens John taraf\u0131ndan s\u00fcrg\u00fcne g\u00f6nderilir. Ama Robin Hood s\u00fcrg\u00fcne gitmek yerine Sherwood Orman\u0131\u2019na s\u0131\u011f\u0131n\u0131p kendisi gibi Kral Richard\u2019a sad\u0131k kalanlar\u0131 etraf\u0131na toplar. O g\u00fcnden sonra da Ne\u015feli Adamlar ad\u0131ndaki dostlar\u0131yla birlikte zenginlerden ald\u0131klar\u0131n\u0131 fakirlere da\u011f\u0131tarak bir halk kahraman\u0131na d\u00f6n\u00fc\u015f\u00fcr.     <\/p>\n","protected":false},"excerpt":{"rendered":"<p>Sefere \u00e7\u0131kan \u0130ngiltere Kral\u0131 Aslan Y\u00fcrekli Richard\u2019\u0131n yoklu\u011funda halk, kral\u0131n taht\u0131na g\u00f6z diken Prens John ve beraberindekilerin a\u00e7g\u00f6zl\u00fcl\u00fc\u011f\u00fc y\u00fcz\u00fcnden gittik\u00e7e fakirle\u015fmi\u015ftir. Kral Richard\u2019a sad\u0131k kalan soylulardan<span class=\"excerpt-hellip\"> [\u2026]<\/span><\/p>\n","protected":false},"featured_media":0,"template":"","meta":{"_monsterinsights_skip_tracking":false,"_monsterinsights_sitenote_active":false,"_monsterinsights_sitenote_note":"","_monsterinsights_sitenote_category":0},"product_brand":[],"product_cat":[12689,12274],"product_tag":[],"class_list":{"0":"post-744227","1":"product","2":"type-product","3":"status-publish","5":"product_cat-cizgi-roman-cocuk-ve-genclik-kitaplari","6":"product_cat-cocuk-ve-genclik-kitaplari","7":"pa_cilt-ciltsiz","8":"pa_tur-kitap","9":"pa_yayinevi-beyaz-balina-yayinlari","10":"pa_yazar-howard-pyle","12":"first","13":"instock","14":"sale","15":"shipping-taxable","16":"purchasable","17":"product-type-simple"},"_links":{"self":[{"href":"https:\/\/roveyayinevi.com.tr\/index.php\/wp-json\/wp\/v2\/product\/744227","targetHints":{"allow":["GET"]}}],"collection":[{"href":"https:\/\/roveyayinevi.com.tr\/index.php\/wp-json\/wp\/v2\/product"}],"about":[{"href":"https:\/\/roveyayinevi.com.tr\/index.php\/wp-json\/wp\/v2\/types\/product"}],"wp:attachment":[{"href":"https:\/\/roveyayinevi.com.tr\/index.php\/wp-json\/wp\/v2\/media?parent=744227"}],"wp:term":[{"taxonomy":"product_brand","embeddable":true,"href":"https:\/\/roveyayinevi.com.tr\/index.php\/wp-json\/wp\/v2\/product_brand?post=744227"},{"taxonomy":"product_cat","embeddable":true,"href":"https:\/\/roveyayinevi.com.tr\/index.php\/wp-json\/wp\/v2\/product_cat?post=744227"},{"taxonomy":"product_tag","embeddable":true,"href":"https:\/\/roveyayinevi.com.tr\/index.php\/wp-json\/wp\/v2\/product_tag?post=744227"}],"curies":[{"name":"wp","href":"https:\/\/api.w.org\/{rel}","templated":true}]}}