{"id":744226,"date":"2025-08-28T01:52:12","date_gmt":"2025-08-27T22:52:12","guid":{"rendered":"https:\/\/roveyayinevi.com.tr\/index.php\/urun\/alice-harikalar-diyarinda-15\/"},"modified":"2026-04-16T02:55:46","modified_gmt":"2026-04-15T23:55:46","slug":"alice-harikalar-diyarinda-15","status":"publish","type":"product","link":"https:\/\/roveyayinevi.com.tr\/index.php\/urun\/alice-harikalar-diyarinda-15\/","title":{"rendered":"Alice Harikalar Diyar\u0131nda"},"content":{"rendered":"<p>Beyaz Tav\u015fan\u2019\u0131n pe\u015fine tak\u0131l\u0131p tav\u015fan deli\u011finden a\u015fa\u011f\u0131 Harikalar Diyar\u0131na yuvarlanan Alice\u2019i burada birbirinden ilgin\u00e7 maceralar bekliyor. G\u00f6zya\u015f\u0131 havuzunda y\u00fcz\u00fcp Kupa Krali\u00e7esi ile kroket oynayan, bir \u015feyler yiyip i\u00e7tik\u00e7e bir b\u00fcy\u00fcy\u00fcp bir k\u00fc\u00e7\u00fclen Alice bizleri de bu b\u00fcy\u00fcl\u00fc diyarda her dakikas\u0131 ne\u015fe ve e\u011flence dolu, unutulmaz bir yolculu\u011fa \u00e7\u0131kar\u0131yor.   <\/p>\n","protected":false},"excerpt":{"rendered":"<p>Beyaz Tav\u015fan\u2019\u0131n pe\u015fine tak\u0131l\u0131p tav\u015fan deli\u011finden a\u015fa\u011f\u0131 Harikalar Diyar\u0131na yuvarlanan Alice\u2019i burada birbirinden ilgin\u00e7 maceralar bekliyor. G\u00f6zya\u015f\u0131 havuzunda y\u00fcz\u00fcp Kupa Krali\u00e7esi ile kroket oynayan, bir \u015feyler<span class=\"excerpt-hellip\"> [\u2026]<\/span><\/p>\n","protected":false},"featured_media":0,"template":"","meta":{"_monsterinsights_skip_tracking":false,"_monsterinsights_sitenote_active":false,"_monsterinsights_sitenote_note":"","_monsterinsights_sitenote_category":0},"product_brand":[],"product_cat":[12689,12274],"product_tag":[],"class_list":{"0":"post-744226","1":"product","2":"type-product","3":"status-publish","5":"product_cat-cizgi-roman-cocuk-ve-genclik-kitaplari","6":"product_cat-cocuk-ve-genclik-kitaplari","7":"pa_cilt-ciltsiz","8":"pa_tur-kitap","9":"pa_yayinevi-beyaz-balina-yayinlari","10":"pa_yazar-lewis-carroll","12":"first","13":"instock","14":"sale","15":"shipping-taxable","16":"purchasable","17":"product-type-simple"},"_links":{"self":[{"href":"https:\/\/roveyayinevi.com.tr\/index.php\/wp-json\/wp\/v2\/product\/744226","targetHints":{"allow":["GET"]}}],"collection":[{"href":"https:\/\/roveyayinevi.com.tr\/index.php\/wp-json\/wp\/v2\/product"}],"about":[{"href":"https:\/\/roveyayinevi.com.tr\/index.php\/wp-json\/wp\/v2\/types\/product"}],"wp:attachment":[{"href":"https:\/\/roveyayinevi.com.tr\/index.php\/wp-json\/wp\/v2\/media?parent=744226"}],"wp:term":[{"taxonomy":"product_brand","embeddable":true,"href":"https:\/\/roveyayinevi.com.tr\/index.php\/wp-json\/wp\/v2\/product_brand?post=744226"},{"taxonomy":"product_cat","embeddable":true,"href":"https:\/\/roveyayinevi.com.tr\/index.php\/wp-json\/wp\/v2\/product_cat?post=744226"},{"taxonomy":"product_tag","embeddable":true,"href":"https:\/\/roveyayinevi.com.tr\/index.php\/wp-json\/wp\/v2\/product_tag?post=744226"}],"curies":[{"name":"wp","href":"https:\/\/api.w.org\/{rel}","templated":true}]}}