{"id":744225,"date":"2025-08-28T01:52:11","date_gmt":"2025-08-27T22:52:11","guid":{"rendered":"https:\/\/roveyayinevi.com.tr\/index.php\/urun\/today-im-going-tociltli\/"},"modified":"2026-04-16T02:55:46","modified_gmt":"2026-04-15T23:55:46","slug":"today-im-going-tociltli","status":"publish","type":"product","link":"https:\/\/roveyayinevi.com.tr\/index.php\/urun\/today-im-going-tociltli\/","title":{"rendered":"Today I\u2019m Going To\u2026(Ciltli)"},"content":{"rendered":"<p>Merhaba! \u00c7antan\u0131 haz\u0131rlad\u0131n m\u0131? Birlikte heyecanl\u0131 ve e\u011flenceli bir yolculu\u011fa \u00e7\u0131kma zaman\u0131! Temel al\u0131\u015fkanl\u0131klar \u00e7ocuklar\u0131n planlama becerilerini geli\u015ftirmelerine yard\u0131mc\u0131 olabilir! \u00c7antan\u0131z\u0131 kendi ba\u015f\u0131n\u0131za haz\u0131rlamay\u0131 ve organize etmeyi \u00f6\u011freten bu kitab\u0131 haz\u0131rlamaktan ger\u00e7ekten keyif ald\u0131m! Kula\u011fa harika geliyor de\u011fil mi? Denemeyi, ke\u015ffetmeyi ve e\u011flenmeyi sak\u0131n unutma! Hadi gidiyoruz!   Hello! Have you packed your bag? It is time for an exciting and fun trip! Simple habits can help children develop their planning skills! I truly enjoyed creating this book as it teaches planning, organizing and packing your bag on your own! Sounds great right? Don\u2019t forget to try, explore and have fun! Now let\u2019s go! <\/p>\n","protected":false},"excerpt":{"rendered":"<p>Merhaba! \u00c7antan\u0131 haz\u0131rlad\u0131n m\u0131? Birlikte heyecanl\u0131 ve e\u011flenceli bir yolculu\u011fa \u00e7\u0131kma zaman\u0131! Temel al\u0131\u015fkanl\u0131klar \u00e7ocuklar\u0131n planlama becerilerini geli\u015ftirmelerine yard\u0131mc\u0131 olabilir! \u00c7antan\u0131z\u0131 kendi ba\u015f\u0131n\u0131za haz\u0131rlamay\u0131 ve organize<span class=\"excerpt-hellip\"> [\u2026]<\/span><\/p>\n","protected":false},"featured_media":0,"template":"","meta":{"_monsterinsights_skip_tracking":false,"_monsterinsights_sitenote_active":false,"_monsterinsights_sitenote_note":"","_monsterinsights_sitenote_category":0},"product_brand":[],"product_cat":[12472],"product_tag":[],"class_list":{"0":"post-744225","1":"product","2":"type-product","3":"status-publish","5":"product_cat-yabanci-dilde-kitaplar","6":"pa_cilt-ciltli","7":"pa_tur-kitap","8":"pa_yayinevi-beyaz-balina-yayinlari","9":"pa_yazar-gozde-eyce","11":"first","12":"instock","13":"sale","14":"shipping-taxable","15":"purchasable","16":"product-type-simple"},"_links":{"self":[{"href":"https:\/\/roveyayinevi.com.tr\/index.php\/wp-json\/wp\/v2\/product\/744225","targetHints":{"allow":["GET"]}}],"collection":[{"href":"https:\/\/roveyayinevi.com.tr\/index.php\/wp-json\/wp\/v2\/product"}],"about":[{"href":"https:\/\/roveyayinevi.com.tr\/index.php\/wp-json\/wp\/v2\/types\/product"}],"wp:attachment":[{"href":"https:\/\/roveyayinevi.com.tr\/index.php\/wp-json\/wp\/v2\/media?parent=744225"}],"wp:term":[{"taxonomy":"product_brand","embeddable":true,"href":"https:\/\/roveyayinevi.com.tr\/index.php\/wp-json\/wp\/v2\/product_brand?post=744225"},{"taxonomy":"product_cat","embeddable":true,"href":"https:\/\/roveyayinevi.com.tr\/index.php\/wp-json\/wp\/v2\/product_cat?post=744225"},{"taxonomy":"product_tag","embeddable":true,"href":"https:\/\/roveyayinevi.com.tr\/index.php\/wp-json\/wp\/v2\/product_tag?post=744225"}],"curies":[{"name":"wp","href":"https:\/\/api.w.org\/{rel}","templated":true}]}}