{"id":744223,"date":"2025-08-28T01:52:09","date_gmt":"2025-08-27T22:52:09","guid":{"rendered":"https:\/\/roveyayinevi.com.tr\/index.php\/urun\/divan-dunyasi\/"},"modified":"2026-04-16T02:55:46","modified_gmt":"2026-04-15T23:55:46","slug":"divan-dunyasi","status":"publish","type":"product","link":"https:\/\/roveyayinevi.com.tr\/index.php\/urun\/divan-dunyasi\/","title":{"rendered":"Divan D\u00fcnyas\u0131"},"content":{"rendered":"<p>Divan edebiyat\u0131na y\u00f6nelmemde, Mehmed \u00c7avu\u015fo\u011flu (1935-1987)&#8217;nun sonralar\u0131 Divanlar Aras\u0131nda ad\u0131yla kitapla\u015fan yaz\u0131lar\u0131n\u0131n b\u00fcy\u00fck etkisi olmu\u015ftur. Divan \u015fiirini fildi\u015fi kulesinden \u00e7\u0131kararak, onun gizemli d\u00fcnyas\u0131na k\u00fc\u00e7\u00fck kap\u0131lar a\u00e7an bu yaz\u0131lar dergilerde yay\u0131nland\u0131k\u00e7a zevkle okurdum. Divan D\u00fcnyas\u0131ndan ba\u015fl\u0131\u011f\u0131 alt\u0131nda yay\u0131nlad\u0131\u011f\u0131m yaz\u0131lar bir bak\u0131ma bunlar\u0131n devam\u0131 niteli\u011findedir. Merhum hocam \u00c2mil \u00c7elebio\u011flu (1934-1990) da, daha \u00f6nce kimsenin bilmedi\u011fi veya dikkatini \u00e7ekmedi\u011fi \u00f6zg\u00fcn konular\u0131 ara\u015ft\u0131rarak kongrelere bildiri olarak sunar, edebiyat\u0131m\u0131z\u0131n konu zenginli\u011fine dikkat \u00e7ekerdi.     Elinizdeki kitapta yer alan yaz\u0131lar divan \u015fiirinin, daha \u00f6nce \u00fczerinde durulmam\u0131\u015f \u00f6zg\u00fcn konular\u0131n\u0131 ele almak bak\u0131m\u0131ndan hocam \u00c2mil \u00c7elebio\u011flu&#8217;na, ortalama okuyucunun anlayabilece\u011fi deneme \u00fcsl\u00fbbu ile yaz\u0131lmalar\u0131 bak\u0131m\u0131ndan Mehmed \u00c7avu\u015fo\u011flu&#8217;na ba\u011flanabilir. Bunlara dipnotlu denemeler de denebilir. Hem akademik hem pop\u00fcler.     Her biri uzun okumalar\u0131n \u00fcr\u00fcn\u00fc olarak ortaya \u00e7\u0131kan, deneme tad\u0131nda k\u00fc\u00e7\u00fck \u00f6l\u00e7ekli bu yaz\u0131lar, \u015fiirimizde yer alan kavramlar\u0131n tarih\u00ee y\u00fcr\u00fcy\u00fc\u015f\u00fcn\u00fc, geli\u015fmesini ve \u00e7e\u015fitlenmesini izleyebilmek i\u00e7in yap\u0131lacak daha kapsaml\u0131 sistematik \u00e7al\u0131\u015fmalara model olabilecek niteliktedir.   <\/p>\n","protected":false},"excerpt":{"rendered":"<p>Divan edebiyat\u0131na y\u00f6nelmemde, Mehmed \u00c7avu\u015fo\u011flu (1935-1987)&#8217;nun sonralar\u0131 Divanlar Aras\u0131nda ad\u0131yla kitapla\u015fan yaz\u0131lar\u0131n\u0131n b\u00fcy\u00fck etkisi olmu\u015ftur. Divan \u015fiirini fildi\u015fi kulesinden \u00e7\u0131kararak, onun gizemli d\u00fcnyas\u0131na k\u00fc\u00e7\u00fck kap\u0131lar a\u00e7an<span class=\"excerpt-hellip\"> [\u2026]<\/span><\/p>\n","protected":false},"featured_media":0,"template":"","meta":{"_monsterinsights_skip_tracking":false,"_monsterinsights_sitenote_active":false,"_monsterinsights_sitenote_note":"","_monsterinsights_sitenote_category":0},"product_brand":[],"product_cat":[13072,12291],"product_tag":[],"class_list":{"0":"post-744223","1":"product","2":"type-product","3":"status-publish","5":"product_cat-arastirma-inceleme-referans","6":"product_cat-edebiyat","7":"pa_cilt-ciltsiz","8":"pa_tur-kitap","9":"pa_yayinevi-bilge-kultur-sanat","10":"pa_yazar-cemal-kurnaz","12":"first","13":"instock","14":"sale","15":"shipping-taxable","16":"purchasable","17":"product-type-simple"},"_links":{"self":[{"href":"https:\/\/roveyayinevi.com.tr\/index.php\/wp-json\/wp\/v2\/product\/744223","targetHints":{"allow":["GET"]}}],"collection":[{"href":"https:\/\/roveyayinevi.com.tr\/index.php\/wp-json\/wp\/v2\/product"}],"about":[{"href":"https:\/\/roveyayinevi.com.tr\/index.php\/wp-json\/wp\/v2\/types\/product"}],"wp:attachment":[{"href":"https:\/\/roveyayinevi.com.tr\/index.php\/wp-json\/wp\/v2\/media?parent=744223"}],"wp:term":[{"taxonomy":"product_brand","embeddable":true,"href":"https:\/\/roveyayinevi.com.tr\/index.php\/wp-json\/wp\/v2\/product_brand?post=744223"},{"taxonomy":"product_cat","embeddable":true,"href":"https:\/\/roveyayinevi.com.tr\/index.php\/wp-json\/wp\/v2\/product_cat?post=744223"},{"taxonomy":"product_tag","embeddable":true,"href":"https:\/\/roveyayinevi.com.tr\/index.php\/wp-json\/wp\/v2\/product_tag?post=744223"}],"curies":[{"name":"wp","href":"https:\/\/api.w.org\/{rel}","templated":true}]}}