{"id":744222,"date":"2025-08-28T01:52:07","date_gmt":"2025-08-27T22:52:07","guid":{"rendered":"https:\/\/roveyayinevi.com.tr\/index.php\/urun\/hayalet-nota\/"},"modified":"2026-04-16T02:55:46","modified_gmt":"2026-04-15T23:55:46","slug":"hayalet-nota","status":"publish","type":"product","link":"https:\/\/roveyayinevi.com.tr\/index.php\/urun\/hayalet-nota\/","title":{"rendered":"Hayalet Nota"},"content":{"rendered":"<p>Her \u015eey Kontrol Alt\u0131nda adl\u0131 eseriyle tan\u0131\u015ft\u0131\u011f\u0131m\u0131z Eda \u015eahin yeni roman\u0131 Hayalet Nota\u2019da sona ermek \u00fczere olan m\u00fczisyenlik ve avukatl\u0131k kariyeri ile \u00e7\u0131kmaza giren evlili\u011fi aras\u0131nda s\u0131k\u0131\u015f\u0131p kalan orta ya\u015f bunal\u0131m\u0131n\u0131n e\u015fi\u011findeki bir adam\u0131n, Devrim\u2019in, zaman\u0131n yasalar\u0131na meydan okuyan hik\u00e2yesini anlat\u0131yor.   Kontrol\u00fcnden \u00e7\u0131kan hayat\u0131n\u0131n gidi\u015fat\u0131ndan memnun olmayan Devrim\u2019in ya\u015fam\u0131, sahne ald\u0131\u011f\u0131 gecelerden birinde tamamen de\u011fi\u015fir. Ya\u015fad\u0131\u011f\u0131 tuhaf bir olay sonucunda g\u00fcn\u00fcm\u00fczden ge\u00e7mi\u015fe ve alternatif ger\u00e7ekliklere uzanan bir seyahate ba\u015flayan Devrim, hatalar\u0131n\u0131 telafi etme arzusuyla zaman\u0131n ak\u0131\u015f\u0131nda b\u0131rakt\u0131\u011f\u0131 ayak izlerini silmeye \u00e7al\u0131\u015f\u0131rken yolculu\u011funun seyrini \u00f6zg\u00fcr irade ve kader aras\u0131ndaki ezeli m\u00fccadele belirleyecektir.   \u201cYaratt\u0131\u011f\u0131 \u00fcr\u00fcnlere d\u00fc\u015fman bir d\u00fczenin yeti\u015ftirdi\u011fi Devrim ve di\u011ferleri i\u00e7in hayat; ki\u015filiklerin, ili\u015fkilerin ve ko\u015fullar\u0131n durmadan de\u011fi\u015fti\u011fi bir yap-boz oyunundan ibaret olacakt\u0131. O gecenin sabah\u0131nda, istikrarl\u0131 ya\u015famlar u\u011fruna \u00e7abalarken fay hatlar\u0131nda meydana gelecek \u00e7\u00f6kmelerin yok olu\u015flar\u0131n\u0131 haz\u0131rlayacaklar\u0131n\u0131 bilemezlerdi hen\u00fcz. Ekonomik depremlerin ve y\u0131k\u0131lan kulelerin, kurmaya \u00e7al\u0131\u015facaklar\u0131 hayatlar\u0131 ne \u015fekilde etkileyece\u011fini ise tahmin bile edemezlerdi. Yarad\u0131l\u0131\u015flar\u0131n\u0131 yads\u0131yan bir ya\u015fam tarz\u0131na uymak i\u00e7in taviz vermenin, asla ger\u00e7ekle\u015fmeyecek hayallerin pe\u015finde ko\u015fman\u0131n, elde edemeyecekleri bedenleri arzulaman\u0131n, do\u011fru olma ihtimaline kar\u015f\u0131 yalanlara inanmay\u0131 tercih edecek kadar ger\u00e7eklikten uzakla\u015fman\u0131n ne anlama geldi\u011fini bilemeyecek kadar tecr\u00fcbesizlerdi. Do\u011fum, t\u0131pk\u0131 hayat ve ili\u015fkiler gibi mu\u011flakl\u0131\u011f\u0131n g\u00f6lgesinde kalmaya mahk\u00fbmken, \u00f6l\u00fcmde yeniden birle\u015fmeyi bekleyen ruhlar\u0131 kendi formlar\u0131nda ya\u015fatan bir g\u00fc\u00e7 mevcuttu.\u201d <\/p>\n","protected":false},"excerpt":{"rendered":"<p>Her \u015eey Kontrol Alt\u0131nda adl\u0131 eseriyle tan\u0131\u015ft\u0131\u011f\u0131m\u0131z Eda \u015eahin yeni roman\u0131 Hayalet Nota\u2019da sona ermek \u00fczere olan m\u00fczisyenlik ve avukatl\u0131k kariyeri ile \u00e7\u0131kmaza giren evlili\u011fi aras\u0131nda<span class=\"excerpt-hellip\"> [\u2026]<\/span><\/p>\n","protected":false},"featured_media":0,"template":"","meta":{"_monsterinsights_skip_tracking":false,"_monsterinsights_sitenote_active":false,"_monsterinsights_sitenote_note":"","_monsterinsights_sitenote_category":0},"product_brand":[],"product_cat":[12540,12291],"product_tag":[],"class_list":{"0":"post-744222","1":"product","2":"type-product","3":"status-publish","5":"product_cat-bilim-kurgu","6":"product_cat-edebiyat","7":"pa_cilt-ciltsiz","8":"pa_tur-kitap","9":"pa_yayinevi-ithaki-yayinlari","10":"pa_yazar-eda-sahin","12":"first","13":"instock","14":"sale","15":"shipping-taxable","16":"purchasable","17":"product-type-simple"},"_links":{"self":[{"href":"https:\/\/roveyayinevi.com.tr\/index.php\/wp-json\/wp\/v2\/product\/744222","targetHints":{"allow":["GET"]}}],"collection":[{"href":"https:\/\/roveyayinevi.com.tr\/index.php\/wp-json\/wp\/v2\/product"}],"about":[{"href":"https:\/\/roveyayinevi.com.tr\/index.php\/wp-json\/wp\/v2\/types\/product"}],"wp:attachment":[{"href":"https:\/\/roveyayinevi.com.tr\/index.php\/wp-json\/wp\/v2\/media?parent=744222"}],"wp:term":[{"taxonomy":"product_brand","embeddable":true,"href":"https:\/\/roveyayinevi.com.tr\/index.php\/wp-json\/wp\/v2\/product_brand?post=744222"},{"taxonomy":"product_cat","embeddable":true,"href":"https:\/\/roveyayinevi.com.tr\/index.php\/wp-json\/wp\/v2\/product_cat?post=744222"},{"taxonomy":"product_tag","embeddable":true,"href":"https:\/\/roveyayinevi.com.tr\/index.php\/wp-json\/wp\/v2\/product_tag?post=744222"}],"curies":[{"name":"wp","href":"https:\/\/api.w.org\/{rel}","templated":true}]}}