{"id":744220,"date":"2025-08-28T01:52:04","date_gmt":"2025-08-27T22:52:04","guid":{"rendered":"https:\/\/roveyayinevi.com.tr\/index.php\/urun\/anlatma-esasina-bagli-edebi-metinlerin-tahlili\/"},"modified":"2026-04-08T03:04:08","modified_gmt":"2026-04-08T00:04:08","slug":"anlatma-esasina-bagli-edebi-metinlerin-tahlili","status":"publish","type":"product","link":"https:\/\/roveyayinevi.com.tr\/index.php\/urun\/anlatma-esasina-bagli-edebi-metinlerin-tahlili\/","title":{"rendered":"Anlatma Esas\u0131na Ba\u011fl\u0131 Edebi Metinlerin Tahlili"},"content":{"rendered":"<p>Elinizdeki eser, ilk bask\u0131s\u0131 1984&#8217;te Roman Sanat\u0131 ve Roman \u0130ncelemesine Giri\u015f ad\u0131yla yap\u0131lan kitab\u0131n yeniden d\u00fczenlenmi\u015f ve geli\u015ftirilmi\u015f h\u00e2lidir. Bu kitapta \u00f6ncelikle &#8220;anlatma esas\u0131na ba\u011fl\u0131 edeb\u00ee metinler&#8221;in nas\u0131l \u00e7\u00f6z\u00fcmlenmesi gerekti\u011fi ortaya konulmakta, sonra da \u00f6nerilen tahlil y\u00f6ntemi farkl\u0131 metinler \u00fczerinde uygulanmaktad\u0131r. Yazar\u0131n farkl\u0131 zamanlarda kaleme ald\u0131\u011f\u0131 yaz\u0131lar de\u011fi\u015ftirilmeden bu kitaba ilave edilmi\u015ftir. Yaz\u0131lar\u0131n kaleme al\u0131nd\u0131\u011f\u0131 tarihler do\u011fal olarak yazar\u0131n o g\u00fcnk\u00fc d\u00fc\u015f\u00fcncelerini ifade eder. Zaten bu eser, b\u00fct\u00fcn\u00fcyle \u00fczerinde durulan konu hakk\u0131nda yazar\u0131n zaman i\u00e7inde geli\u015fen d\u00fc\u015f\u00fcncelerini g\u00f6zler \u00f6n\u00fcne sermektedir. <\/p>\n","protected":false},"excerpt":{"rendered":"<p>Elinizdeki eser, ilk bask\u0131s\u0131 1984&#8217;te Roman Sanat\u0131 ve Roman \u0130ncelemesine Giri\u015f ad\u0131yla yap\u0131lan kitab\u0131n yeniden d\u00fczenlenmi\u015f ve geli\u015ftirilmi\u015f h\u00e2lidir. Bu kitapta \u00f6ncelikle &#8220;anlatma esas\u0131na ba\u011fl\u0131 edeb\u00ee<span class=\"excerpt-hellip\"> [\u2026]<\/span><\/p>\n","protected":false},"featured_media":0,"template":"","meta":{"_monsterinsights_skip_tracking":false,"_monsterinsights_sitenote_active":false,"_monsterinsights_sitenote_note":"","_monsterinsights_sitenote_category":0},"product_brand":[],"product_cat":[13072,12291],"product_tag":[],"class_list":{"0":"post-744220","1":"product","2":"type-product","3":"status-publish","5":"product_cat-arastirma-inceleme-referans","6":"product_cat-edebiyat","7":"pa_cilt-ciltsiz","8":"pa_tur-kitap","9":"pa_yayinevi-bilge-kultur-sanat","10":"pa_yazar-serif-aktas","12":"first","13":"instock","14":"sale","15":"shipping-taxable","16":"purchasable","17":"product-type-simple"},"_links":{"self":[{"href":"https:\/\/roveyayinevi.com.tr\/index.php\/wp-json\/wp\/v2\/product\/744220","targetHints":{"allow":["GET"]}}],"collection":[{"href":"https:\/\/roveyayinevi.com.tr\/index.php\/wp-json\/wp\/v2\/product"}],"about":[{"href":"https:\/\/roveyayinevi.com.tr\/index.php\/wp-json\/wp\/v2\/types\/product"}],"wp:attachment":[{"href":"https:\/\/roveyayinevi.com.tr\/index.php\/wp-json\/wp\/v2\/media?parent=744220"}],"wp:term":[{"taxonomy":"product_brand","embeddable":true,"href":"https:\/\/roveyayinevi.com.tr\/index.php\/wp-json\/wp\/v2\/product_brand?post=744220"},{"taxonomy":"product_cat","embeddable":true,"href":"https:\/\/roveyayinevi.com.tr\/index.php\/wp-json\/wp\/v2\/product_cat?post=744220"},{"taxonomy":"product_tag","embeddable":true,"href":"https:\/\/roveyayinevi.com.tr\/index.php\/wp-json\/wp\/v2\/product_tag?post=744220"}],"curies":[{"name":"wp","href":"https:\/\/api.w.org\/{rel}","templated":true}]}}