{"id":744218,"date":"2025-08-28T01:52:01","date_gmt":"2025-08-27T22:52:01","guid":{"rendered":"https:\/\/roveyayinevi.com.tr\/index.php\/urun\/edebiyatimizda-bireysellesme-seruveni\/"},"modified":"2026-04-16T02:55:46","modified_gmt":"2026-04-15T23:55:46","slug":"edebiyatimizda-bireysellesme-seruveni","status":"publish","type":"product","link":"https:\/\/roveyayinevi.com.tr\/index.php\/urun\/edebiyatimizda-bireysellesme-seruveni\/","title":{"rendered":"Edebiyat\u0131m\u0131zda Bireyselle\u015fme Ser\u00fcveni"},"content":{"rendered":"<p>Edebiyat toplumu sahiden yans\u0131t\u0131r m\u0131? Bir toplumun edebiyat\u0131na bak\u0131p, o toplumu ve o toplumda ya\u015fayan bireyleri anlayabilir miyiz? Edebiyat ne dereceye kadar toplumun ve bireylerin aynas\u0131d\u0131r? Edebiyat metinlerini \u00e7\u00f6z\u00fcmlemek, metinleri mi daha iyi anlamam\u0131z\u0131 sa\u011flar, yoksa bu metinlerin i\u00e7inden \u00e7\u0131kt\u0131\u011f\u0131 toplumu mu daha iyi anlamaya yarar? Edebiyatla toplumbilim nerede, nas\u0131l kesi\u015fir? Bir toplumu olu\u015fturan bireylerin psikolojileri, d\u00fcnyaya bak\u0131\u015flar\u0131 zaman i\u00e7inde nas\u0131l de\u011fi\u015fir? Kad\u0131nlarla erkeklerin de\u011fi\u015fim s\u00fcre\u00e7leri birbirine paralel mi gider, yoksa farkl\u0131 farkl\u0131 m\u0131 ger\u00e7ekle\u015fir? Bu de\u011fi\u015fimleri edebiyat metinlerini inceleyerek izleyebilir miyiz? Edebiyat\u0131m\u0131zda Bireyselle\u015fme Ser\u00fcveni i\u015fte bu sorulardan yola \u00e7\u0131k\u0131larak haz\u0131rlanm\u0131\u015f bir \u00e7al\u0131\u015fma.     Kitapta, 20. yy s\u00fcresince yaz\u0131lm\u0131\u015f otuz roman inceleniyor. Romanlardan on be\u015fi kad\u0131n yazarlar\u0131n, on be\u015fi de erkek yazarlar\u0131n romanlar\u0131. Ara\u015ft\u0131rma, Fat\u0131naAliye&#8217;denAyfer Tun\u00e7&#8217; a ve H\u00fcseyin Rahmi G\u00fcrp\u0131nar&#8217; dan Ahmet \u00dcmit&#8217; e uzanan bir \u00e7er\u00e7evede ger\u00e7ekle\u015fiyor. Her roman teker teker ele al\u0131n\u0131yor, kad\u0131n yazarlar\u0131n kad\u0131n kahramanlar\u0131yla, erkek yazarlar\u0131n erkek kahramanlar\u0131 \u00e7\u00f6z\u00fcmleniyor. \u00c7\u00f6z\u00fcmlemelerin ana konusu bireyselle\u015fme. \u00d6nce bireyselle\u015fmenin dinamikleri a\u00e7\u0131klan\u0131yor. Daha sonra t\u00fcm kad\u0131n ve erkek kahramanlara bir anket uygulan\u0131yor. Bu anketler arac\u0131l\u0131\u011f\u0131yla, bu kahramanlar\u0131n, kendi hayatlar\u0131 hakk\u0131nda karar verme, ba\u015fka bireylerle ve toplumla ili\u015fki kurma, kendi kendileriyle hesapla\u015fma gibi alanlarda nas\u0131l davrand\u0131klar\u0131 ortaya \u00e7\u0131k\u0131yor.      Bu arada, kad\u0131n kahramanlarla erkek kahramanlar aras\u0131nda baz\u0131 farklar oldu\u011fu da g\u00f6zlemleniyor. Kitab\u0131n ilgin\u00e7 yanlar\u0131ndan biri de, y\u00fczy\u0131l boyunca kahramanlar\u0131n ge\u00e7irdikleri d\u00f6n\u00fc\u015f\u00fcmleri sergilemesi. \u00d6zellikle kad\u0131n kahramanlar\u0131n, \u00f6nceleri somut toplumsal kazan\u0131mlar pe\u015finde ko\u015farken zamanla nas\u0131l daha evrensel varolu\u015f sorunlar\u0131na y\u00f6neldikleri ortaya \u00e7\u0131k\u0131yor. Erkek kahramanlar\u0131n varolu\u015fsal sorunlara y\u00f6nelmeleri ise farkl\u0131 a\u015famalardan ge\u00e7iyor. <\/p>\n","protected":false},"excerpt":{"rendered":"<p>Edebiyat toplumu sahiden yans\u0131t\u0131r m\u0131? Bir toplumun edebiyat\u0131na bak\u0131p, o toplumu ve o toplumda ya\u015fayan bireyleri anlayabilir miyiz? Edebiyat ne dereceye kadar toplumun ve bireylerin aynas\u0131d\u0131r?<span class=\"excerpt-hellip\"> [\u2026]<\/span><\/p>\n","protected":false},"featured_media":0,"template":"","meta":{"_monsterinsights_skip_tracking":false,"_monsterinsights_sitenote_active":false,"_monsterinsights_sitenote_note":"","_monsterinsights_sitenote_category":0},"product_brand":[],"product_cat":[13072,12291],"product_tag":[],"class_list":{"0":"post-744218","1":"product","2":"type-product","3":"status-publish","5":"product_cat-arastirma-inceleme-referans","6":"product_cat-edebiyat","7":"pa_cilt-ciltsiz","8":"pa_tur-kitap","9":"pa_yayinevi-bilge-kultur-sanat","10":"pa_yazar-fatma-erkman-akerson","12":"first","13":"instock","14":"sale","15":"shipping-taxable","16":"purchasable","17":"product-type-simple"},"_links":{"self":[{"href":"https:\/\/roveyayinevi.com.tr\/index.php\/wp-json\/wp\/v2\/product\/744218","targetHints":{"allow":["GET"]}}],"collection":[{"href":"https:\/\/roveyayinevi.com.tr\/index.php\/wp-json\/wp\/v2\/product"}],"about":[{"href":"https:\/\/roveyayinevi.com.tr\/index.php\/wp-json\/wp\/v2\/types\/product"}],"wp:attachment":[{"href":"https:\/\/roveyayinevi.com.tr\/index.php\/wp-json\/wp\/v2\/media?parent=744218"}],"wp:term":[{"taxonomy":"product_brand","embeddable":true,"href":"https:\/\/roveyayinevi.com.tr\/index.php\/wp-json\/wp\/v2\/product_brand?post=744218"},{"taxonomy":"product_cat","embeddable":true,"href":"https:\/\/roveyayinevi.com.tr\/index.php\/wp-json\/wp\/v2\/product_cat?post=744218"},{"taxonomy":"product_tag","embeddable":true,"href":"https:\/\/roveyayinevi.com.tr\/index.php\/wp-json\/wp\/v2\/product_tag?post=744218"}],"curies":[{"name":"wp","href":"https:\/\/api.w.org\/{rel}","templated":true}]}}