{"id":744217,"date":"2025-08-28T01:51:59","date_gmt":"2025-08-27T22:51:59","guid":{"rendered":"https:\/\/roveyayinevi.com.tr\/index.php\/urun\/edebiyat-ve-kuramlar\/"},"modified":"2026-04-16T02:55:46","modified_gmt":"2026-04-15T23:55:46","slug":"edebiyat-ve-kuramlar","status":"publish","type":"product","link":"https:\/\/roveyayinevi.com.tr\/index.php\/urun\/edebiyat-ve-kuramlar\/","title":{"rendered":"Edebiyat ve Kuramlar"},"content":{"rendered":"<p>Edebiyat \u00fczerine \u00e7a\u011flar boyunca neler d\u00fc\u015f\u00fcn\u00fclm\u00fc\u015f, edebiyattan neler beklenmi\u015f? Bu kitap i\u015fte bu sorulara cevap ar\u0131yor. S\u00fcmerlerden ba\u015flayarak, Eski Yunan, Orta\u00e7a\u011flar, \u0130slam d\u00fc\u015f\u00fcn\u00fcrleri, Ayd\u0131nlanma, Romantik Ak\u0131mlar, On dokuzuncu y\u00fczy\u0131l\u0131n tarihsel bak\u0131\u015f a\u00e7\u0131lar\u0131, Tanzimat D\u00f6nemi, Yirminci y\u00fczy\u0131l\u0131n yazar, metin, toplum ve okur odakl\u0131 yakla\u015f\u0131mlar\u0131, Yap\u0131salc\u0131l\u0131k, G\u00f6stergebilim ve Postmodemizm gibi d\u00f6neme\u00e7lerde yo\u011funla\u015f\u0131yor. Gilgame\u015f &#8216;ten, Aristoteles &#8216;ten, Dante&#8217; den, \u0130bni Sina ve \u0130bni Kuteybe&#8217;den, Vico&#8217;dan ge\u00e7erek \u00e7a\u011fda\u015f ele\u015ftiri kuramlar\u0131na, Nam\u0131k Kemal&#8217; e ve \u015einasi &#8216;ye, Auerbach&#8217;a ve Bahtin&#8217;e var\u0131yor. \u00c7a\u011fda\u015f ak\u0131mlarla eski bak\u0131\u015f a\u00e7\u0131lar\u0131 ve Bat\u0131 kaynakl\u0131 ele\u015ftiri ak\u0131mlar\u0131 ile Do\u011fu kaynakl\u0131 anlay\u0131\u015flar aras\u0131ndaki k\u00f6pr\u00fcleri kurmaya \u00e7al\u0131\u015f\u0131yor. Edebiyat ele\u015ftirisi ile ilgilenenler i\u00e7in vazge\u00e7ilemeyecek bir ba\u015fvuru kitab\u0131.   <\/p>\n","protected":false},"excerpt":{"rendered":"<p>Edebiyat \u00fczerine \u00e7a\u011flar boyunca neler d\u00fc\u015f\u00fcn\u00fclm\u00fc\u015f, edebiyattan neler beklenmi\u015f? Bu kitap i\u015fte bu sorulara cevap ar\u0131yor. S\u00fcmerlerden ba\u015flayarak, Eski Yunan, Orta\u00e7a\u011flar, \u0130slam d\u00fc\u015f\u00fcn\u00fcrleri, Ayd\u0131nlanma, Romantik Ak\u0131mlar,<span class=\"excerpt-hellip\"> [\u2026]<\/span><\/p>\n","protected":false},"featured_media":0,"template":"","meta":{"_monsterinsights_skip_tracking":false,"_monsterinsights_sitenote_active":false,"_monsterinsights_sitenote_note":"","_monsterinsights_sitenote_category":0},"product_brand":[],"product_cat":[13072,12291],"product_tag":[],"class_list":{"0":"post-744217","1":"product","2":"type-product","3":"status-publish","5":"product_cat-arastirma-inceleme-referans","6":"product_cat-edebiyat","7":"pa_cilt-ciltsiz","8":"pa_tur-kitap","9":"pa_yayinevi-bilge-kultur-sanat","10":"pa_yazar-fatma-erkman-akerson","12":"first","13":"instock","14":"sale","15":"shipping-taxable","16":"purchasable","17":"product-type-simple"},"_links":{"self":[{"href":"https:\/\/roveyayinevi.com.tr\/index.php\/wp-json\/wp\/v2\/product\/744217","targetHints":{"allow":["GET"]}}],"collection":[{"href":"https:\/\/roveyayinevi.com.tr\/index.php\/wp-json\/wp\/v2\/product"}],"about":[{"href":"https:\/\/roveyayinevi.com.tr\/index.php\/wp-json\/wp\/v2\/types\/product"}],"wp:attachment":[{"href":"https:\/\/roveyayinevi.com.tr\/index.php\/wp-json\/wp\/v2\/media?parent=744217"}],"wp:term":[{"taxonomy":"product_brand","embeddable":true,"href":"https:\/\/roveyayinevi.com.tr\/index.php\/wp-json\/wp\/v2\/product_brand?post=744217"},{"taxonomy":"product_cat","embeddable":true,"href":"https:\/\/roveyayinevi.com.tr\/index.php\/wp-json\/wp\/v2\/product_cat?post=744217"},{"taxonomy":"product_tag","embeddable":true,"href":"https:\/\/roveyayinevi.com.tr\/index.php\/wp-json\/wp\/v2\/product_tag?post=744217"}],"curies":[{"name":"wp","href":"https:\/\/api.w.org\/{rel}","templated":true}]}}