{"id":744216,"date":"2025-08-28T01:51:58","date_gmt":"2025-08-27T22:51:58","guid":{"rendered":"https:\/\/roveyayinevi.com.tr\/index.php\/urun\/osmanli-tarihi-bez-ciltli\/"},"modified":"2026-04-16T02:55:46","modified_gmt":"2026-04-15T23:55:46","slug":"osmanli-tarihi-bez-ciltli","status":"publish","type":"product","link":"https:\/\/roveyayinevi.com.tr\/index.php\/urun\/osmanli-tarihi-bez-ciltli\/","title":{"rendered":"Osmanl\u0131 Tarihi (Bez Ciltli)"},"content":{"rendered":"<p>Alt\u0131 y\u00fcz y\u0131l boyunca \u00fc\u00e7 k\u0131tada h\u00fck\u00fcm s\u00fcrm\u00fc\u015f Osmanl\u0131 \u0130mparatorlu\u011fu. S\u00fcleyman \u015eah ve Ertu\u011frul Gazi ile tohumlar\u0131 at\u0131lan ve Osman Gazi\u2019nin ismiyle geli\u015fip b\u00fcy\u00fcyen cihan devleti. \u0130stanbul\u2019un fethinden Viyana ku\u015fatmas\u0131na kritik d\u00f6neme\u00e7ler.   Ve Ahmet Rasim, ayn\u0131 imparatorlu\u011fun son y\u00fczy\u0131l\u0131na \u015fahitlik eden e\u015fsiz yazar. Ele ald\u0131\u011f\u0131 hemen her konuyu kendine \u00f6zg\u00fc \u00fcslubuyla \u00f6l\u00fcms\u00fczle\u015ftiren nadir \u015fahsiyet. Osman Gazi ile Sultan Abd\u00fclaziz aras\u0131ndaki uzun devre yak\u0131ndan bak\u0131\u015f. Sava\u015flar, fetihler, \u00f6nemli d\u00f6n\u00fc\u015f\u00fcmler&#8230; H\u00e2s\u0131l\u0131, tarihi tarih k\u0131lan canl\u0131 ak\u0131\u015f. Co\u011frafyalar aras\u0131nda dokunmu\u015f bir atlas kuma\u015f. Osmanl\u0131 Tarihini ana hatlar\u0131yla ve esastan kavramak i\u00e7in rehber bir kitap.   Pof. Dr. Hakk\u0131 Dursun Y\u0131ld\u0131z\u2019\u0131n tarih\u00e7i kimli\u011fiyle haz\u0131rlad\u0131\u011f\u0131 Osmanl\u0131 Tarihi olmas\u0131, ayr\u0131ca de\u011ferli. Avrupa, Asya, Afrika, \u0130stanbul, Ba\u011fdat, Kahire, Viyana, K\u0131r\u0131m, Mekke ve Medine aras\u0131nda yo\u011frulan zaman. Karalar\u0131n ve denizlerin tarihle birle\u015fmesi. Padi\u015fahlar, pa\u015falar, han\u0131m sultanlar, suikastler, yeni\u00e7eriler, seferler, kar\u0131\u015f\u0131kl\u0131klarla dolu, canl\u0131 bir tarih havuzu.Osmanl\u0131 Tarihi. Vazge\u00e7ilmez, dopdolu ve doyurucu bir toplam. <\/p>\n","protected":false},"excerpt":{"rendered":"<p>Alt\u0131 y\u00fcz y\u0131l boyunca \u00fc\u00e7 k\u0131tada h\u00fck\u00fcm s\u00fcrm\u00fc\u015f Osmanl\u0131 \u0130mparatorlu\u011fu. S\u00fcleyman \u015eah ve Ertu\u011frul Gazi ile tohumlar\u0131 at\u0131lan ve Osman Gazi\u2019nin ismiyle geli\u015fip b\u00fcy\u00fcyen cihan devleti.<span class=\"excerpt-hellip\"> [\u2026]<\/span><\/p>\n","protected":false},"featured_media":0,"template":"","meta":{"_monsterinsights_skip_tracking":false,"_monsterinsights_sitenote_active":false,"_monsterinsights_sitenote_note":"","_monsterinsights_sitenote_category":0},"product_brand":[],"product_cat":[13517,12304],"product_tag":[],"class_list":{"0":"post-744216","1":"product","2":"type-product","3":"status-publish","5":"product_cat-osmanli-tarihi","6":"product_cat-tarih","7":"pa_cilt-ciltli","8":"pa_tur-kitap","9":"pa_yayinevi-kapi-yayinlari","10":"pa_yazar-ahmet-rasim","12":"first","13":"instock","14":"sale","15":"shipping-taxable","16":"purchasable","17":"product-type-simple"},"_links":{"self":[{"href":"https:\/\/roveyayinevi.com.tr\/index.php\/wp-json\/wp\/v2\/product\/744216","targetHints":{"allow":["GET"]}}],"collection":[{"href":"https:\/\/roveyayinevi.com.tr\/index.php\/wp-json\/wp\/v2\/product"}],"about":[{"href":"https:\/\/roveyayinevi.com.tr\/index.php\/wp-json\/wp\/v2\/types\/product"}],"wp:attachment":[{"href":"https:\/\/roveyayinevi.com.tr\/index.php\/wp-json\/wp\/v2\/media?parent=744216"}],"wp:term":[{"taxonomy":"product_brand","embeddable":true,"href":"https:\/\/roveyayinevi.com.tr\/index.php\/wp-json\/wp\/v2\/product_brand?post=744216"},{"taxonomy":"product_cat","embeddable":true,"href":"https:\/\/roveyayinevi.com.tr\/index.php\/wp-json\/wp\/v2\/product_cat?post=744216"},{"taxonomy":"product_tag","embeddable":true,"href":"https:\/\/roveyayinevi.com.tr\/index.php\/wp-json\/wp\/v2\/product_tag?post=744216"}],"curies":[{"name":"wp","href":"https:\/\/api.w.org\/{rel}","templated":true}]}}