{"id":744215,"date":"2025-08-28T01:51:56","date_gmt":"2025-08-27T22:51:56","guid":{"rendered":"https:\/\/roveyayinevi.com.tr\/index.php\/urun\/korku-13\/"},"modified":"2026-04-16T02:55:46","modified_gmt":"2026-04-15T23:55:46","slug":"korku-13","status":"publish","type":"product","link":"https:\/\/roveyayinevi.com.tr\/index.php\/urun\/korku-13\/","title":{"rendered":"Korku"},"content":{"rendered":"<p>\u0130nsan\u0131n i\u00e7 d\u00fcnyas\u0131nda b\u00fcy\u00fck rol oynayan kayg\u0131 ve psikolojik bask\u0131 gibi kavramlar\u0131n ele al\u0131nd\u0131\u011f\u0131 Korku, 1920\u2019de yay\u0131mland\u0131\u011f\u0131ndan beri okuru heyecanland\u0131ran kurgusuyla dikkat \u00e7ekmi\u015f, g\u00fcn\u00fcm\u00fcze dek bir\u00e7ok defa beyaz perdeye uyarlanm\u0131\u015ft\u0131r. Irene Wagner, kentin en \u00fcnl\u00fc avukat\u0131yla sekiz y\u0131ld\u0131r evli, ayn\u0131 zamanda iki \u00e7ocuk annesidir. Zenginlik i\u00e7indeki ya\u015fam\u0131, tesad\u00fcfen tan\u0131\u015ft\u0131\u011f\u0131 gen\u00e7 piyanistle ba\u015flayan ili\u015fkisi nedeniyle alt\u00fcst olur. Korkunun pen\u00e7esine d\u00fc\u015fen Bayan \u0130rene, bir \u015fantajc\u0131n\u0131n onu tehdit etmesiyle kendini, att\u0131\u011f\u0131 her ad\u0131mda b\u00fcy\u00fcyen ruhsal \u00e7eli\u015fkilerle dolu bir denklemin i\u00e7inde bulur. <\/p>\n","protected":false},"excerpt":{"rendered":"<p>\u0130nsan\u0131n i\u00e7 d\u00fcnyas\u0131nda b\u00fcy\u00fck rol oynayan kayg\u0131 ve psikolojik bask\u0131 gibi kavramlar\u0131n ele al\u0131nd\u0131\u011f\u0131 Korku, 1920\u2019de yay\u0131mland\u0131\u011f\u0131ndan beri okuru heyecanland\u0131ran kurgusuyla dikkat \u00e7ekmi\u015f, g\u00fcn\u00fcm\u00fcze dek bir\u00e7ok<span class=\"excerpt-hellip\"> [\u2026]<\/span><\/p>\n","protected":false},"featured_media":0,"template":"","meta":{"_monsterinsights_skip_tracking":false,"_monsterinsights_sitenote_active":false,"_monsterinsights_sitenote_note":"","_monsterinsights_sitenote_category":0},"product_brand":[],"product_cat":[12291,12711],"product_tag":[],"class_list":{"0":"post-744215","1":"product","2":"type-product","3":"status-publish","5":"product_cat-edebiyat","6":"product_cat-roman-oyku","7":"pa_cilt-ciltsiz","8":"pa_tur-kitap","9":"pa_yayinevi-fark-yayinlari","10":"pa_yazar-stefan-zweig","12":"first","13":"instock","14":"sale","15":"shipping-taxable","16":"purchasable","17":"product-type-simple"},"_links":{"self":[{"href":"https:\/\/roveyayinevi.com.tr\/index.php\/wp-json\/wp\/v2\/product\/744215","targetHints":{"allow":["GET"]}}],"collection":[{"href":"https:\/\/roveyayinevi.com.tr\/index.php\/wp-json\/wp\/v2\/product"}],"about":[{"href":"https:\/\/roveyayinevi.com.tr\/index.php\/wp-json\/wp\/v2\/types\/product"}],"wp:attachment":[{"href":"https:\/\/roveyayinevi.com.tr\/index.php\/wp-json\/wp\/v2\/media?parent=744215"}],"wp:term":[{"taxonomy":"product_brand","embeddable":true,"href":"https:\/\/roveyayinevi.com.tr\/index.php\/wp-json\/wp\/v2\/product_brand?post=744215"},{"taxonomy":"product_cat","embeddable":true,"href":"https:\/\/roveyayinevi.com.tr\/index.php\/wp-json\/wp\/v2\/product_cat?post=744215"},{"taxonomy":"product_tag","embeddable":true,"href":"https:\/\/roveyayinevi.com.tr\/index.php\/wp-json\/wp\/v2\/product_tag?post=744215"}],"curies":[{"name":"wp","href":"https:\/\/api.w.org\/{rel}","templated":true}]}}