{"id":744211,"date":"2025-08-28T01:51:49","date_gmt":"2025-08-27T22:51:49","guid":{"rendered":"https:\/\/roveyayinevi.com.tr\/index.php\/urun\/golge-serisi-1-yalanin-golgesinde\/"},"modified":"2026-04-16T02:55:46","modified_gmt":"2026-04-15T23:55:46","slug":"golge-serisi-1-yalanin-golgesinde","status":"publish","type":"product","link":"https:\/\/roveyayinevi.com.tr\/index.php\/urun\/golge-serisi-1-yalanin-golgesinde\/","title":{"rendered":"G\u00f6lge Serisi 1: Yalan\u0131n G\u00f6lgesinde"},"content":{"rendered":"<p>Biten hayallerinin r\u00fczg\u00e2r\u0131nda s\u00fcr\u00fcklenen tehlikeli bir adam\u2026Bir daha sevemeyece\u011fini d\u00fc\u015f\u00fcnen gen\u00e7 bir kad\u0131n\u2026Gizli hayat\u0131yla \u00f6l\u00fcme meydan okuyan pervas\u0131z bir o\u011ful\u2026G\u00f6z kama\u015ft\u0131r\u0131c\u0131 g\u00fczellikte inat\u00e7\u0131 bir gen\u00e7 k\u0131z\u2026Ve d\u00f6rd\u00fcn\u00fc birle\u015ftiren karma\u015f\u0131k bir plan!Yalanlar\u0131n g\u00f6lgesinde filizlenip b\u00fcy\u00fcyen \u00e7arp\u0131c\u0131 g\u00fczellikte iki b\u00fcy\u00fck a\u015fk!A\u015fk\u0131n her ya\u015fta g\u00fczel olabilece\u011fini ke\u015ffedece\u011finiz, kalpler aras\u0131ndaki engellenemez \u00e7ekimin b\u00fcy\u00fcs\u00fcne kap\u0131laca\u011f\u0131n\u0131z bir FMArsal roman\u0131 daha! <\/p>\n","protected":false},"excerpt":{"rendered":"<p>Biten hayallerinin r\u00fczg\u00e2r\u0131nda s\u00fcr\u00fcklenen tehlikeli bir adam\u2026Bir daha sevemeyece\u011fini d\u00fc\u015f\u00fcnen gen\u00e7 bir kad\u0131n\u2026Gizli hayat\u0131yla \u00f6l\u00fcme meydan okuyan pervas\u0131z bir o\u011ful\u2026G\u00f6z kama\u015ft\u0131r\u0131c\u0131 g\u00fczellikte inat\u00e7\u0131 bir gen\u00e7 k\u0131z\u2026Ve<span class=\"excerpt-hellip\"> [\u2026]<\/span><\/p>\n","protected":false},"featured_media":0,"template":"","meta":{"_monsterinsights_skip_tracking":false,"_monsterinsights_sitenote_active":false,"_monsterinsights_sitenote_note":"","_monsterinsights_sitenote_category":0},"product_brand":[],"product_cat":[12291,12711],"product_tag":[],"class_list":{"0":"post-744211","1":"product","2":"type-product","3":"status-publish","5":"product_cat-edebiyat","6":"product_cat-roman-oyku","7":"pa_cilt-ciltsiz","8":"pa_tur-kitap","9":"pa_yayinevi-ephesus-yayinlari","10":"pa_yazar-fatih-murat-arsal","12":"first","13":"instock","14":"sale","15":"shipping-taxable","16":"purchasable","17":"product-type-simple"},"_links":{"self":[{"href":"https:\/\/roveyayinevi.com.tr\/index.php\/wp-json\/wp\/v2\/product\/744211","targetHints":{"allow":["GET"]}}],"collection":[{"href":"https:\/\/roveyayinevi.com.tr\/index.php\/wp-json\/wp\/v2\/product"}],"about":[{"href":"https:\/\/roveyayinevi.com.tr\/index.php\/wp-json\/wp\/v2\/types\/product"}],"wp:attachment":[{"href":"https:\/\/roveyayinevi.com.tr\/index.php\/wp-json\/wp\/v2\/media?parent=744211"}],"wp:term":[{"taxonomy":"product_brand","embeddable":true,"href":"https:\/\/roveyayinevi.com.tr\/index.php\/wp-json\/wp\/v2\/product_brand?post=744211"},{"taxonomy":"product_cat","embeddable":true,"href":"https:\/\/roveyayinevi.com.tr\/index.php\/wp-json\/wp\/v2\/product_cat?post=744211"},{"taxonomy":"product_tag","embeddable":true,"href":"https:\/\/roveyayinevi.com.tr\/index.php\/wp-json\/wp\/v2\/product_tag?post=744211"}],"curies":[{"name":"wp","href":"https:\/\/api.w.org\/{rel}","templated":true}]}}