{"id":744205,"date":"2025-08-28T01:51:42","date_gmt":"2025-08-27T22:51:42","guid":{"rendered":"https:\/\/roveyayinevi.com.tr\/index.php\/urun\/kirmizi-ev-mavi-ev-yesil-ev-agac-ev\/"},"modified":"2026-04-16T02:55:45","modified_gmt":"2026-04-15T23:55:45","slug":"kirmizi-ev-mavi-ev-yesil-ev-agac-ev","status":"publish","type":"product","link":"https:\/\/roveyayinevi.com.tr\/index.php\/urun\/kirmizi-ev-mavi-ev-yesil-ev-agac-ev\/","title":{"rendered":"K\u0131rm\u0131z\u0131 Ev, Mavi Ev, Ye\u015fil Ev, A\u011fa\u00e7 Ev!"},"content":{"rendered":"<p>Renklerin ve nesnelerin e\u011flenceli d\u00fcnyas\u0131nda bir yolculu\u011fa \u00e7\u0131kal\u0131m m\u0131? Minikler bu etkile\u015fimli kitapla renk ve nesneleri ay\u0131rt etme becerilerini geli\u015ftirecek. <\/p>\n","protected":false},"excerpt":{"rendered":"<p>Renklerin ve nesnelerin e\u011flenceli d\u00fcnyas\u0131nda bir yolculu\u011fa \u00e7\u0131kal\u0131m m\u0131? Minikler bu etkile\u015fimli kitapla renk ve nesneleri ay\u0131rt etme becerilerini geli\u015ftirecek.<\/p>\n","protected":false},"featured_media":0,"template":"","meta":{"_monsterinsights_skip_tracking":false,"_monsterinsights_sitenote_active":false,"_monsterinsights_sitenote_note":"","_monsterinsights_sitenote_category":0},"product_brand":[],"product_cat":[12274,12518],"product_tag":[],"class_list":{"0":"post-744205","1":"product","2":"type-product","3":"status-publish","5":"product_cat-cocuk-ve-genclik-kitaplari","6":"product_cat-okul-oncesi-kitaplar","7":"pa_cilt-ciltsiz","8":"pa_tur-kitap","9":"pa_yayinevi-is-bankasi-kultur-yayinlari","10":"pa_yazar-jane-godwin","12":"first","13":"instock","14":"sale","15":"shipping-taxable","16":"purchasable","17":"product-type-simple"},"_links":{"self":[{"href":"https:\/\/roveyayinevi.com.tr\/index.php\/wp-json\/wp\/v2\/product\/744205","targetHints":{"allow":["GET"]}}],"collection":[{"href":"https:\/\/roveyayinevi.com.tr\/index.php\/wp-json\/wp\/v2\/product"}],"about":[{"href":"https:\/\/roveyayinevi.com.tr\/index.php\/wp-json\/wp\/v2\/types\/product"}],"wp:attachment":[{"href":"https:\/\/roveyayinevi.com.tr\/index.php\/wp-json\/wp\/v2\/media?parent=744205"}],"wp:term":[{"taxonomy":"product_brand","embeddable":true,"href":"https:\/\/roveyayinevi.com.tr\/index.php\/wp-json\/wp\/v2\/product_brand?post=744205"},{"taxonomy":"product_cat","embeddable":true,"href":"https:\/\/roveyayinevi.com.tr\/index.php\/wp-json\/wp\/v2\/product_cat?post=744205"},{"taxonomy":"product_tag","embeddable":true,"href":"https:\/\/roveyayinevi.com.tr\/index.php\/wp-json\/wp\/v2\/product_tag?post=744205"}],"curies":[{"name":"wp","href":"https:\/\/api.w.org\/{rel}","templated":true}]}}