{"id":744204,"date":"2025-08-28T01:51:41","date_gmt":"2025-08-27T22:51:41","guid":{"rendered":"https:\/\/roveyayinevi.com.tr\/index.php\/urun\/bayan-molli-gorgu-okulu-iyi-davranislar-icin-rehberler\/"},"modified":"2026-04-16T02:55:45","modified_gmt":"2026-04-15T23:55:45","slug":"bayan-molli-gorgu-okulu-iyi-davranislar-icin-rehberler","status":"publish","type":"product","link":"https:\/\/roveyayinevi.com.tr\/index.php\/urun\/bayan-molli-gorgu-okulu-iyi-davranislar-icin-rehberler\/","title":{"rendered":"Bayan Molli G\u00f6rg\u00fc Okulu &#8211; \u0130yi Davran\u0131\u015flar \u0130\u00e7in Rehberler"},"content":{"rendered":"<p>Algernon ile tan\u0131\u015f. Bu k\u00fc\u00e7\u00fck rakunun \u00e7evresine terbiyeli davrand\u0131\u011f\u0131 hi\u00e7 g\u00f6r\u00fclmemi\u015fti\u2026 Ama bir g\u00fcn tesad\u00fcfen kar\u015f\u0131s\u0131na Bayan Molli G\u00f6rg\u00fc Okulu \u00e7\u0131kt\u0131 ve hayat\u0131 de\u011fi\u015fti. Bayan Molli\u2019den ald\u0131\u011f\u0131 dersleri izle, Dikkatle Dinleme Laboratuvar\u0131\u2019nda \u00e7evresine \u00f6nem vermeyi nas\u0131l \u00f6\u011frendi\u011fini, G\u00fczel Dil K\u00fct\u00fcphanesi\u2019nde neler ke\u015ffetti\u011fini, Terbiye Yemekhanesi\u2019nde sofra terbiyesinin de\u011ferini nas\u0131l anlad\u0131\u011f\u0131n\u0131, en sonunda da Sportmenlik G\u00fcn\u00fc\u2019nde nas\u0131l ba\u015far\u0131l\u0131 oldu\u011funu g\u00f6r. <\/p>\n","protected":false},"excerpt":{"rendered":"<p>Algernon ile tan\u0131\u015f. Bu k\u00fc\u00e7\u00fck rakunun \u00e7evresine terbiyeli davrand\u0131\u011f\u0131 hi\u00e7 g\u00f6r\u00fclmemi\u015fti\u2026 Ama bir g\u00fcn tesad\u00fcfen kar\u015f\u0131s\u0131na Bayan Molli G\u00f6rg\u00fc Okulu \u00e7\u0131kt\u0131 ve hayat\u0131 de\u011fi\u015fti. Bayan Molli\u2019den<span class=\"excerpt-hellip\"> [\u2026]<\/span><\/p>\n","protected":false},"featured_media":0,"template":"","meta":{"_monsterinsights_skip_tracking":false,"_monsterinsights_sitenote_active":false,"_monsterinsights_sitenote_note":"","_monsterinsights_sitenote_category":0},"product_brand":[],"product_cat":[12274,12284],"product_tag":[],"class_list":{"0":"post-744204","1":"product","2":"type-product","3":"status-publish","5":"product_cat-cocuk-ve-genclik-kitaplari","6":"product_cat-hikayeler","7":"pa_cilt-ciltsiz","8":"pa_tur-kitap","9":"pa_yayinevi-is-bankasi-kultur-yayinlari","10":"pa_yazar-james-maclaine","12":"first","13":"instock","14":"sale","15":"shipping-taxable","16":"purchasable","17":"product-type-simple"},"_links":{"self":[{"href":"https:\/\/roveyayinevi.com.tr\/index.php\/wp-json\/wp\/v2\/product\/744204","targetHints":{"allow":["GET"]}}],"collection":[{"href":"https:\/\/roveyayinevi.com.tr\/index.php\/wp-json\/wp\/v2\/product"}],"about":[{"href":"https:\/\/roveyayinevi.com.tr\/index.php\/wp-json\/wp\/v2\/types\/product"}],"wp:attachment":[{"href":"https:\/\/roveyayinevi.com.tr\/index.php\/wp-json\/wp\/v2\/media?parent=744204"}],"wp:term":[{"taxonomy":"product_brand","embeddable":true,"href":"https:\/\/roveyayinevi.com.tr\/index.php\/wp-json\/wp\/v2\/product_brand?post=744204"},{"taxonomy":"product_cat","embeddable":true,"href":"https:\/\/roveyayinevi.com.tr\/index.php\/wp-json\/wp\/v2\/product_cat?post=744204"},{"taxonomy":"product_tag","embeddable":true,"href":"https:\/\/roveyayinevi.com.tr\/index.php\/wp-json\/wp\/v2\/product_tag?post=744204"}],"curies":[{"name":"wp","href":"https:\/\/api.w.org\/{rel}","templated":true}]}}