{"id":744203,"date":"2025-08-28T01:51:39","date_gmt":"2025-08-27T22:51:39","guid":{"rendered":"https:\/\/roveyayinevi.com.tr\/index.php\/urun\/elif-cevreci-oluyor-arkadasim-elif\/"},"modified":"2026-04-16T02:55:45","modified_gmt":"2026-04-15T23:55:45","slug":"elif-cevreci-oluyor-arkadasim-elif","status":"publish","type":"product","link":"https:\/\/roveyayinevi.com.tr\/index.php\/urun\/elif-cevreci-oluyor-arkadasim-elif\/","title":{"rendered":"Elif \u00c7evreci Oluyor &#8211; Arkada\u015f\u0131m Elif"},"content":{"rendered":"<p>Elif, babas\u0131yla okula giderken etrafa sa\u00e7\u0131lan \u00e7\u00f6pleri g\u00f6r\u00fcnce keyfi ka\u00e7t\u0131. Bu kadar \u00e7ok \u00e7\u00f6p nereden \u00e7\u0131k\u0131yordu? Okulda \u00f6\u011fretmenleri konuyla ilgili \u00e7ocuklar\u0131 bilgilendirdi. \u00c7evre Koruma Haftas\u0131 etkinliklerinde Elif ile arkada\u015flar\u0131 hem \u00e7\u00f6p toplama yar\u0131\u015f\u0131na kat\u0131ld\u0131 hem de g\u00f6ldeki yavru \u00f6rde\u011fin yard\u0131m\u0131na yeti\u015fti. \u00c7evre kahramanlar\u0131n\u0131n maceralar\u0131n\u0131 severek okurken \u00e7evremizi korumak i\u00e7in neler yapabilece\u011fini de g\u00f6rebilirsin. Kitab\u0131n \u00f6nemli bir mesaj\u0131 var: S\u00fcrd\u00fcr\u00fclebilir ya\u015fam\u0131 \u00f6\u011frenebiliriz! <\/p>\n","protected":false},"excerpt":{"rendered":"<p>Elif, babas\u0131yla okula giderken etrafa sa\u00e7\u0131lan \u00e7\u00f6pleri g\u00f6r\u00fcnce keyfi ka\u00e7t\u0131. Bu kadar \u00e7ok \u00e7\u00f6p nereden \u00e7\u0131k\u0131yordu? Okulda \u00f6\u011fretmenleri konuyla ilgili \u00e7ocuklar\u0131 bilgilendirdi. \u00c7evre Koruma Haftas\u0131 etkinliklerinde<span class=\"excerpt-hellip\"> [\u2026]<\/span><\/p>\n","protected":false},"featured_media":0,"template":"","meta":{"_monsterinsights_skip_tracking":false,"_monsterinsights_sitenote_active":false,"_monsterinsights_sitenote_note":"","_monsterinsights_sitenote_category":0},"product_brand":[],"product_cat":[12274,12284],"product_tag":[],"class_list":{"0":"post-744203","1":"product","2":"type-product","3":"status-publish","5":"product_cat-cocuk-ve-genclik-kitaplari","6":"product_cat-hikayeler","7":"pa_cilt-ciltsiz","8":"pa_tur-kitap","9":"pa_yayinevi-is-bankasi-kultur-yayinlari","10":"pa_yazar-liane-schneider","12":"first","13":"instock","14":"sale","15":"shipping-taxable","16":"purchasable","17":"product-type-simple"},"_links":{"self":[{"href":"https:\/\/roveyayinevi.com.tr\/index.php\/wp-json\/wp\/v2\/product\/744203","targetHints":{"allow":["GET"]}}],"collection":[{"href":"https:\/\/roveyayinevi.com.tr\/index.php\/wp-json\/wp\/v2\/product"}],"about":[{"href":"https:\/\/roveyayinevi.com.tr\/index.php\/wp-json\/wp\/v2\/types\/product"}],"wp:attachment":[{"href":"https:\/\/roveyayinevi.com.tr\/index.php\/wp-json\/wp\/v2\/media?parent=744203"}],"wp:term":[{"taxonomy":"product_brand","embeddable":true,"href":"https:\/\/roveyayinevi.com.tr\/index.php\/wp-json\/wp\/v2\/product_brand?post=744203"},{"taxonomy":"product_cat","embeddable":true,"href":"https:\/\/roveyayinevi.com.tr\/index.php\/wp-json\/wp\/v2\/product_cat?post=744203"},{"taxonomy":"product_tag","embeddable":true,"href":"https:\/\/roveyayinevi.com.tr\/index.php\/wp-json\/wp\/v2\/product_tag?post=744203"}],"curies":[{"name":"wp","href":"https:\/\/api.w.org\/{rel}","templated":true}]}}