{"id":744202,"date":"2025-08-28T01:51:38","date_gmt":"2025-08-27T22:51:38","guid":{"rendered":"https:\/\/roveyayinevi.com.tr\/index.php\/urun\/gercek-bir-dahinin-bir-yili\/"},"modified":"2026-04-16T02:55:45","modified_gmt":"2026-04-15T23:55:45","slug":"gercek-bir-dahinin-bir-yili","status":"publish","type":"product","link":"https:\/\/roveyayinevi.com.tr\/index.php\/urun\/gercek-bir-dahinin-bir-yili\/","title":{"rendered":"Ger\u00e7ek Bir Dahinin Bir Y\u0131l\u0131"},"content":{"rendered":"<p>Ben, Arthur A. Bean, \u00fcnl\u00fc olaca\u011f\u0131m. Kolay olmayacak, biliyorum. Ortaokul \u015fimdiden ayak ba\u011f\u0131 oluyor. Ger\u00e7ek a\u015fk\u0131m Kennedy beni fark etmiyor bile ve Bayan Whitehead yarat\u0131c\u0131 deham\u0131 anlam\u0131yor. Ayr\u0131ca Robbie Zack (kendisi tam bir ezik), fikirlerini \u00e7ald\u0131\u011f\u0131m\u0131 d\u00fc\u015f\u00fcn\u00fcyor ama \u00e7alm\u0131yorum. Ba\u015fka birinin yazd\u0131klar\u0131n\u0131 okuduktan sonra bir ilham patlamas\u0131 ya\u015farsan\u0131z bu, kopya \u00e7ekmek say\u0131lmaz. Hem zaten b\u00fct\u00fcn \u00fcnl\u00fc yazarlar\u0131n ayn\u0131 \u015feyi yapt\u0131\u011f\u0131ndan eminim. Ve ben de \u00fcnl\u00fc olaca\u011f\u0131m. Sadece bu seneki \u00f6yk\u00fc yar\u0131\u015fmas\u0131n\u0131 kazanmam gerekiyor&#8230;   Arthur A. Bean\u2019in hayat\u0131n\u0131n bir y\u0131l\u0131na ho\u015f geldiniz. O esprili, kab\u0131na s\u0131\u011fmayan bir \u00e7ocuk&#8230; Ve e\u011fer Robbie tehditlerinde ciddiyse, kafas\u0131n\u0131 tuvalete kapt\u0131rmak \u00fczere. <\/p>\n","protected":false},"excerpt":{"rendered":"<p>Ben, Arthur A. Bean, \u00fcnl\u00fc olaca\u011f\u0131m. Kolay olmayacak, biliyorum. Ortaokul \u015fimdiden ayak ba\u011f\u0131 oluyor. Ger\u00e7ek a\u015fk\u0131m Kennedy beni fark etmiyor bile ve Bayan Whitehead yarat\u0131c\u0131 deham\u0131<span class=\"excerpt-hellip\"> [\u2026]<\/span><\/p>\n","protected":false},"featured_media":0,"template":"","meta":{"_monsterinsights_skip_tracking":false,"_monsterinsights_sitenote_active":false,"_monsterinsights_sitenote_note":"","_monsterinsights_sitenote_category":0},"product_brand":[],"product_cat":[12689,12274],"product_tag":[],"class_list":{"0":"post-744202","1":"product","2":"type-product","3":"status-publish","5":"product_cat-cizgi-roman-cocuk-ve-genclik-kitaplari","6":"product_cat-cocuk-ve-genclik-kitaplari","7":"pa_cilt-ciltsiz","8":"pa_tur-kitap","9":"pa_yayinevi-epsilon-yayinlari","10":"pa_yazar-stacey-matson","12":"first","13":"instock","14":"sale","15":"shipping-taxable","16":"purchasable","17":"product-type-simple"},"_links":{"self":[{"href":"https:\/\/roveyayinevi.com.tr\/index.php\/wp-json\/wp\/v2\/product\/744202","targetHints":{"allow":["GET"]}}],"collection":[{"href":"https:\/\/roveyayinevi.com.tr\/index.php\/wp-json\/wp\/v2\/product"}],"about":[{"href":"https:\/\/roveyayinevi.com.tr\/index.php\/wp-json\/wp\/v2\/types\/product"}],"wp:attachment":[{"href":"https:\/\/roveyayinevi.com.tr\/index.php\/wp-json\/wp\/v2\/media?parent=744202"}],"wp:term":[{"taxonomy":"product_brand","embeddable":true,"href":"https:\/\/roveyayinevi.com.tr\/index.php\/wp-json\/wp\/v2\/product_brand?post=744202"},{"taxonomy":"product_cat","embeddable":true,"href":"https:\/\/roveyayinevi.com.tr\/index.php\/wp-json\/wp\/v2\/product_cat?post=744202"},{"taxonomy":"product_tag","embeddable":true,"href":"https:\/\/roveyayinevi.com.tr\/index.php\/wp-json\/wp\/v2\/product_tag?post=744202"}],"curies":[{"name":"wp","href":"https:\/\/api.w.org\/{rel}","templated":true}]}}