{"id":744199,"date":"2025-08-28T01:51:33","date_gmt":"2025-08-27T22:51:33","guid":{"rendered":"https:\/\/roveyayinevi.com.tr\/index.php\/urun\/annemin-kabarik-etekleri\/"},"modified":"2026-04-16T02:55:45","modified_gmt":"2026-04-15T23:55:45","slug":"annemin-kabarik-etekleri","status":"publish","type":"product","link":"https:\/\/roveyayinevi.com.tr\/index.php\/urun\/annemin-kabarik-etekleri\/","title":{"rendered":"Annemin Kabar\u0131k Etekleri"},"content":{"rendered":"<p>Annemin o kocaman kabar\u0131k etekleri benim g\u00fcven dolu s\u0131\u011f\u0131na\u011f\u0131md\u0131. Ne zaman utan\u0131p s\u0131k\u0131lsam kendimi orada bulurdum.  Hayal \u00e2lemine dal\u0131p her \u015feyi unuturdum. Bazen bir limonata nehrinde y\u00fczer bazen bulutlar\u0131n \u00fczerine \u00e7\u0131kard\u0131m. Oras\u0131 benim herkesten saklad\u0131\u011f\u0131m gizli d\u00fcnyamd\u0131.   Sen de merak ediyorsan hadi durma, tut elimden. Birlikte sayfalarda bir gezintiye \u00e7\u0131kal\u0131m&#8230;   <\/p>\n","protected":false},"excerpt":{"rendered":"<p>Annemin o kocaman kabar\u0131k etekleri benim g\u00fcven dolu s\u0131\u011f\u0131na\u011f\u0131md\u0131. Ne zaman utan\u0131p s\u0131k\u0131lsam kendimi orada bulurdum. Hayal \u00e2lemine dal\u0131p her \u015feyi unuturdum. Bazen bir limonata nehrinde<span class=\"excerpt-hellip\"> [\u2026]<\/span><\/p>\n","protected":false},"featured_media":0,"template":"","meta":{"_monsterinsights_skip_tracking":false,"_monsterinsights_sitenote_active":false,"_monsterinsights_sitenote_note":"","_monsterinsights_sitenote_category":0},"product_brand":[],"product_cat":[12274,12284],"product_tag":[],"class_list":{"0":"post-744199","1":"product","2":"type-product","3":"status-publish","5":"product_cat-cocuk-ve-genclik-kitaplari","6":"product_cat-hikayeler","7":"pa_cilt-ciltsiz","8":"pa_tur-kitap","9":"pa_yayinevi-ucan-fil-yayinlari","10":"pa_yazar-elif-demirbolat-aksoy","12":"first","13":"instock","14":"sale","15":"shipping-taxable","16":"purchasable","17":"product-type-simple"},"_links":{"self":[{"href":"https:\/\/roveyayinevi.com.tr\/index.php\/wp-json\/wp\/v2\/product\/744199","targetHints":{"allow":["GET"]}}],"collection":[{"href":"https:\/\/roveyayinevi.com.tr\/index.php\/wp-json\/wp\/v2\/product"}],"about":[{"href":"https:\/\/roveyayinevi.com.tr\/index.php\/wp-json\/wp\/v2\/types\/product"}],"wp:attachment":[{"href":"https:\/\/roveyayinevi.com.tr\/index.php\/wp-json\/wp\/v2\/media?parent=744199"}],"wp:term":[{"taxonomy":"product_brand","embeddable":true,"href":"https:\/\/roveyayinevi.com.tr\/index.php\/wp-json\/wp\/v2\/product_brand?post=744199"},{"taxonomy":"product_cat","embeddable":true,"href":"https:\/\/roveyayinevi.com.tr\/index.php\/wp-json\/wp\/v2\/product_cat?post=744199"},{"taxonomy":"product_tag","embeddable":true,"href":"https:\/\/roveyayinevi.com.tr\/index.php\/wp-json\/wp\/v2\/product_tag?post=744199"}],"curies":[{"name":"wp","href":"https:\/\/api.w.org\/{rel}","templated":true}]}}