{"id":744195,"date":"2025-08-28T01:51:28","date_gmt":"2025-08-27T22:51:28","guid":{"rendered":"https:\/\/roveyayinevi.com.tr\/index.php\/urun\/eglenceli-oyunlarla-ilk-okuma-kitaplarim-set-10-kitap\/"},"modified":"2026-04-16T02:55:45","modified_gmt":"2026-04-15T23:55:45","slug":"eglenceli-oyunlarla-ilk-okuma-kitaplarim-set-10-kitap","status":"publish","type":"product","link":"https:\/\/roveyayinevi.com.tr\/index.php\/urun\/eglenceli-oyunlarla-ilk-okuma-kitaplarim-set-10-kitap\/","title":{"rendered":"E\u011flenceli Oyunlarla \u0130lk Okuma Kitaplar\u0131m -Set (10 Kitap)"},"content":{"rendered":"<p>Haz\u0131rsan heyecan verici bir yolculuk ba\u015fl\u0131yor. \u00c7\u00fcnk\u00fc okumay\u0131 \u00f6\u011freniyorsun. Harfleri, kelimeleri, c\u00fcmleleri sab\u0131rla birle\u015ftirecek, hik\u00e2yelere ula\u015facaks\u0131n. Bu kitaplarda sadece ne\u015feli hik\u00e2yeler yok, kat\u0131labilece\u011fin oyunlar da seni bekliyor.Madem ilk kitaplar\u0131n\u0131 okuyorsun, bunu g\u00fcle oynaya yapmaya ne dersin? O zaman hik\u00e2ye kahramanlar\u0131m\u0131z \u0130brahim, Halil, Elif ve di\u011ferleri seni bekliyor. Haydi, onlar\u0131 \u00e7ok bekletme! <\/p>\n","protected":false},"excerpt":{"rendered":"<p>Haz\u0131rsan heyecan verici bir yolculuk ba\u015fl\u0131yor. \u00c7\u00fcnk\u00fc okumay\u0131 \u00f6\u011freniyorsun. Harfleri, kelimeleri, c\u00fcmleleri sab\u0131rla birle\u015ftirecek, hik\u00e2yelere ula\u015facaks\u0131n. Bu kitaplarda sadece ne\u015feli hik\u00e2yeler yok, kat\u0131labilece\u011fin oyunlar da seni<span class=\"excerpt-hellip\"> [\u2026]<\/span><\/p>\n","protected":false},"featured_media":0,"template":"","meta":{"_monsterinsights_skip_tracking":false,"_monsterinsights_sitenote_active":false,"_monsterinsights_sitenote_note":"","_monsterinsights_sitenote_category":0},"product_brand":[],"product_cat":[12275,12274],"product_tag":[],"class_list":{"0":"post-744195","1":"product","2":"type-product","3":"status-publish","5":"product_cat-6-12-yas-kitaplari","6":"product_cat-cocuk-ve-genclik-kitaplari","7":"pa_cilt-set","8":"pa_tur-kitap","9":"pa_yayinevi-mavi-kirpi-yayinlari","10":"pa_yazar-serpil-kaya","12":"first","13":"instock","14":"sale","15":"shipping-taxable","16":"purchasable","17":"product-type-simple"},"_links":{"self":[{"href":"https:\/\/roveyayinevi.com.tr\/index.php\/wp-json\/wp\/v2\/product\/744195","targetHints":{"allow":["GET"]}}],"collection":[{"href":"https:\/\/roveyayinevi.com.tr\/index.php\/wp-json\/wp\/v2\/product"}],"about":[{"href":"https:\/\/roveyayinevi.com.tr\/index.php\/wp-json\/wp\/v2\/types\/product"}],"wp:attachment":[{"href":"https:\/\/roveyayinevi.com.tr\/index.php\/wp-json\/wp\/v2\/media?parent=744195"}],"wp:term":[{"taxonomy":"product_brand","embeddable":true,"href":"https:\/\/roveyayinevi.com.tr\/index.php\/wp-json\/wp\/v2\/product_brand?post=744195"},{"taxonomy":"product_cat","embeddable":true,"href":"https:\/\/roveyayinevi.com.tr\/index.php\/wp-json\/wp\/v2\/product_cat?post=744195"},{"taxonomy":"product_tag","embeddable":true,"href":"https:\/\/roveyayinevi.com.tr\/index.php\/wp-json\/wp\/v2\/product_tag?post=744195"}],"curies":[{"name":"wp","href":"https:\/\/api.w.org\/{rel}","templated":true}]}}