{"id":744193,"date":"2025-08-28T01:51:25","date_gmt":"2025-08-27T22:51:25","guid":{"rendered":"https:\/\/roveyayinevi.com.tr\/index.php\/urun\/canavar-olmanin-zorluklari\/"},"modified":"2026-04-13T03:02:37","modified_gmt":"2026-04-13T00:02:37","slug":"canavar-olmanin-zorluklari","status":"publish","type":"product","link":"https:\/\/roveyayinevi.com.tr\/index.php\/urun\/canavar-olmanin-zorluklari\/","title":{"rendered":"Canavar Olman\u0131n Zorluklar\u0131"},"content":{"rendered":"<p>Canavarlar d\u00fcnyas\u0131nda ya\u015famak hi\u00e7 de kolay de\u011fil. Her birinin kendisine verilen be\u015f canavarl\u0131kg\u00f6revini tamamlay\u0131p \u201ccanavar\u201d unvan\u0131n\u0131 almas\u0131 gerekiyor. Fakat t\u00fcm bunlar Modivar i\u00e7in heyecanverici de\u011fil. O kimseyi korkutmak ya da \u201cB\u00f6\u00f6\u00f6\u00f6\u201d diye ba\u011f\u0131rmak istemiyor. \u0130stedi\u011fi gibi bir canavarolmak istiyor. Ancak bu iste\u011finin ise ne canavarlar d\u00fcnyas\u0131nda ne de insanlar d\u00fcnyas\u0131nda yeri yok.Neyse ki onu oldu\u011fu gibi seven dostlar\u0131 var. \u0130nsan yavrusu Bige ve canavar yavrusu Selivar zorlug\u00f6revlerde onun hep yan\u0131nda.Peki bu g\u00f6revleri ba\u015farabilecekler mi? Merak edenler maceraya hemen kat\u0131labilir\u2026<\/p>\n","protected":false},"excerpt":{"rendered":"<p>Canavarlar d\u00fcnyas\u0131nda ya\u015famak hi\u00e7 de kolay de\u011fil. Her birinin kendisine verilen be\u015f canavarl\u0131kg\u00f6revini tamamlay\u0131p \u201ccanavar\u201d unvan\u0131n\u0131 almas\u0131 gerekiyor. Fakat t\u00fcm bunlar Modivar i\u00e7in heyecanverici de\u011fil. O<span class=\"excerpt-hellip\"> [\u2026]<\/span><\/p>\n","protected":false},"featured_media":0,"template":"","meta":{"_monsterinsights_skip_tracking":false,"_monsterinsights_sitenote_active":false,"_monsterinsights_sitenote_note":"","_monsterinsights_sitenote_category":0},"product_brand":[],"product_cat":[12275,12274],"product_tag":[],"class_list":{"0":"post-744193","1":"product","2":"type-product","3":"status-publish","5":"product_cat-6-12-yas-kitaplari","6":"product_cat-cocuk-ve-genclik-kitaplari","7":"pa_cilt-ciltsiz","8":"pa_tur-kitap","9":"pa_yayinevi-timas-cocuk","10":"pa_yazar-seniz-bas","12":"first","13":"instock","14":"sale","15":"shipping-taxable","16":"purchasable","17":"product-type-simple"},"_links":{"self":[{"href":"https:\/\/roveyayinevi.com.tr\/index.php\/wp-json\/wp\/v2\/product\/744193","targetHints":{"allow":["GET"]}}],"collection":[{"href":"https:\/\/roveyayinevi.com.tr\/index.php\/wp-json\/wp\/v2\/product"}],"about":[{"href":"https:\/\/roveyayinevi.com.tr\/index.php\/wp-json\/wp\/v2\/types\/product"}],"wp:attachment":[{"href":"https:\/\/roveyayinevi.com.tr\/index.php\/wp-json\/wp\/v2\/media?parent=744193"}],"wp:term":[{"taxonomy":"product_brand","embeddable":true,"href":"https:\/\/roveyayinevi.com.tr\/index.php\/wp-json\/wp\/v2\/product_brand?post=744193"},{"taxonomy":"product_cat","embeddable":true,"href":"https:\/\/roveyayinevi.com.tr\/index.php\/wp-json\/wp\/v2\/product_cat?post=744193"},{"taxonomy":"product_tag","embeddable":true,"href":"https:\/\/roveyayinevi.com.tr\/index.php\/wp-json\/wp\/v2\/product_tag?post=744193"}],"curies":[{"name":"wp","href":"https:\/\/api.w.org\/{rel}","templated":true}]}}